{"id":43115,"date":"2024-05-17T05:21:30","date_gmt":"2024-05-17T05:21:30","guid":{"rendered":"https:\/\/ofm4x4.com\/shop\/non%20class\u00e9\/roue-en-acier-16x7j-6x139-7-et-25-off-road-pour-nissan-mitsubishi-opel-toyota-ford\/"},"modified":"2025-09-24T09:58:17","modified_gmt":"2025-09-24T09:58:17","slug":"roue-en-acier-16x7j-6x139-7-et-25-off-road-pour-nissan-mitsubishi-opel-toyota-ford","status":"publish","type":"product","link":"https:\/\/ofm4x4.com\/fr\/shop\/roues-en-acier\/roue-en-acier-16x7j-6x139-7-et-25-off-road-pour-nissan-mitsubishi-opel-toyota-ford\/","title":{"rendered":"Roue en acier 16x7J 6\u00d7139.7 ET -25 Off-Road pour Nissan, Mitsubishi, Opel, Toyota, Ford"},"content":{"rendered":"<div id=\"\" ali-anchor-alimagic-6rxnu8=\"\" class=\"\" magic-0=\"\" data-section=\"\"AliMagic-6rxnu8\"\" data-section-title=\"\"Product\" data-spm-anchor-id=\"\"a2700.details.pronpeci14.i0.7ae070497Niwca\"\">\n<h3 data-start=\"0\" data-end=\"21\">Sp\u00e9cifications :<\/h3>\n<ul data-start=\"23\" data-end=\"198\">\n<li data-start=\"23\" data-end=\"44\"><strong data-start=\"25\" data-end=\"38\">Diam\u00e8tre :<\/strong> R16<\/li>\n<li data-start=\"45\" data-end=\"62\"><strong data-start=\"47\" data-end=\"57\">Largeur :<\/strong> 7J<\/li>\n<li data-start=\"63\" data-end=\"87\"><strong data-start=\"65\" data-end=\"81\">ET (d\u00e9calage) :<\/strong> -25<\/li>\n<li data-start=\"88\" data-end=\"125\"><strong data-start=\"90\" data-end=\"113\">PCD (sch\u00e9ma de boulonnage) :<\/strong> 6 x 139.7<\/li>\n<li data-start=\"126\" data-end=\"146\"><strong data-start=\"128\" data-end=\"138\">Couleur :<\/strong> Noir<\/li>\n<li data-start=\"147\" data-end=\"176\"><strong data-start=\"149\" data-end=\"170\">CB (Center Bore) :<\/strong> 110<\/li>\n<li data-start=\"177\" data-end=\"198\"><strong data-start=\"179\" data-end=\"189\">Mod\u00e8le :<\/strong> OFM025<\/li>\n<\/ul>\n<p data-start=\"200\" data-end=\"355\">\u26a0\ufe0f Ces roues <strong data-start=\"220\" data-end=\"236\">ne<\/strong> sont <strong data-start=\"220\" data-end=\"236\">pas<\/strong> <strong data-start=\"265\" data-end=\"298\">homologu\u00e9es<\/strong> pour une utilisation sur la voie publique et <strong data-start=\"265\" data-end=\"298\">n&rsquo;ont pas de certification RAR<\/strong>.<br data-start=\"299\" data-end=\"302\">Elles sont con\u00e7ues exclusivement pour une <strong data-start=\"336\" data-end=\"352\" data-is-only-node=\"\">utilisation tout-terrain<\/strong>.<\/p>\n<ul data-start=\"357\" data-end=\"751\">\n<li data-start=\"357\" data-end=\"481\"><strong data-start=\"359\" data-end=\"399\">Roues en acier \u00e0 d\u00e9coupe triangulaire<\/strong>, d&rsquo;un diam\u00e8tre de 16 pouces et d&rsquo;une largeur de 7 pouces, con\u00e7ues pour les v\u00e9hicules tout-terrain.<\/li>\n<li data-start=\"482\" data-end=\"555\">Le produit est <strong data-start=\"499\" data-end=\"522\">rev\u00eatu d&rsquo;une couche de poudre noire<\/strong>, ce qui am\u00e9liore la r\u00e9sistance aux rayures.<\/li>\n<li data-start=\"556\" data-end=\"751\">Le <strong data-start=\"562\" data-end=\"594\">talon a un \u00e9paulement n\u00e9gatif<\/strong>, ce qui positionne la roue plus \u00e0 l&rsquo;ext\u00e9rieur par rapport au moyeu, ce qui am\u00e9liore la stabilit\u00e9 du v\u00e9hicule et offre plus d&rsquo;espace pour les <strong data-start=\"720\" data-end=\"748\">pneus tout-terrain surdimensionn\u00e9s<\/strong>.<\/li>\n<\/ul>\n<p data-start=\"753\" data-end=\"938\" data-is-last-node=\"\" data-is-only-node=\"\">\ud83d\udd39 <strong data-start=\"756\" data-end=\"765\">Note :<\/strong> Sur certains mod\u00e8les de v\u00e9hicules, il peut y avoir une diff\u00e9rence entre l&rsquo;al\u00e9sage central de la roue (CB) et le diam\u00e8tre du moyeu, ce qui n\u00e9cessite l&rsquo;utilisation de <strong data-start=\"899\" data-end=\"918\">bagues de centrage<\/strong> pour un montage correct.<\/p>\n<\/div>\n","protected":false},"excerpt":{"rendered":"<p data-start=\"0\" data-end=\"90\"><strong data-start=\"0\" data-end=\"88\">Roue en acier 16X7J 6\u00d7139.7 ET -25 Off-Road pour Nissan, Mitsubishi, Opel, Toyota, Ford<\/strong><\/p>\n<p data-start=\"92\" data-end=\"193\">\u26a0\ufe0f Ces roues <strong data-start=\"112\" data-end=\"128\">ne<\/strong> sont pas <strong data-start=\"157\" data-end=\"190\">homologu\u00e9es<\/strong> pour une utilisation sur la voie publique et <strong data-start=\"157\" data-end=\"190\">n&rsquo;ont pas de certification RAR<\/strong>.<\/p>\n<p data-start=\"195\" data-end=\"246\" data-is-last-node=\"\" data-is-only-node=\"\">Ils sont con\u00e7us exclusivement pour une <strong data-start=\"229\" data-end=\"245\">utilisation hors route.<\/strong><\/p>\n","protected":false},"featured_media":35879,"comment_status":"open","ping_status":"closed","template":"","meta":[],"product_brand":[1279],"product_cat":[4625],"product_tag":[3813,3624,3623],"class_list":{"0":"post-43115","1":"product","2":"type-product","3":"status-publish","4":"has-post-thumbnail","6":"product_brand-ofm4x4","7":"product_cat-roues-en-acier","8":"product_tag-16x7j-fr","9":"product_tag-6x139-7-et-25-fr","10":"product_tag-roue-en-acier","11":"product_shipping_class-alte-produse-fr","13":"first","14":"instock","15":"taxable","16":"shipping-taxable","17":"purchasable","18":"product-type-simple"},"_links":{"self":[{"href":"https:\/\/ofm4x4.com\/fr\/wp-json\/wp\/v2\/product\/43115","targetHints":{"allow":["GET"]}}],"collection":[{"href":"https:\/\/ofm4x4.com\/fr\/wp-json\/wp\/v2\/product"}],"about":[{"href":"https:\/\/ofm4x4.com\/fr\/wp-json\/wp\/v2\/types\/product"}],"replies":[{"embeddable":true,"href":"https:\/\/ofm4x4.com\/fr\/wp-json\/wp\/v2\/comments?post=43115"}],"version-history":[{"count":1,"href":"https:\/\/ofm4x4.com\/fr\/wp-json\/wp\/v2\/product\/43115\/revisions"}],"predecessor-version":[{"id":43121,"href":"https:\/\/ofm4x4.com\/fr\/wp-json\/wp\/v2\/product\/43115\/revisions\/43121"}],"wp:featuredmedia":[{"embeddable":true,"href":"https:\/\/ofm4x4.com\/fr\/wp-json\/wp\/v2\/media\/35879"}],"wp:attachment":[{"href":"https:\/\/ofm4x4.com\/fr\/wp-json\/wp\/v2\/media?parent=43115"}],"wp:term":[{"taxonomy":"product_brand","embeddable":true,"href":"https:\/\/ofm4x4.com\/fr\/wp-json\/wp\/v2\/product_brand?post=43115"},{"taxonomy":"product_cat","embeddable":true,"href":"https:\/\/ofm4x4.com\/fr\/wp-json\/wp\/v2\/product_cat?post=43115"},{"taxonomy":"product_tag","embeddable":true,"href":"https:\/\/ofm4x4.com\/fr\/wp-json\/wp\/v2\/product_tag?post=43115"}],"curies":[{"name":"wp","href":"https:\/\/api.w.org\/{rel}","templated":true}]}}