{"id":43132,"date":"2024-04-11T08:37:17","date_gmt":"2024-04-11T08:37:17","guid":{"rendered":"https:\/\/ofm4x4.com\/shop\/non%20class\u00e9\/ofm118-entretoise-de-roue-30mm-5x114-3-m12x1-5mm-cb-64-1-avec-anneau-de-centrage-pour-freelander-1-honda-cr-v\/"},"modified":"2025-09-24T09:58:21","modified_gmt":"2025-09-24T09:58:21","slug":"ofm118-entretoise-de-roue-30mm-5x114-3-m12x1-5mm-cb-64-1-avec-anneau-de-centrage-pour-freelander-1-honda-cr-v","status":"publish","type":"product","link":"https:\/\/ofm4x4.com\/fr\/shop\/cales-de-roue\/ofm118-entretoise-de-roue-30mm-5x114-3-m12x1-5mm-cb-64-1-avec-anneau-de-centrage-pour-freelander-1-honda-cr-v\/","title":{"rendered":"OFM118 Entretoise de roue 30mm 5&#215;114.3 M12x1.5mm CB 64.1 avec anneau de centrage pour Freelander 1, Honda CR-V"},"content":{"rendered":"<p data-start=\"0\" data-end=\"207\">Les entretoises de roues sont fabriqu\u00e9es en duralumin sp\u00e9cial et r\u00e9pondent aux exigences de qualit\u00e9 et de s\u00e9curit\u00e9 requises. Elles am\u00e9liorent la stabilit\u00e9 du v\u00e9hicule apr\u00e8s l&rsquo;installation d&rsquo;une suspension et de roues plus grandes. <\/p>\n<ul data-start=\"209\" data-end=\"404\">\n<li data-start=\"209\" data-end=\"236\"><strong data-start=\"211\" data-end=\"230\">Anneau de centrage :<\/strong> Oui<\/li>\n<li data-start=\"237\" data-end=\"260\"><strong data-start=\"239\" data-end=\"253\">\u00c9paisseur :<\/strong> 30mm<\/li>\n<li data-start=\"261\" data-end=\"290\"><strong data-start=\"263\" data-end=\"280\">Sch\u00e9ma de boulonnage :<\/strong> 5&#215;114.3<\/li>\n<li data-start=\"291\" data-end=\"321\"><strong data-start=\"293\" data-end=\"309\">Taille du filetage :<\/strong> M12 x 1,5<\/li>\n<li data-start=\"322\" data-end=\"348\"><strong data-start=\"324\" data-end=\"337\">Mat\u00e9riau :<\/strong> Aluminium<\/li>\n<li data-start=\"349\" data-end=\"381\"><strong data-start=\"351\" data-end=\"372\">Al\u00e9sage central (CB) :<\/strong> 64,1 mm<\/li>\n<li data-start=\"382\" data-end=\"404\"><strong data-start=\"384\" data-end=\"394\">Mod\u00e8le :<\/strong> OFM 118<\/li>\n<\/ul>\n<p data-start=\"406\" data-end=\"426\" data-is-last-node=\"\" data-is-only-node=\"\"><strong data-start=\"406\" data-end=\"426\" data-is-last-node=\"\">Prix par pi\u00e8ce.<\/strong><\/p>\n","protected":false},"excerpt":{"rendered":"<p>Entretoises de roue 30mm 5&#215;114.3 M12x1.5mm CB 64.1 avec anneau de centrage<\/p>\n","protected":false},"featured_media":35913,"comment_status":"open","ping_status":"closed","template":"","meta":[],"product_brand":[1279],"product_cat":[4610],"product_tag":[4002,4187,4982,5012,3762,5013,5014,3688,5011],"class_list":{"0":"post-43132","1":"product","2":"type-product","3":"status-publish","4":"has-post-thumbnail","6":"product_brand-ofm4x4","7":"product_cat-cales-de-roue","8":"product_tag-30mm-fr","9":"product_tag-5x114-3-fr","10":"product_tag-brides-decartement-de-roue","11":"product_tag-cb-64-1","12":"product_tag-centering-ring-fr","13":"product_tag-freelander-1","14":"product_tag-honda-cr-v","15":"product_tag-m12x15mm","16":"product_tag-ofm118","17":"product_shipping_class-produse-usoare-set-fr","19":"first","20":"instock","21":"taxable","22":"shipping-taxable","23":"purchasable","24":"product-type-simple"},"_links":{"self":[{"href":"https:\/\/ofm4x4.com\/fr\/wp-json\/wp\/v2\/product\/43132","targetHints":{"allow":["GET"]}}],"collection":[{"href":"https:\/\/ofm4x4.com\/fr\/wp-json\/wp\/v2\/product"}],"about":[{"href":"https:\/\/ofm4x4.com\/fr\/wp-json\/wp\/v2\/types\/product"}],"replies":[{"embeddable":true,"href":"https:\/\/ofm4x4.com\/fr\/wp-json\/wp\/v2\/comments?post=43132"}],"version-history":[{"count":1,"href":"https:\/\/ofm4x4.com\/fr\/wp-json\/wp\/v2\/product\/43132\/revisions"}],"predecessor-version":[{"id":43133,"href":"https:\/\/ofm4x4.com\/fr\/wp-json\/wp\/v2\/product\/43132\/revisions\/43133"}],"wp:featuredmedia":[{"embeddable":true,"href":"https:\/\/ofm4x4.com\/fr\/wp-json\/wp\/v2\/media\/35913"}],"wp:attachment":[{"href":"https:\/\/ofm4x4.com\/fr\/wp-json\/wp\/v2\/media?parent=43132"}],"wp:term":[{"taxonomy":"product_brand","embeddable":true,"href":"https:\/\/ofm4x4.com\/fr\/wp-json\/wp\/v2\/product_brand?post=43132"},{"taxonomy":"product_cat","embeddable":true,"href":"https:\/\/ofm4x4.com\/fr\/wp-json\/wp\/v2\/product_cat?post=43132"},{"taxonomy":"product_tag","embeddable":true,"href":"https:\/\/ofm4x4.com\/fr\/wp-json\/wp\/v2\/product_tag?post=43132"}],"curies":[{"name":"wp","href":"https:\/\/api.w.org\/{rel}","templated":true}]}}