{"id":43135,"date":"2024-02-15T07:28:24","date_gmt":"2024-02-15T07:28:24","guid":{"rendered":"https:\/\/ofm4x4.com\/shop\/non%20class\u00e9\/treuil-electrique-grizzly-13-500-lbs-1501-avec-cable-synthetique\/"},"modified":"2025-09-24T09:58:29","modified_gmt":"2025-09-24T09:58:29","slug":"treuil-electrique-grizzly-13-500-lbs-1501-avec-cable-synthetique","status":"publish","type":"product","link":"https:\/\/ofm4x4.com\/fr\/shop\/treuils-electriques\/treuil-electrique-grizzly-13-500-lbs-1501-avec-cable-synthetique\/","title":{"rendered":"Treuil \u00e9lectrique Grizzly 13.500 lbs 150:1 avec c\u00e2ble synth\u00e9tique"},"content":{"rendered":"<p data-start=\"0\" data-end=\"71\"><strong data-start=\"0\" data-end=\"69\">Treuil \u00e9lectrique 13.500 lbs 150:1 Treuil Grizzly avec c\u00e2ble synth\u00e9tique<\/strong><\/p>\n<ul data-start=\"73\" data-end=\"593\" data-is-only-node=\"\" data-is-last-node=\"\">\n<li data-start=\"73\" data-end=\"119\"><strong data-start=\"75\" data-end=\"95\">Capacit\u00e9 de remorquage :<\/strong> 13.500 lbs (6,123 kg)<\/li>\n<li data-start=\"120\" data-end=\"159\"><strong data-start=\"122\" data-end=\"131\">Corde :<\/strong> synth\u00e9tique, 25 m x \u00d8 10 mm<\/li>\n<li data-start=\"160\" data-end=\"208\"><strong data-start=\"162\" data-end=\"181\">Module de contr\u00f4le :<\/strong> Position fixe (centrale)<\/li>\n<li data-start=\"209\" data-end=\"239\"><strong data-start=\"211\" data-end=\"221\">Moteur :<\/strong> 6,8 CV (5,2 kW)<\/li>\n<li data-start=\"240\" data-end=\"260\"><strong data-start=\"242\" data-end=\"254\">Tension :<\/strong> 12V<\/li>\n<li data-start=\"261\" data-end=\"305\"><strong data-start=\"263\" data-end=\"280\">Transmission :<\/strong> engrenage plan\u00e9taire \u00e0 3 \u00e9tages<\/li>\n<li data-start=\"306\" data-end=\"331\"><strong data-start=\"308\" data-end=\"323\">Rapport de d\u00e9multiplication :<\/strong> 150:1<\/li>\n<li data-start=\"332\" data-end=\"371\"><strong data-start=\"334\" data-end=\"345\">Embrayage :<\/strong> Engagement\/d\u00e9sengagement manuel<\/li>\n<li data-start=\"372\" data-end=\"396\"><strong data-start=\"374\" data-end=\"384\">Frein :<\/strong> Automatique<\/li>\n<li data-start=\"397\" data-end=\"429\"><strong data-start=\"399\" data-end=\"412\">Fairlead :<\/strong> Aluminium Hawse<\/li>\n<li data-start=\"430\" data-end=\"480\"><strong data-start=\"432\" data-end=\"453\">Dimensions du treuil :<\/strong> 623 mm x 174 mm x 222 mm<\/li>\n<li data-start=\"481\" data-end=\"508\"><strong data-start=\"483\" data-end=\"500\">Poids du treuil :<\/strong> 29 kg<\/li>\n<li data-start=\"509\" data-end=\"557\"><strong data-start=\"511\" data-end=\"537\">Sch\u00e9ma des boulons de montage :<\/strong> 254 mm x 114,3 mm<\/li>\n<li data-start=\"558\" data-end=\"593\" data-is-last-node=\"\"><strong data-start=\"560\" data-end=\"582\">Charge maximale sur le c\u00e2ble :<\/strong> 6 123 kg<\/li>\n<\/ul>\n","protected":false},"excerpt":{"rendered":"<p><strong data-start=\"0\" data-end=\"69\">Treuil \u00e9lectrique 13.500 lbs 150:1 Treuil Grizzly avec c\u00e2ble synth\u00e9tique<\/strong><\/p>\n","protected":false},"featured_media":35961,"comment_status":"open","ping_status":"closed","template":"","meta":[],"product_brand":[1308],"product_cat":[4595],"product_tag":[5017,4484,3738,3739,4020],"class_list":{"0":"post-43135","1":"product","2":"type-product","3":"status-publish","4":"has-post-thumbnail","6":"product_brand-grizzly-winch","7":"product_cat-treuils-electriques","8":"product_tag-13-500-lbs","9":"product_tag-1501-fr","10":"product_tag-electric-winch-fr","11":"product_tag-grizzly-winch-fr","12":"product_tag-synthetic-rope-fr","13":"product_shipping_class-alte-produse-fr","15":"first","16":"outofstock","17":"taxable","18":"shipping-taxable","19":"purchasable","20":"product-type-simple"},"_links":{"self":[{"href":"https:\/\/ofm4x4.com\/fr\/wp-json\/wp\/v2\/product\/43135","targetHints":{"allow":["GET"]}}],"collection":[{"href":"https:\/\/ofm4x4.com\/fr\/wp-json\/wp\/v2\/product"}],"about":[{"href":"https:\/\/ofm4x4.com\/fr\/wp-json\/wp\/v2\/types\/product"}],"replies":[{"embeddable":true,"href":"https:\/\/ofm4x4.com\/fr\/wp-json\/wp\/v2\/comments?post=43135"}],"version-history":[{"count":1,"href":"https:\/\/ofm4x4.com\/fr\/wp-json\/wp\/v2\/product\/43135\/revisions"}],"predecessor-version":[{"id":43146,"href":"https:\/\/ofm4x4.com\/fr\/wp-json\/wp\/v2\/product\/43135\/revisions\/43146"}],"wp:featuredmedia":[{"embeddable":true,"href":"https:\/\/ofm4x4.com\/fr\/wp-json\/wp\/v2\/media\/35961"}],"wp:attachment":[{"href":"https:\/\/ofm4x4.com\/fr\/wp-json\/wp\/v2\/media?parent=43135"}],"wp:term":[{"taxonomy":"product_brand","embeddable":true,"href":"https:\/\/ofm4x4.com\/fr\/wp-json\/wp\/v2\/product_brand?post=43135"},{"taxonomy":"product_cat","embeddable":true,"href":"https:\/\/ofm4x4.com\/fr\/wp-json\/wp\/v2\/product_cat?post=43135"},{"taxonomy":"product_tag","embeddable":true,"href":"https:\/\/ofm4x4.com\/fr\/wp-json\/wp\/v2\/product_tag?post=43135"}],"curies":[{"name":"wp","href":"https:\/\/api.w.org\/{rel}","templated":true}]}}