{"id":43169,"date":"2023-10-19T10:36:24","date_gmt":"2023-10-19T10:36:24","guid":{"rendered":"https:\/\/ofm4x4.com\/shop\/non%20class\u00e9\/snorkel-pour-nissan-patrol-y60\/"},"modified":"2025-09-24T09:58:32","modified_gmt":"2025-09-24T09:58:32","slug":"snorkel-pour-nissan-patrol-y60","status":"publish","type":"product","link":"https:\/\/ofm4x4.com\/fr\/shop\/snorkel\/snorkel-pour-nissan-patrol-y60\/","title":{"rendered":"Snorkel pour Nissan Patrol Y60"},"content":{"rendered":"<h3 data-start=\"0\" data-end=\"64\">Snorkel pour Nissan Patrol Y60 &#8211; Am\u00e9lioration Off-Road essentielle<\/h3>\n<h4 data-start=\"66\" data-end=\"115\"><strong data-start=\"71\" data-end=\"113\">Alimentation en air pur et protection \u00e9tendue<\/strong><\/h4>\n<p data-start=\"116\" data-end=\"555\">Le snorkel agit comme un canal d&rsquo;admission d&rsquo;air propre, en augmentant la hauteur d&rsquo;admission d&rsquo;air du v\u00e9hicule. Strat\u00e9giquement positionn\u00e9 le long de la carrosserie, il permet au Nissan Patrol Y60 d&rsquo;aspirer l&rsquo;air \u00e0 un niveau plus \u00e9lev\u00e9, \u00e9vitant ainsi l&rsquo;ingestion d&rsquo;eau ou de poussi\u00e8re dans des conditions difficiles telles que la travers\u00e9e d&rsquo;eaux profondes ou de terrains rocailleux. En r\u00e9duisant le risque de p\u00e9n\u00e9tration de particules nocives dans le moteur, le snorkel contribue \u00e0 prolonger la dur\u00e9e de vie du moteur et \u00e0 maintenir des performances optimales.  <\/p>\n<h4 data-start=\"557\" data-end=\"600\"><strong data-start=\"562\" data-end=\"598\">Construction durable et r\u00e9siliente<\/strong><\/h4>\n<p data-start=\"601\" data-end=\"886\">Fabriqu\u00e9 \u00e0 partir de mat\u00e9riaux de haute qualit\u00e9, le snorkel Nissan Patrol Y60 est con\u00e7u pour r\u00e9sister \u00e0 des conditions extr\u00eames. Sa r\u00e9sistance \u00e0 la corrosion et la robustesse de sa structure en font un outil id\u00e9al pour les d\u00e9fis tout-terrain, garantissant une durabilit\u00e9 \u00e0 long terme dans divers environnements et conditions m\u00e9t\u00e9orologiques. <\/p>\n<h4 data-start=\"888\" data-end=\"928\"><strong data-start=\"893\" data-end=\"926\">Am\u00e9lioration des performances hors route<\/strong><\/h4>\n<p data-start=\"929\" data-end=\"1260\">En fournissant un flux constant d&rsquo;air frais au moteur, le snorkel am\u00e9liore les performances dans les conditions difficiles du tout-terrain. Cela devient crucial lorsque vous vous attaquez \u00e0 des pentes raides, \u00e0 des travers\u00e9es d&rsquo;eau profonde ou \u00e0 des pistes boueuses. L&rsquo;acc\u00e8s \u00e0 un air propre ininterrompu garantit un fonctionnement efficace du moteur, m\u00eame dans les conditions de conduite les plus extr\u00eames.  <\/p>\n<h4 data-start=\"1262\" data-end=\"1313\"><strong data-start=\"1267\" data-end=\"1311\">Installation facile et accessoires complets<\/strong><\/h4>\n<p data-start=\"1314\" data-end=\"1622\">Le snorkel du Nissan Patrol Y60 est g\u00e9n\u00e9ralement livr\u00e9 avec un kit d&rsquo;installation complet et des instructions d\u00e9taill\u00e9es, ce qui rend le processus accessible m\u00eame aux conducteurs moins exp\u00e9riment\u00e9s. Gr\u00e2ce aux accessoires inclus, tels que les colliers, les vis et les joints, les propri\u00e9taires peuvent facilement terminer l&rsquo;installation, en garantissant un ajustement s\u00fbr et correct. <\/p>\n<h4 data-start=\"1624\" data-end=\"1670\"><strong data-start=\"1629\" data-end=\"1668\">Apparence audacieuse et identit\u00e9 tout-terrain<\/strong><\/h4>\n<p data-start=\"1671\" data-end=\"1991\">Au-del\u00e0 de la fonctionnalit\u00e9, le snorkel est une d\u00e9claration de style pour le Nissan Patrol Y60. Son design a\u00e9rodynamique et son int\u00e9gration parfaite \u00e0 la carrosserie du v\u00e9hicule lui conf\u00e8rent une allure robuste, pr\u00eate pour l&rsquo;aventure. Cette apparence distincte refl\u00e8te la passion du propri\u00e9taire pour l&rsquo;exploration tout-terrain, ajoutant une touche personnelle \u00e0 son v\u00e9hicule.  <\/p>\n<h4 data-start=\"1993\" data-end=\"2014\"><strong data-start=\"1998\" data-end=\"2012\">Conclusion<\/strong><\/h4>\n<p data-start=\"2015\" data-end=\"2481\" data-is-last-node=\"\" data-is-only-node=\"\">En r\u00e9sum\u00e9, le snorkel pour le Nissan Patrol Y60 est plus qu&rsquo;un simple accessoire tout-terrain : c&rsquo;est un compagnon essentiel pour affronter les terrains difficiles. Alliant fonctionnalit\u00e9, durabilit\u00e9 et design attrayant, il am\u00e9liore consid\u00e9rablement les performances et l&rsquo;esth\u00e9tique du v\u00e9hicule. Pour ceux qui aiment l&rsquo;aventure et les d\u00e9fis tout-terrain, le snorkel est une am\u00e9lioration pratique et \u00e9l\u00e9gante qui transforme le Nissan Patrol Y60 en un v\u00e9hicule pr\u00eat \u00e0 affronter tous les obstacles.  <\/p>\n","protected":false},"excerpt":{"rendered":"<p>Le snorkel du <strong>Nissan Patrol Y60<\/strong> est un accessoire robuste con\u00e7u pour am\u00e9liorer les performances tout-terrain du v\u00e9hicule. Mont\u00e9 sur le c\u00f4t\u00e9, il assure un apport continu d&rsquo;air frais au moteur, emp\u00eachant l&rsquo;eau et la poussi\u00e8re de p\u00e9n\u00e9trer lors des travers\u00e9es de terrains difficiles. Fabriqu\u00e9 \u00e0 partir de mat\u00e9riaux durables et r\u00e9sistants, le snorkel offre non seulement une fonctionnalit\u00e9 mais aussi un look aventureux et distinctif \u00e0 votre v\u00e9hicule.  <\/p>\n","protected":false},"featured_media":35969,"comment_status":"open","ping_status":"closed","template":"","meta":[],"product_brand":[1279],"product_cat":[4904],"product_tag":[3818,3819],"class_list":{"0":"post-43169","1":"product","2":"type-product","3":"status-publish","4":"has-post-thumbnail","6":"product_brand-ofm4x4","7":"product_cat-snorkel","8":"product_tag-nissan-patrol-y60-fr","9":"product_tag-snorkel-fr","10":"product_shipping_class-alte-produse-fr","12":"first","13":"instock","14":"taxable","15":"shipping-taxable","16":"purchasable","17":"product-type-simple"},"_links":{"self":[{"href":"https:\/\/ofm4x4.com\/fr\/wp-json\/wp\/v2\/product\/43169","targetHints":{"allow":["GET"]}}],"collection":[{"href":"https:\/\/ofm4x4.com\/fr\/wp-json\/wp\/v2\/product"}],"about":[{"href":"https:\/\/ofm4x4.com\/fr\/wp-json\/wp\/v2\/types\/product"}],"replies":[{"embeddable":true,"href":"https:\/\/ofm4x4.com\/fr\/wp-json\/wp\/v2\/comments?post=43169"}],"version-history":[{"count":1,"href":"https:\/\/ofm4x4.com\/fr\/wp-json\/wp\/v2\/product\/43169\/revisions"}],"predecessor-version":[{"id":43177,"href":"https:\/\/ofm4x4.com\/fr\/wp-json\/wp\/v2\/product\/43169\/revisions\/43177"}],"wp:featuredmedia":[{"embeddable":true,"href":"https:\/\/ofm4x4.com\/fr\/wp-json\/wp\/v2\/media\/35969"}],"wp:attachment":[{"href":"https:\/\/ofm4x4.com\/fr\/wp-json\/wp\/v2\/media?parent=43169"}],"wp:term":[{"taxonomy":"product_brand","embeddable":true,"href":"https:\/\/ofm4x4.com\/fr\/wp-json\/wp\/v2\/product_brand?post=43169"},{"taxonomy":"product_cat","embeddable":true,"href":"https:\/\/ofm4x4.com\/fr\/wp-json\/wp\/v2\/product_cat?post=43169"},{"taxonomy":"product_tag","embeddable":true,"href":"https:\/\/ofm4x4.com\/fr\/wp-json\/wp\/v2\/product_tag?post=43169"}],"curies":[{"name":"wp","href":"https:\/\/api.w.org\/{rel}","templated":true}]}}