{"id":43214,"date":"2023-10-19T10:22:00","date_gmt":"2023-10-19T10:22:00","guid":{"rendered":"https:\/\/ofm4x4.com\/shop\/non%20class\u00e9\/snorkel-pour-suzuki-vitara-1-6-cote-gauche-1988-1999\/"},"modified":"2025-09-24T09:58:42","modified_gmt":"2025-09-24T09:58:42","slug":"snorkel-pour-suzuki-vitara-1-6-cote-gauche-1988-1999","status":"publish","type":"product","link":"https:\/\/ofm4x4.com\/fr\/shop\/snorkel\/snorkel-pour-suzuki-vitara-1-6-cote-gauche-1988-1999\/","title":{"rendered":"Snorkel pour Suzuki Vitara 1.6 c\u00f4t\u00e9 gauche (1988-1999)"},"content":{"rendered":"<p data-start=\"0\" data-end=\"49\"><strong>Snorkel Suzuki Vitara 1.6 C\u00f4t\u00e9 Gauche (1988-1999)<\/strong><\/p>\n<p data-start=\"51\" data-end=\"82\">Pr\u00eat \u00e0 \u00eatre assembl\u00e9 imm\u00e9diatement.<\/p>\n<p data-start=\"84\" data-end=\"100\">Fabriqu\u00e9 en LLDPE.<\/p>\n<p data-start=\"102\" data-end=\"128\" data-is-last-node=\"\" data-is-only-node=\"\">Haute r\u00e9sistance aux dommages.<\/p>\n","protected":false},"excerpt":{"rendered":"<p><strong>Snorkel Suzuki Vitara 1.6 C\u00f4t\u00e9 Gauche (1988-1999)<\/strong><\/p>\n","protected":false},"featured_media":35984,"comment_status":"open","ping_status":"closed","template":"","meta":[],"product_brand":[1279],"product_cat":[4904],"product_tag":[3829,3819,3830],"class_list":{"0":"post-43214","1":"product","2":"type-product","3":"status-publish","4":"has-post-thumbnail","6":"product_brand-ofm4x4","7":"product_cat-snorkel","8":"product_tag-left-side-fr","9":"product_tag-snorkel-fr","10":"product_tag-suzuki-vitara-1-6-fr","11":"product_shipping_class-alte-produse-fr","13":"first","14":"outofstock","15":"taxable","16":"shipping-taxable","17":"purchasable","18":"product-type-simple"},"_links":{"self":[{"href":"https:\/\/ofm4x4.com\/fr\/wp-json\/wp\/v2\/product\/43214","targetHints":{"allow":["GET"]}}],"collection":[{"href":"https:\/\/ofm4x4.com\/fr\/wp-json\/wp\/v2\/product"}],"about":[{"href":"https:\/\/ofm4x4.com\/fr\/wp-json\/wp\/v2\/types\/product"}],"replies":[{"embeddable":true,"href":"https:\/\/ofm4x4.com\/fr\/wp-json\/wp\/v2\/comments?post=43214"}],"version-history":[{"count":1,"href":"https:\/\/ofm4x4.com\/fr\/wp-json\/wp\/v2\/product\/43214\/revisions"}],"predecessor-version":[{"id":43221,"href":"https:\/\/ofm4x4.com\/fr\/wp-json\/wp\/v2\/product\/43214\/revisions\/43221"}],"wp:featuredmedia":[{"embeddable":true,"href":"https:\/\/ofm4x4.com\/fr\/wp-json\/wp\/v2\/media\/35984"}],"wp:attachment":[{"href":"https:\/\/ofm4x4.com\/fr\/wp-json\/wp\/v2\/media?parent=43214"}],"wp:term":[{"taxonomy":"product_brand","embeddable":true,"href":"https:\/\/ofm4x4.com\/fr\/wp-json\/wp\/v2\/product_brand?post=43214"},{"taxonomy":"product_cat","embeddable":true,"href":"https:\/\/ofm4x4.com\/fr\/wp-json\/wp\/v2\/product_cat?post=43214"},{"taxonomy":"product_tag","embeddable":true,"href":"https:\/\/ofm4x4.com\/fr\/wp-json\/wp\/v2\/product_tag?post=43214"}],"curies":[{"name":"wp","href":"https:\/\/api.w.org\/{rel}","templated":true}]}}