{"id":43228,"date":"2023-10-19T09:51:47","date_gmt":"2023-10-19T09:51:47","guid":{"rendered":"https:\/\/ofm4x4.com\/shop\/non%20class\u00e9\/snorkel-pour-toyota-hilux-167-12-1997-03-2005-cote-droit\/"},"modified":"2025-09-24T09:58:43","modified_gmt":"2025-09-24T09:58:43","slug":"snorkel-pour-toyota-hilux-167-12-1997-03-2005-cote-droit","status":"publish","type":"product","link":"https:\/\/ofm4x4.com\/fr\/shop\/snorkel\/snorkel-pour-toyota-hilux-167-12-1997-03-2005-cote-droit\/","title":{"rendered":"Snorkel pour Toyota Hilux 167 (12\/1997 &#8211; 03\/2005) (C\u00f4t\u00e9 droit)"},"content":{"rendered":"<p data-start=\"0\" data-end=\"57\">Snorkel Toyota Hilux 167 (12\/1997 &#8211; 03\/2005) (C\u00f4t\u00e9 droit)<\/p>\n<p data-start=\"59\" data-end=\"88\">Pr\u00eat \u00e0 \u00eatre assembl\u00e9 imm\u00e9diatement.<\/p>\n<p data-start=\"90\" data-end=\"104\">Fabriqu\u00e9 en LLDPE.<\/p>\n<p data-start=\"106\" data-end=\"132\" data-is-last-node=\"\" data-is-only-node=\"\">Haute r\u00e9sistance aux dommages.<\/p>\n","protected":false},"excerpt":{"rendered":"<p>Snorkel Toyota Hilux 25 (2005-2014) 2.5, 3.0, 4.0<\/p>\n","protected":false},"featured_media":36014,"comment_status":"open","ping_status":"closed","template":"","meta":[],"product_brand":[1279],"product_cat":[4904],"product_tag":[3819,3845],"class_list":{"0":"post-43228","1":"product","2":"type-product","3":"status-publish","4":"has-post-thumbnail","6":"product_brand-ofm4x4","7":"product_cat-snorkel","8":"product_tag-snorkel-fr","9":"product_tag-toyota-hilux-25-fr","10":"product_shipping_class-alte-produse-fr","12":"first","13":"instock","14":"taxable","15":"shipping-taxable","16":"purchasable","17":"product-type-simple"},"_links":{"self":[{"href":"https:\/\/ofm4x4.com\/fr\/wp-json\/wp\/v2\/product\/43228","targetHints":{"allow":["GET"]}}],"collection":[{"href":"https:\/\/ofm4x4.com\/fr\/wp-json\/wp\/v2\/product"}],"about":[{"href":"https:\/\/ofm4x4.com\/fr\/wp-json\/wp\/v2\/types\/product"}],"replies":[{"embeddable":true,"href":"https:\/\/ofm4x4.com\/fr\/wp-json\/wp\/v2\/comments?post=43228"}],"version-history":[{"count":1,"href":"https:\/\/ofm4x4.com\/fr\/wp-json\/wp\/v2\/product\/43228\/revisions"}],"predecessor-version":[{"id":43238,"href":"https:\/\/ofm4x4.com\/fr\/wp-json\/wp\/v2\/product\/43228\/revisions\/43238"}],"wp:featuredmedia":[{"embeddable":true,"href":"https:\/\/ofm4x4.com\/fr\/wp-json\/wp\/v2\/media\/36014"}],"wp:attachment":[{"href":"https:\/\/ofm4x4.com\/fr\/wp-json\/wp\/v2\/media?parent=43228"}],"wp:term":[{"taxonomy":"product_brand","embeddable":true,"href":"https:\/\/ofm4x4.com\/fr\/wp-json\/wp\/v2\/product_brand?post=43228"},{"taxonomy":"product_cat","embeddable":true,"href":"https:\/\/ofm4x4.com\/fr\/wp-json\/wp\/v2\/product_cat?post=43228"},{"taxonomy":"product_tag","embeddable":true,"href":"https:\/\/ofm4x4.com\/fr\/wp-json\/wp\/v2\/product_tag?post=43228"}],"curies":[{"name":"wp","href":"https:\/\/api.w.org\/{rel}","templated":true}]}}