{"id":43249,"date":"2023-10-19T10:06:22","date_gmt":"2023-10-19T10:06:22","guid":{"rendered":"https:\/\/ofm4x4.com\/shop\/non%20class\u00e9\/snorkel-pour-suzuki-vitara-2-0l-cote-droit-1995-1999-2004-santana\/"},"modified":"2025-09-24T09:58:45","modified_gmt":"2025-09-24T09:58:45","slug":"snorkel-pour-suzuki-vitara-2-0l-cote-droit-1995-1999-2004-santana","status":"publish","type":"product","link":"https:\/\/ofm4x4.com\/fr\/shop\/snorkel\/snorkel-pour-suzuki-vitara-2-0l-cote-droit-1995-1999-2004-santana\/","title":{"rendered":"Snorkel pour Suzuki Vitara 2.0L c\u00f4t\u00e9 droit (1995-1999, 2004 Santana)"},"content":{"rendered":"<p data-start=\"0\" data-end=\"65\">Snorkel Suzuki Vitara 2.0L C\u00f4t\u00e9 droit (1995-1999, 2004 Santana)<\/p>\n<p data-start=\"67\" data-end=\"98\">Pr\u00eat \u00e0 \u00eatre assembl\u00e9 imm\u00e9diatement.<\/p>\n<p data-start=\"100\" data-end=\"116\">Fabriqu\u00e9 en LLDPE.<\/p>\n<p data-start=\"118\" data-end=\"144\" data-is-last-node=\"\" data-is-only-node=\"\">Haute r\u00e9sistance aux dommages.<\/p>\n","protected":false},"excerpt":{"rendered":"<p>Snorkel Suzuki Vitara 2.0L C\u00f4t\u00e9 droit (1995-1999, 2004 Santana)<\/p>\n","protected":false},"featured_media":35999,"comment_status":"open","ping_status":"closed","template":"","meta":[],"product_brand":[1279],"product_cat":[4904],"product_tag":[3837,3819,3838],"class_list":{"0":"post-43249","1":"product","2":"type-product","3":"status-publish","4":"has-post-thumbnail","6":"product_brand-ofm4x4","7":"product_cat-snorkel","8":"product_tag-right-side-fr","9":"product_tag-snorkel-fr","10":"product_tag-suzuki-vitara-2-0l-fr","11":"product_shipping_class-alte-produse-fr","13":"first","14":"instock","15":"taxable","16":"shipping-taxable","17":"purchasable","18":"product-type-simple"},"_links":{"self":[{"href":"https:\/\/ofm4x4.com\/fr\/wp-json\/wp\/v2\/product\/43249","targetHints":{"allow":["GET"]}}],"collection":[{"href":"https:\/\/ofm4x4.com\/fr\/wp-json\/wp\/v2\/product"}],"about":[{"href":"https:\/\/ofm4x4.com\/fr\/wp-json\/wp\/v2\/types\/product"}],"replies":[{"embeddable":true,"href":"https:\/\/ofm4x4.com\/fr\/wp-json\/wp\/v2\/comments?post=43249"}],"version-history":[{"count":1,"href":"https:\/\/ofm4x4.com\/fr\/wp-json\/wp\/v2\/product\/43249\/revisions"}],"predecessor-version":[{"id":43253,"href":"https:\/\/ofm4x4.com\/fr\/wp-json\/wp\/v2\/product\/43249\/revisions\/43253"}],"wp:featuredmedia":[{"embeddable":true,"href":"https:\/\/ofm4x4.com\/fr\/wp-json\/wp\/v2\/media\/35999"}],"wp:attachment":[{"href":"https:\/\/ofm4x4.com\/fr\/wp-json\/wp\/v2\/media?parent=43249"}],"wp:term":[{"taxonomy":"product_brand","embeddable":true,"href":"https:\/\/ofm4x4.com\/fr\/wp-json\/wp\/v2\/product_brand?post=43249"},{"taxonomy":"product_cat","embeddable":true,"href":"https:\/\/ofm4x4.com\/fr\/wp-json\/wp\/v2\/product_cat?post=43249"},{"taxonomy":"product_tag","embeddable":true,"href":"https:\/\/ofm4x4.com\/fr\/wp-json\/wp\/v2\/product_tag?post=43249"}],"curies":[{"name":"wp","href":"https:\/\/api.w.org\/{rel}","templated":true}]}}