{"id":43267,"date":"2023-10-19T08:46:46","date_gmt":"2023-10-19T08:46:46","guid":{"rendered":"https:\/\/ofm4x4.com\/shop\/non%20class\u00e9\/snorkel-pour-mitsubishi-pajero-ii-v33-classic-1998-2005\/"},"modified":"2025-09-24T09:58:54","modified_gmt":"2025-09-24T09:58:54","slug":"snorkel-pour-mitsubishi-pajero-ii-v33-classic-1998-2005","status":"publish","type":"product","link":"https:\/\/ofm4x4.com\/fr\/shop\/snorkel\/snorkel-pour-mitsubishi-pajero-ii-v33-classic-1998-2005\/","title":{"rendered":"Snorkel pour Mitsubishi Pajero II V33 Classic (1998-2005)"},"content":{"rendered":"<p data-start=\"0\" data-end=\"54\">Snorkel Mitsubishi Pajero II V33 Classic (1998-2005)<\/p>\n<p data-start=\"56\" data-end=\"87\">Pr\u00eat \u00e0 \u00eatre assembl\u00e9 imm\u00e9diatement.<\/p>\n<p data-start=\"89\" data-end=\"105\">Fabriqu\u00e9 en LLDPE.<\/p>\n<p data-start=\"107\" data-end=\"133\" data-is-last-node=\"\" data-is-only-node=\"\">Haute r\u00e9sistance aux dommages.<\/p>\n","protected":false},"excerpt":{"rendered":"<p>Snorkel pour Mitsubishi Pajero II V33 Classic (1998-2005)<\/p>\n","protected":false},"featured_media":36059,"comment_status":"open","ping_status":"closed","template":"","meta":[],"product_brand":[1279],"product_cat":[4904],"product_tag":[3865,3819],"class_list":{"0":"post-43267","1":"product","2":"type-product","3":"status-publish","4":"has-post-thumbnail","6":"product_brand-ofm4x4","7":"product_cat-snorkel","8":"product_tag-mitsubishi-pajero-ii-v33-classic-fr","9":"product_tag-snorkel-fr","10":"product_shipping_class-alte-produse-fr","12":"first","13":"instock","14":"taxable","15":"shipping-taxable","16":"purchasable","17":"product-type-simple"},"_links":{"self":[{"href":"https:\/\/ofm4x4.com\/fr\/wp-json\/wp\/v2\/product\/43267","targetHints":{"allow":["GET"]}}],"collection":[{"href":"https:\/\/ofm4x4.com\/fr\/wp-json\/wp\/v2\/product"}],"about":[{"href":"https:\/\/ofm4x4.com\/fr\/wp-json\/wp\/v2\/types\/product"}],"replies":[{"embeddable":true,"href":"https:\/\/ofm4x4.com\/fr\/wp-json\/wp\/v2\/comments?post=43267"}],"version-history":[{"count":1,"href":"https:\/\/ofm4x4.com\/fr\/wp-json\/wp\/v2\/product\/43267\/revisions"}],"predecessor-version":[{"id":43273,"href":"https:\/\/ofm4x4.com\/fr\/wp-json\/wp\/v2\/product\/43267\/revisions\/43273"}],"wp:featuredmedia":[{"embeddable":true,"href":"https:\/\/ofm4x4.com\/fr\/wp-json\/wp\/v2\/media\/36059"}],"wp:attachment":[{"href":"https:\/\/ofm4x4.com\/fr\/wp-json\/wp\/v2\/media?parent=43267"}],"wp:term":[{"taxonomy":"product_brand","embeddable":true,"href":"https:\/\/ofm4x4.com\/fr\/wp-json\/wp\/v2\/product_brand?post=43267"},{"taxonomy":"product_cat","embeddable":true,"href":"https:\/\/ofm4x4.com\/fr\/wp-json\/wp\/v2\/product_cat?post=43267"},{"taxonomy":"product_tag","embeddable":true,"href":"https:\/\/ofm4x4.com\/fr\/wp-json\/wp\/v2\/product_tag?post=43267"}],"curies":[{"name":"wp","href":"https:\/\/api.w.org\/{rel}","templated":true}]}}