{"id":43309,"date":"2023-10-19T09:24:04","date_gmt":"2023-10-19T09:24:04","guid":{"rendered":"https:\/\/ofm4x4.com\/shop\/non%20class\u00e9\/snorkel-pour-suzuki-samurai-sj410-sj413-1984-2004\/"},"modified":"2025-09-24T09:58:56","modified_gmt":"2025-09-24T09:58:56","slug":"snorkel-pour-suzuki-samurai-sj410-sj413-1984-2004","status":"publish","type":"product","link":"https:\/\/ofm4x4.com\/fr\/shop\/snorkel\/snorkel-pour-suzuki-samurai-sj410-sj413-1984-2004\/","title":{"rendered":"Snorkel pour Suzuki Samurai SJ410, SJ413 (1984-2004)"},"content":{"rendered":"<p data-start=\"0\" data-end=\"49\">Snorkel Suzuki Samurai SJ410, SJ413 (1984-2004)<\/p>\n<p data-start=\"51\" data-end=\"82\">Pr\u00eat \u00e0 \u00eatre assembl\u00e9 imm\u00e9diatement.<\/p>\n<p data-start=\"84\" data-end=\"100\">Fabriqu\u00e9 en LLDPE.<\/p>\n<p data-start=\"102\" data-end=\"128\" data-is-last-node=\"\" data-is-only-node=\"\">Haute r\u00e9sistance aux dommages.<\/p>\n","protected":false},"excerpt":{"rendered":"<p>Snorkel pour Suzuki Samurai SJ410, SJ413 (1984-2004)<\/p>\n","protected":false},"featured_media":36044,"comment_status":"open","ping_status":"closed","template":"","meta":[],"product_brand":[1279],"product_cat":[4904],"product_tag":[3853,3854,3819,3855],"class_list":{"0":"post-43309","1":"product","2":"type-product","3":"status-publish","4":"has-post-thumbnail","6":"product_brand-ofm4x4","7":"product_cat-snorkel","8":"product_tag-sj410-fr","9":"product_tag-sj413-fr","10":"product_tag-snorkel-fr","11":"product_tag-suzuki-samurai-fr","12":"product_shipping_class-alte-produse-fr","14":"first","15":"outofstock","16":"taxable","17":"shipping-taxable","18":"purchasable","19":"product-type-simple"},"_links":{"self":[{"href":"https:\/\/ofm4x4.com\/fr\/wp-json\/wp\/v2\/product\/43309","targetHints":{"allow":["GET"]}}],"collection":[{"href":"https:\/\/ofm4x4.com\/fr\/wp-json\/wp\/v2\/product"}],"about":[{"href":"https:\/\/ofm4x4.com\/fr\/wp-json\/wp\/v2\/types\/product"}],"replies":[{"embeddable":true,"href":"https:\/\/ofm4x4.com\/fr\/wp-json\/wp\/v2\/comments?post=43309"}],"version-history":[{"count":1,"href":"https:\/\/ofm4x4.com\/fr\/wp-json\/wp\/v2\/product\/43309\/revisions"}],"predecessor-version":[{"id":43319,"href":"https:\/\/ofm4x4.com\/fr\/wp-json\/wp\/v2\/product\/43309\/revisions\/43319"}],"wp:featuredmedia":[{"embeddable":true,"href":"https:\/\/ofm4x4.com\/fr\/wp-json\/wp\/v2\/media\/36044"}],"wp:attachment":[{"href":"https:\/\/ofm4x4.com\/fr\/wp-json\/wp\/v2\/media?parent=43309"}],"wp:term":[{"taxonomy":"product_brand","embeddable":true,"href":"https:\/\/ofm4x4.com\/fr\/wp-json\/wp\/v2\/product_brand?post=43309"},{"taxonomy":"product_cat","embeddable":true,"href":"https:\/\/ofm4x4.com\/fr\/wp-json\/wp\/v2\/product_cat?post=43309"},{"taxonomy":"product_tag","embeddable":true,"href":"https:\/\/ofm4x4.com\/fr\/wp-json\/wp\/v2\/product_tag?post=43309"}],"curies":[{"name":"wp","href":"https:\/\/api.w.org\/{rel}","templated":true}]}}