{"id":43310,"date":"2023-10-19T08:36:30","date_gmt":"2023-10-19T08:36:30","guid":{"rendered":"https:\/\/ofm4x4.com\/shop\/non%20class\u00e9\/snorkel-pour-mitsubishi-pajero-ii-v31-1990-2003\/"},"modified":"2025-09-24T09:58:57","modified_gmt":"2025-09-24T09:58:57","slug":"snorkel-pour-mitsubishi-pajero-ii-v31-1990-2003","status":"publish","type":"product","link":"https:\/\/ofm4x4.com\/fr\/shop\/snorkel\/snorkel-pour-mitsubishi-pajero-ii-v31-1990-2003\/","title":{"rendered":"Snorkel pour Mitsubishi Pajero II V31 (1990-2003)"},"content":{"rendered":"<p data-start=\"0\" data-end=\"46\">Snorkel Mitsubishi Pajero II V31 (1990-2003)<\/p>\n<p data-start=\"48\" data-end=\"79\">Pr\u00eat \u00e0 \u00eatre assembl\u00e9 imm\u00e9diatement.<\/p>\n<p data-start=\"81\" data-end=\"97\">Fabriqu\u00e9 en LLDPE.<\/p>\n<p data-start=\"99\" data-end=\"125\" data-is-last-node=\"\" data-is-only-node=\"\">Haute r\u00e9sistance aux dommages.<\/p>\n","protected":false},"excerpt":{"rendered":"<p>Snorkel pour Mitsubishi Pajero II V31 (1990-2003)<\/p>\n","protected":false},"featured_media":36074,"comment_status":"open","ping_status":"closed","template":"","meta":[],"product_brand":[1279],"product_cat":[4904],"product_tag":[3871,3819],"class_list":{"0":"post-43310","1":"product","2":"type-product","3":"status-publish","4":"has-post-thumbnail","6":"product_brand-ofm4x4","7":"product_cat-snorkel","8":"product_tag-mitsubishi-pajero-ii-v31-fr","9":"product_tag-snorkel-fr","10":"product_shipping_class-alte-produse-fr","12":"first","13":"outofstock","14":"taxable","15":"shipping-taxable","16":"purchasable","17":"product-type-simple"},"_links":{"self":[{"href":"https:\/\/ofm4x4.com\/fr\/wp-json\/wp\/v2\/product\/43310","targetHints":{"allow":["GET"]}}],"collection":[{"href":"https:\/\/ofm4x4.com\/fr\/wp-json\/wp\/v2\/product"}],"about":[{"href":"https:\/\/ofm4x4.com\/fr\/wp-json\/wp\/v2\/types\/product"}],"replies":[{"embeddable":true,"href":"https:\/\/ofm4x4.com\/fr\/wp-json\/wp\/v2\/comments?post=43310"}],"version-history":[{"count":1,"href":"https:\/\/ofm4x4.com\/fr\/wp-json\/wp\/v2\/product\/43310\/revisions"}],"predecessor-version":[{"id":43324,"href":"https:\/\/ofm4x4.com\/fr\/wp-json\/wp\/v2\/product\/43310\/revisions\/43324"}],"wp:featuredmedia":[{"embeddable":true,"href":"https:\/\/ofm4x4.com\/fr\/wp-json\/wp\/v2\/media\/36074"}],"wp:attachment":[{"href":"https:\/\/ofm4x4.com\/fr\/wp-json\/wp\/v2\/media?parent=43310"}],"wp:term":[{"taxonomy":"product_brand","embeddable":true,"href":"https:\/\/ofm4x4.com\/fr\/wp-json\/wp\/v2\/product_brand?post=43310"},{"taxonomy":"product_cat","embeddable":true,"href":"https:\/\/ofm4x4.com\/fr\/wp-json\/wp\/v2\/product_cat?post=43310"},{"taxonomy":"product_tag","embeddable":true,"href":"https:\/\/ofm4x4.com\/fr\/wp-json\/wp\/v2\/product_tag?post=43310"}],"curies":[{"name":"wp","href":"https:\/\/api.w.org\/{rel}","templated":true}]}}