{"id":43334,"date":"2023-10-09T05:45:50","date_gmt":"2023-10-09T05:45:50","guid":{"rendered":"https:\/\/ofm4x4.com\/shop\/non%20class\u00e9\/snorkel-pour-nissan-patrol-y61-gu4-3-0l-4-2l-4-8l-a-partir-de-09-2004\/"},"modified":"2025-09-24T09:59:06","modified_gmt":"2025-09-24T09:59:06","slug":"snorkel-pour-nissan-patrol-y61-gu4-3-0l-4-2l-4-8l-a-partir-de-09-2004","status":"publish","type":"product","link":"https:\/\/ofm4x4.com\/fr\/shop\/snorkel\/snorkel-pour-nissan-patrol-y61-gu4-3-0l-4-2l-4-8l-a-partir-de-09-2004\/","title":{"rendered":"Snorkel pour Nissan Patrol Y61 GU4 3.0L, 4.2L, 4.8L (\u00e0 partir de 09\/2004)"},"content":{"rendered":"<p data-start=\"0\" data-end=\"63\">Snorkel Nissan Patrol Y61 GU4 3.0L, 4.2L, 4.8L (\u00e0 partir de 09\/2004)<\/p>\n<p data-start=\"65\" data-end=\"96\">Pr\u00eat \u00e0 \u00eatre assembl\u00e9 imm\u00e9diatement.<\/p>\n<p data-start=\"98\" data-end=\"114\">Fabriqu\u00e9 en LLDPE.<\/p>\n<p data-start=\"116\" data-end=\"142\" data-is-last-node=\"\" data-is-only-node=\"\">Haute r\u00e9sistance aux dommages.<\/p>\n","protected":false},"excerpt":{"rendered":"<p>Snorkel pour Nissan Patrol Y61 GU4 3.0L, 4.2L, 4.8L (\u00e0 partir de 09\/2004)<\/p>\n","protected":false},"featured_media":36105,"comment_status":"open","ping_status":"closed","template":"","meta":[],"product_brand":[1279],"product_cat":[4904],"product_tag":[3888,3819],"class_list":{"0":"post-43334","1":"product","2":"type-product","3":"status-publish","4":"has-post-thumbnail","6":"product_brand-ofm4x4","7":"product_cat-snorkel","8":"product_tag-nissan-patrol-y61-gu4-fr","9":"product_tag-snorkel-fr","10":"product_shipping_class-alte-produse-fr","12":"first","13":"instock","14":"taxable","15":"shipping-taxable","16":"purchasable","17":"product-type-simple"},"_links":{"self":[{"href":"https:\/\/ofm4x4.com\/fr\/wp-json\/wp\/v2\/product\/43334","targetHints":{"allow":["GET"]}}],"collection":[{"href":"https:\/\/ofm4x4.com\/fr\/wp-json\/wp\/v2\/product"}],"about":[{"href":"https:\/\/ofm4x4.com\/fr\/wp-json\/wp\/v2\/types\/product"}],"replies":[{"embeddable":true,"href":"https:\/\/ofm4x4.com\/fr\/wp-json\/wp\/v2\/comments?post=43334"}],"version-history":[{"count":1,"href":"https:\/\/ofm4x4.com\/fr\/wp-json\/wp\/v2\/product\/43334\/revisions"}],"predecessor-version":[{"id":43341,"href":"https:\/\/ofm4x4.com\/fr\/wp-json\/wp\/v2\/product\/43334\/revisions\/43341"}],"wp:featuredmedia":[{"embeddable":true,"href":"https:\/\/ofm4x4.com\/fr\/wp-json\/wp\/v2\/media\/36105"}],"wp:attachment":[{"href":"https:\/\/ofm4x4.com\/fr\/wp-json\/wp\/v2\/media?parent=43334"}],"wp:term":[{"taxonomy":"product_brand","embeddable":true,"href":"https:\/\/ofm4x4.com\/fr\/wp-json\/wp\/v2\/product_brand?post=43334"},{"taxonomy":"product_cat","embeddable":true,"href":"https:\/\/ofm4x4.com\/fr\/wp-json\/wp\/v2\/product_cat?post=43334"},{"taxonomy":"product_tag","embeddable":true,"href":"https:\/\/ofm4x4.com\/fr\/wp-json\/wp\/v2\/product_tag?post=43334"}],"curies":[{"name":"wp","href":"https:\/\/api.w.org\/{rel}","templated":true}]}}