{"id":43363,"date":"2023-10-19T07:17:07","date_gmt":"2023-10-19T07:17:07","guid":{"rendered":"https:\/\/ofm4x4.com\/shop\/non%20class\u00e9\/snorkel-pour-mitsubishi-pajero-i-hyundai-galloper-1991-1998\/"},"modified":"2025-09-24T09:59:08","modified_gmt":"2025-09-24T09:59:08","slug":"snorkel-pour-mitsubishi-pajero-i-hyundai-galloper-1991-1998","status":"publish","type":"product","link":"https:\/\/ofm4x4.com\/fr\/shop\/snorkel\/snorkel-pour-mitsubishi-pajero-i-hyundai-galloper-1991-1998\/","title":{"rendered":"Snorkel pour Mitsubishi Pajero I Hyundai Galloper (1991-1998)"},"content":{"rendered":"<p data-start=\"0\" data-end=\"58\">Snorkel Mitsubishi Pajero I Hyundai Galloper (1991-1998)<\/p>\n<p data-start=\"60\" data-end=\"91\">Pr\u00eat \u00e0 \u00eatre assembl\u00e9 imm\u00e9diatement.<\/p>\n<p data-start=\"93\" data-end=\"109\">Fabriqu\u00e9 en LLDPE.<\/p>\n<p data-start=\"111\" data-end=\"137\" data-is-last-node=\"\" data-is-only-node=\"\">Haute r\u00e9sistance aux dommages.<\/p>\n","protected":false},"excerpt":{"rendered":"<p>Snorkel pour Mitsubishi Pajero I Hyundai Galloper (1991-1998)<\/p>\n","protected":false},"featured_media":36089,"comment_status":"open","ping_status":"closed","template":"","meta":[],"product_brand":[1279],"product_cat":[4904],"product_tag":[3877,3878,3819],"class_list":{"0":"post-43363","1":"product","2":"type-product","3":"status-publish","4":"has-post-thumbnail","6":"product_brand-ofm4x4","7":"product_cat-snorkel","8":"product_tag-hyundai-galloper-fr","9":"product_tag-mitsubishi-pajero-i-fr","10":"product_tag-snorkel-fr","11":"product_shipping_class-alte-produse-fr","13":"first","14":"instock","15":"taxable","16":"shipping-taxable","17":"purchasable","18":"product-type-simple"},"_links":{"self":[{"href":"https:\/\/ofm4x4.com\/fr\/wp-json\/wp\/v2\/product\/43363","targetHints":{"allow":["GET"]}}],"collection":[{"href":"https:\/\/ofm4x4.com\/fr\/wp-json\/wp\/v2\/product"}],"about":[{"href":"https:\/\/ofm4x4.com\/fr\/wp-json\/wp\/v2\/types\/product"}],"replies":[{"embeddable":true,"href":"https:\/\/ofm4x4.com\/fr\/wp-json\/wp\/v2\/comments?post=43363"}],"version-history":[{"count":1,"href":"https:\/\/ofm4x4.com\/fr\/wp-json\/wp\/v2\/product\/43363\/revisions"}],"predecessor-version":[{"id":43372,"href":"https:\/\/ofm4x4.com\/fr\/wp-json\/wp\/v2\/product\/43363\/revisions\/43372"}],"wp:featuredmedia":[{"embeddable":true,"href":"https:\/\/ofm4x4.com\/fr\/wp-json\/wp\/v2\/media\/36089"}],"wp:attachment":[{"href":"https:\/\/ofm4x4.com\/fr\/wp-json\/wp\/v2\/media?parent=43363"}],"wp:term":[{"taxonomy":"product_brand","embeddable":true,"href":"https:\/\/ofm4x4.com\/fr\/wp-json\/wp\/v2\/product_brand?post=43363"},{"taxonomy":"product_cat","embeddable":true,"href":"https:\/\/ofm4x4.com\/fr\/wp-json\/wp\/v2\/product_cat?post=43363"},{"taxonomy":"product_tag","embeddable":true,"href":"https:\/\/ofm4x4.com\/fr\/wp-json\/wp\/v2\/product_tag?post=43363"}],"curies":[{"name":"wp","href":"https:\/\/api.w.org\/{rel}","templated":true}]}}