{"id":43415,"date":"2022-08-25T14:28:33","date_gmt":"2022-08-25T14:28:33","guid":{"rendered":"https:\/\/ofm4x4.com\/shop\/non%20class\u00e9\/differentiel-verrouillable-tre-4x4-essieu-arriere-tr226-jeep-grand-cherokee\/"},"modified":"2025-09-24T09:59:20","modified_gmt":"2025-09-24T09:59:20","slug":"differentiel-verrouillable-tre-4x4-essieu-arriere-tr226-jeep-grand-cherokee","status":"publish","type":"product","link":"https:\/\/ofm4x4.com\/fr\/shop\/differentiel-autobloquant\/differentiel-verrouillable-tre-4x4-essieu-arriere-tr226-jeep-grand-cherokee\/","title":{"rendered":"Diff\u00e9rentiel verrouillable TRE 4&#215;4 Essieu arri\u00e8re TR226 Jeep Grand Cherokee"},"content":{"rendered":"<h3 data-start=\"0\" data-end=\"25\"><strong data-start=\"4\" data-end=\"25\">Garantie de 12 mois<\/strong><\/h3>\n<p data-start=\"27\" data-end=\"108\">Vous pouvez consulter le <strong data-start=\"45\" data-end=\"87\">catalogue des diff\u00e9rentiels verrouillables TRE 4&#215;4<\/strong> pour conna\u00eetre leur compatibilit\u00e9.<\/p>\n<p data-start=\"110\" data-end=\"132\"><strong data-start=\"110\" data-end=\"130\">Compatible avec :<\/strong><\/p>\n<ul data-start=\"133\" data-end=\"208\">\n<li data-start=\"133\" data-end=\"170\"><strong data-start=\"135\" data-end=\"156\">Grand Cherokee ZJ<\/strong> (1993-1998)<\/li>\n<li data-start=\"171\" data-end=\"208\"><strong data-start=\"173\" data-end=\"194\">Grand Cherokee WJ<\/strong> (1999-2004)<\/li>\n<\/ul>\n<p data-start=\"210\" data-end=\"304\">Pour actionner le diff\u00e9rentiel verrouillable, vous aurez \u00e9galement besoin du <strong data-start=\"271\" data-end=\"301\">compresseur d&rsquo;air 12V TRE 4&#215;4.<\/strong><\/p>\n<ul data-start=\"306\" data-end=\"452\">\n<li data-start=\"306\" data-end=\"324\"><strong data-start=\"308\" data-end=\"322\">30 cannelures<\/strong><\/li>\n<li data-start=\"325\" data-end=\"394\"><strong data-start=\"327\" data-end=\"349\">Grand Cherokee ZJ :<\/strong> C-Clip \/ <strong data-start=\"359\" data-end=\"381\">Grand Cherokee WJ :<\/strong> Non C-Clip<\/li>\n<li data-start=\"395\" data-end=\"416\"><strong data-start=\"397\" data-end=\"414\">Essieu Dana 44A<\/strong><\/li>\n<li data-start=\"417\" data-end=\"452\"><strong data-start=\"419\" data-end=\"450\">Couvercle de diff\u00e9rentiel en aluminium<\/strong><\/li>\n<\/ul>\n<p data-start=\"454\" data-end=\"571\">Pour une installation correcte et pour \u00e9viter tout dommage, nous vous recommandons de faire monter les pi\u00e8ces par un <strong data-start=\"541\" data-end=\"568\">service 4&#215;4 sp\u00e9cialis\u00e9.<\/strong><\/p>\n<ul data-start=\"573\" data-end=\"1139\">\n<li data-start=\"573\" data-end=\"604\"><strong data-start=\"575\" data-end=\"602\">Traction 100% \u00e0 la demande<\/strong><\/li>\n<li data-start=\"605\" data-end=\"646\">S&rsquo;engage avec un <strong data-start=\"622\" data-end=\"644\">compresseur TRE 4&#215;4<\/strong><\/li>\n<li data-start=\"647\" data-end=\"684\"><strong data-start=\"649\" data-end=\"682\">Am\u00e9lioration des performances de traction<\/strong><\/li>\n<li data-start=\"685\" data-end=\"808\"><strong data-start=\"687\" data-end=\"722\">Fonctionnement simple et pratique<\/strong>, permettant \u00e0 l&rsquo;utilisateur de se concentrer sur le terrain tout en maintenant le <strong data-start=\"784\" data-end=\"806\">confort et la s\u00e9curit\u00e9.<\/strong><\/li>\n<li data-start=\"809\" data-end=\"889\"><strong data-start=\"811\" data-end=\"849\">Exceptionnellement durable et puissant<\/strong>, fabriqu\u00e9 \u00e0 partir de <strong data-start=\"861\" data-end=\"887\">mat\u00e9riaux de haute qualit\u00e9<\/strong><\/li>\n<li data-start=\"890\" data-end=\"970\"><strong data-start=\"892\" data-end=\"934\">Conception incroyablement simple et efficace<\/strong>, garantissant une <strong data-start=\"945\" data-end=\"968\">fiabilit\u00e9 maximale<\/strong><\/li>\n<li data-start=\"971\" data-end=\"1048\"><strong data-start=\"973\" data-end=\"1001\">Conception \u00e9prouv\u00e9e et test\u00e9e<\/strong>, fiable dans <strong data-start=\"1015\" data-end=\"1046\">plus de 80 pays \u00e0 travers le monde<\/strong><\/li>\n<li data-start=\"1049\" data-end=\"1139\"><strong data-start=\"1064\" data-end=\"1105\">Diff\u00e9rentiels verrouillables avant et arri\u00e8re<\/strong> disponibles pour la plupart des <strong data-start=\"1115\" data-end=\"1137\">mod\u00e8les 4WD et 2WD<\/strong><\/li>\n<\/ul>\n","protected":false},"excerpt":{"rendered":"<p><strong>TR226<\/strong> Jeep Grand Cherokee<\/p>\n<p>Diff\u00e9rentiel verrouillable TRE 4&#215;4 Essieu arri\u00e8re<\/p>\n","protected":false},"featured_media":33874,"comment_status":"open","ping_status":"closed","template":"","meta":[],"product_brand":[1233],"product_cat":[4583],"product_tag":[4107,3702,3718,4108,3704],"class_list":{"0":"post-43415","1":"product","2":"type-product","3":"status-publish","4":"has-post-thumbnail","6":"product_brand-tre-4x4","7":"product_cat-differentiel-autobloquant","8":"product_tag-jeep-grand-cherokee-fr","9":"product_tag-lockable-differential-fr","10":"product_tag-rear-axle-fr","11":"product_tag-tr226-fr","12":"product_tag-tre-4x4-fr","13":"product_shipping_class-alte-produse-fr","15":"first","16":"outofstock","17":"taxable","18":"shipping-taxable","19":"purchasable","20":"product-type-simple"},"_links":{"self":[{"href":"https:\/\/ofm4x4.com\/fr\/wp-json\/wp\/v2\/product\/43415","targetHints":{"allow":["GET"]}}],"collection":[{"href":"https:\/\/ofm4x4.com\/fr\/wp-json\/wp\/v2\/product"}],"about":[{"href":"https:\/\/ofm4x4.com\/fr\/wp-json\/wp\/v2\/types\/product"}],"replies":[{"embeddable":true,"href":"https:\/\/ofm4x4.com\/fr\/wp-json\/wp\/v2\/comments?post=43415"}],"version-history":[{"count":1,"href":"https:\/\/ofm4x4.com\/fr\/wp-json\/wp\/v2\/product\/43415\/revisions"}],"predecessor-version":[{"id":43417,"href":"https:\/\/ofm4x4.com\/fr\/wp-json\/wp\/v2\/product\/43415\/revisions\/43417"}],"wp:featuredmedia":[{"embeddable":true,"href":"https:\/\/ofm4x4.com\/fr\/wp-json\/wp\/v2\/media\/33874"}],"wp:attachment":[{"href":"https:\/\/ofm4x4.com\/fr\/wp-json\/wp\/v2\/media?parent=43415"}],"wp:term":[{"taxonomy":"product_brand","embeddable":true,"href":"https:\/\/ofm4x4.com\/fr\/wp-json\/wp\/v2\/product_brand?post=43415"},{"taxonomy":"product_cat","embeddable":true,"href":"https:\/\/ofm4x4.com\/fr\/wp-json\/wp\/v2\/product_cat?post=43415"},{"taxonomy":"product_tag","embeddable":true,"href":"https:\/\/ofm4x4.com\/fr\/wp-json\/wp\/v2\/product_tag?post=43415"}],"curies":[{"name":"wp","href":"https:\/\/api.w.org\/{rel}","templated":true}]}}