{"id":43416,"date":"2022-08-25T14:20:41","date_gmt":"2022-08-25T14:20:41","guid":{"rendered":"https:\/\/ofm4x4.com\/shop\/non%20class\u00e9\/differentiel-verrouillable-tre-4x4-essieu-arriere-tr117\/"},"modified":"2025-09-24T09:59:20","modified_gmt":"2025-09-24T09:59:20","slug":"differentiel-verrouillable-tre-4x4-essieu-arriere-tr117","status":"publish","type":"product","link":"https:\/\/ofm4x4.com\/fr\/shop\/differentiel-autobloquant\/differentiel-verrouillable-tre-4x4-essieu-arriere-tr117\/","title":{"rendered":"Diff\u00e9rentiel verrouillable TRE 4&#215;4 Essieu arri\u00e8re TR117"},"content":{"rendered":"<h3 data-start=\"0\" data-end=\"25\"><strong data-start=\"4\" data-end=\"25\">Garantie de 12 mois<\/strong><\/h3>\n<p data-start=\"27\" data-end=\"108\">Vous pouvez consulter le <strong data-start=\"45\" data-end=\"87\">catalogue des diff\u00e9rentiels verrouillables TRE 4&#215;4<\/strong> pour conna\u00eetre leur compatibilit\u00e9.<\/p>\n<p data-start=\"110\" data-end=\"142\"><strong data-start=\"110\" data-end=\"130\">Compatible avec :<\/strong> Universel<\/p>\n<p data-start=\"144\" data-end=\"238\">Pour actionner le diff\u00e9rentiel verrouillable, vous aurez \u00e9galement besoin du <strong data-start=\"205\" data-end=\"235\">compresseur d&rsquo;air 12V TRE 4&#215;4.<\/strong><\/p>\n<ul data-start=\"240\" data-end=\"387\">\n<li data-start=\"240\" data-end=\"258\"><strong data-start=\"242\" data-end=\"256\">30 cannelures<\/strong><\/li>\n<li data-start=\"259\" data-end=\"289\"><strong data-start=\"261\" data-end=\"287\">Essieu Dana 44 de 1997<\/strong><\/li>\n<li data-start=\"290\" data-end=\"354\"><strong data-start=\"292\" data-end=\"322\">Rapports de d\u00e9multiplication : 3,73 ou moins<\/strong> (Opel Frontera B : tous les rapports)<\/li>\n<li data-start=\"355\" data-end=\"387\"><strong data-start=\"357\" data-end=\"385\">Diam\u00e8tre plan\u00e9taire : 33,3<\/strong><\/li>\n<\/ul>\n<p data-start=\"389\" data-end=\"506\">Pour une installation correcte et pour \u00e9viter tout dommage, nous vous recommandons de faire monter les pi\u00e8ces par un <strong data-start=\"476\" data-end=\"503\">service 4&#215;4 sp\u00e9cialis\u00e9.<\/strong><\/p>\n<ul data-start=\"508\" data-end=\"1074\">\n<li data-start=\"508\" data-end=\"539\"><strong data-start=\"510\" data-end=\"537\">Traction 100% \u00e0 la demande<\/strong><\/li>\n<li data-start=\"540\" data-end=\"581\">S&rsquo;engage avec un <strong data-start=\"557\" data-end=\"579\">compresseur TRE 4&#215;4<\/strong><\/li>\n<li data-start=\"582\" data-end=\"619\"><strong data-start=\"584\" data-end=\"617\">Am\u00e9lioration des performances de traction<\/strong><\/li>\n<li data-start=\"620\" data-end=\"743\"><strong data-start=\"622\" data-end=\"657\">Fonctionnement simple et pratique<\/strong>, permettant \u00e0 l&rsquo;utilisateur de se concentrer sur le terrain tout en maintenant le <strong data-start=\"719\" data-end=\"741\">confort et la s\u00e9curit\u00e9.<\/strong><\/li>\n<li data-start=\"744\" data-end=\"824\"><strong data-start=\"746\" data-end=\"784\">Exceptionnellement durable et puissant<\/strong>, fabriqu\u00e9 \u00e0 partir de <strong data-start=\"796\" data-end=\"822\">mat\u00e9riaux de haute qualit\u00e9<\/strong><\/li>\n<li data-start=\"825\" data-end=\"905\"><strong data-start=\"827\" data-end=\"869\">Conception incroyablement simple et efficace<\/strong>, garantissant une <strong data-start=\"880\" data-end=\"903\">fiabilit\u00e9 maximale<\/strong><\/li>\n<li data-start=\"906\" data-end=\"983\"><strong data-start=\"908\" data-end=\"936\">Conception \u00e9prouv\u00e9e et test\u00e9e<\/strong>, fiable dans <strong data-start=\"950\" data-end=\"981\">plus de 80 pays \u00e0 travers le monde<\/strong><\/li>\n<li data-start=\"984\" data-end=\"1074\"><strong data-start=\"999\" data-end=\"1040\">Diff\u00e9rentiels verrouillables avant et arri\u00e8re<\/strong> disponibles pour la plupart des <strong data-start=\"1050\" data-end=\"1072\">mod\u00e8les 4WD et 2WD<\/strong><\/li>\n<\/ul>\n","protected":false},"excerpt":{"rendered":"<p><strong>TR117<\/strong><\/p>\n<p>Diff\u00e9rentiel verrouillable TRE 4&#215;4 Essieu arri\u00e8re<\/p>\n","protected":false},"featured_media":33880,"comment_status":"open","ping_status":"closed","template":"","meta":[],"product_brand":[1233],"product_cat":[4583],"product_tag":[3702,3718,4115,3704],"class_list":{"0":"post-43416","1":"product","2":"type-product","3":"status-publish","4":"has-post-thumbnail","6":"product_brand-tre-4x4","7":"product_cat-differentiel-autobloquant","8":"product_tag-lockable-differential-fr","9":"product_tag-rear-axle-fr","10":"product_tag-tr117-fr","11":"product_tag-tre-4x4-fr","12":"product_shipping_class-alte-produse-fr","14":"first","15":"instock","16":"taxable","17":"shipping-taxable","18":"purchasable","19":"product-type-simple"},"_links":{"self":[{"href":"https:\/\/ofm4x4.com\/fr\/wp-json\/wp\/v2\/product\/43416","targetHints":{"allow":["GET"]}}],"collection":[{"href":"https:\/\/ofm4x4.com\/fr\/wp-json\/wp\/v2\/product"}],"about":[{"href":"https:\/\/ofm4x4.com\/fr\/wp-json\/wp\/v2\/types\/product"}],"replies":[{"embeddable":true,"href":"https:\/\/ofm4x4.com\/fr\/wp-json\/wp\/v2\/comments?post=43416"}],"version-history":[{"count":1,"href":"https:\/\/ofm4x4.com\/fr\/wp-json\/wp\/v2\/product\/43416\/revisions"}],"predecessor-version":[{"id":43418,"href":"https:\/\/ofm4x4.com\/fr\/wp-json\/wp\/v2\/product\/43416\/revisions\/43418"}],"wp:featuredmedia":[{"embeddable":true,"href":"https:\/\/ofm4x4.com\/fr\/wp-json\/wp\/v2\/media\/33880"}],"wp:attachment":[{"href":"https:\/\/ofm4x4.com\/fr\/wp-json\/wp\/v2\/media?parent=43416"}],"wp:term":[{"taxonomy":"product_brand","embeddable":true,"href":"https:\/\/ofm4x4.com\/fr\/wp-json\/wp\/v2\/product_brand?post=43416"},{"taxonomy":"product_cat","embeddable":true,"href":"https:\/\/ofm4x4.com\/fr\/wp-json\/wp\/v2\/product_cat?post=43416"},{"taxonomy":"product_tag","embeddable":true,"href":"https:\/\/ofm4x4.com\/fr\/wp-json\/wp\/v2\/product_tag?post=43416"}],"curies":[{"name":"wp","href":"https:\/\/api.w.org\/{rel}","templated":true}]}}