{"id":43422,"date":"2022-08-25T14:23:53","date_gmt":"2022-08-25T14:23:53","guid":{"rendered":"https:\/\/ofm4x4.com\/shop\/non%20class\u00e9\/differentiel-verrouillable-tre-4x4-essieu-arriere-tr134-nissan-patrol\/"},"modified":"2025-09-24T09:59:21","modified_gmt":"2025-09-24T09:59:21","slug":"differentiel-verrouillable-tre-4x4-essieu-arriere-tr134-nissan-patrol","status":"publish","type":"product","link":"https:\/\/ofm4x4.com\/fr\/shop\/differentiel-autobloquant\/differentiel-verrouillable-tre-4x4-essieu-arriere-tr134-nissan-patrol\/","title":{"rendered":"Diff\u00e9rentiel verrouillable TRE 4&#215;4 Essieu arri\u00e8re TR134 Nissan Patrol"},"content":{"rendered":"<h3 data-start=\"0\" data-end=\"25\"><strong data-start=\"4\" data-end=\"25\">Garantie de 12 mois<\/strong><\/h3>\n<p data-start=\"27\" data-end=\"108\">Vous pouvez consulter le <strong data-start=\"45\" data-end=\"87\">catalogue des diff\u00e9rentiels verrouillables TRE 4&#215;4<\/strong> pour conna\u00eetre leur compatibilit\u00e9.<\/p>\n<p data-start=\"110\" data-end=\"132\"><strong data-start=\"110\" data-end=\"130\">Compatible avec :<\/strong><\/p>\n<ul data-start=\"133\" data-end=\"178\">\n<li data-start=\"133\" data-end=\"178\"><strong data-start=\"135\" data-end=\"164\">Nissan Patrol K160 &#8211; K260<\/strong> (1979-1988)<\/li>\n<\/ul>\n<p data-start=\"180\" data-end=\"274\">Pour actionner le diff\u00e9rentiel verrouillable, vous aurez \u00e9galement besoin du <strong data-start=\"241\" data-end=\"271\">compresseur d&rsquo;air 12V TRE 4&#215;4.<\/strong><\/p>\n<ul data-start=\"276\" data-end=\"337\">\n<li data-start=\"276\" data-end=\"294\"><strong data-start=\"278\" data-end=\"292\">31 cannelures<\/strong><\/li>\n<li data-start=\"295\" data-end=\"312\"><strong data-start=\"297\" data-end=\"310\">Axe H223<\/strong><\/li>\n<li data-start=\"313\" data-end=\"337\"><strong data-start=\"315\" data-end=\"335\">Rapports de vitesse : tous<\/strong><\/li>\n<\/ul>\n<p data-start=\"339\" data-end=\"456\">Pour une installation correcte et pour \u00e9viter tout dommage, nous vous recommandons de faire monter les pi\u00e8ces par un <strong data-start=\"426\" data-end=\"453\">service 4&#215;4 sp\u00e9cialis\u00e9.<\/strong><\/p>\n<ul data-start=\"458\" data-end=\"1024\">\n<li data-start=\"458\" data-end=\"489\"><strong data-start=\"460\" data-end=\"487\">Traction 100% \u00e0 la demande<\/strong><\/li>\n<li data-start=\"490\" data-end=\"531\">S&rsquo;engage avec un <strong data-start=\"507\" data-end=\"529\">compresseur TRE 4&#215;4<\/strong><\/li>\n<li data-start=\"532\" data-end=\"569\"><strong data-start=\"534\" data-end=\"567\">Am\u00e9lioration des performances de traction<\/strong><\/li>\n<li data-start=\"570\" data-end=\"693\"><strong data-start=\"572\" data-end=\"607\">Fonctionnement simple et pratique<\/strong>, permettant \u00e0 l&rsquo;utilisateur de se concentrer sur le terrain tout en maintenant le <strong data-start=\"669\" data-end=\"691\">confort et la s\u00e9curit\u00e9.<\/strong><\/li>\n<li data-start=\"694\" data-end=\"774\"><strong data-start=\"696\" data-end=\"734\">Exceptionnellement durable et puissant<\/strong>, fabriqu\u00e9 \u00e0 partir de <strong data-start=\"746\" data-end=\"772\">mat\u00e9riaux de haute qualit\u00e9<\/strong><\/li>\n<li data-start=\"775\" data-end=\"855\"><strong data-start=\"777\" data-end=\"819\">Conception incroyablement simple et efficace<\/strong>, garantissant une <strong data-start=\"830\" data-end=\"853\">fiabilit\u00e9 maximale<\/strong><\/li>\n<li data-start=\"856\" data-end=\"933\"><strong data-start=\"858\" data-end=\"886\">Conception \u00e9prouv\u00e9e et test\u00e9e<\/strong>, fiable dans <strong data-start=\"900\" data-end=\"931\">plus de 80 pays \u00e0 travers le monde<\/strong><\/li>\n<li data-start=\"934\" data-end=\"1024\"><strong data-start=\"949\" data-end=\"990\">Diff\u00e9rentiels verrouillables avant et arri\u00e8re<\/strong> disponibles pour la plupart des <strong data-start=\"1000\" data-end=\"1022\">mod\u00e8les 4WD et 2WD<\/strong><\/li>\n<\/ul>\n","protected":false},"excerpt":{"rendered":"<p><strong>TR134<\/strong> Nissan Patrol<\/p>\n<p>Diff\u00e9rentiel verrouillable TRE 4&#215;4 Essieu arri\u00e8re<\/p>\n","protected":false},"featured_media":33877,"comment_status":"open","ping_status":"closed","template":"","meta":[],"product_brand":[1233],"product_cat":[4583],"product_tag":[3702,4111,3718,4112,3704],"class_list":{"0":"post-43422","1":"product","2":"type-product","3":"status-publish","4":"has-post-thumbnail","6":"product_brand-tre-4x4","7":"product_cat-differentiel-autobloquant","8":"product_tag-lockable-differential-fr","9":"product_tag-nissan-patrol-fr","10":"product_tag-rear-axle-fr","11":"product_tag-tr134-fr","12":"product_tag-tre-4x4-fr","13":"product_shipping_class-alte-produse-fr","15":"first","16":"instock","17":"taxable","18":"shipping-taxable","19":"purchasable","20":"product-type-simple"},"_links":{"self":[{"href":"https:\/\/ofm4x4.com\/fr\/wp-json\/wp\/v2\/product\/43422","targetHints":{"allow":["GET"]}}],"collection":[{"href":"https:\/\/ofm4x4.com\/fr\/wp-json\/wp\/v2\/product"}],"about":[{"href":"https:\/\/ofm4x4.com\/fr\/wp-json\/wp\/v2\/types\/product"}],"replies":[{"embeddable":true,"href":"https:\/\/ofm4x4.com\/fr\/wp-json\/wp\/v2\/comments?post=43422"}],"version-history":[{"count":1,"href":"https:\/\/ofm4x4.com\/fr\/wp-json\/wp\/v2\/product\/43422\/revisions"}],"predecessor-version":[{"id":43426,"href":"https:\/\/ofm4x4.com\/fr\/wp-json\/wp\/v2\/product\/43422\/revisions\/43426"}],"wp:featuredmedia":[{"embeddable":true,"href":"https:\/\/ofm4x4.com\/fr\/wp-json\/wp\/v2\/media\/33877"}],"wp:attachment":[{"href":"https:\/\/ofm4x4.com\/fr\/wp-json\/wp\/v2\/media?parent=43422"}],"wp:term":[{"taxonomy":"product_brand","embeddable":true,"href":"https:\/\/ofm4x4.com\/fr\/wp-json\/wp\/v2\/product_brand?post=43422"},{"taxonomy":"product_cat","embeddable":true,"href":"https:\/\/ofm4x4.com\/fr\/wp-json\/wp\/v2\/product_cat?post=43422"},{"taxonomy":"product_tag","embeddable":true,"href":"https:\/\/ofm4x4.com\/fr\/wp-json\/wp\/v2\/product_tag?post=43422"}],"curies":[{"name":"wp","href":"https:\/\/api.w.org\/{rel}","templated":true}]}}