{"id":43428,"date":"2022-08-24T15:03:26","date_gmt":"2022-08-24T15:03:26","guid":{"rendered":"https:\/\/ofm4x4.com\/shop\/non%20class\u00e9\/differentiel-verrouillable-tre-4x4-essieu-arriere-tr210-mitsubishi\/"},"modified":"2025-09-24T09:59:30","modified_gmt":"2025-09-24T09:59:30","slug":"differentiel-verrouillable-tre-4x4-essieu-arriere-tr210-mitsubishi","status":"publish","type":"product","link":"https:\/\/ofm4x4.com\/fr\/shop\/differentiel-autobloquant\/differentiel-verrouillable-tre-4x4-essieu-arriere-tr210-mitsubishi\/","title":{"rendered":"Diff\u00e9rentiel verrouillable TRE 4&#215;4 Essieu arri\u00e8re TR210 Mitsubishi"},"content":{"rendered":"<h3 data-start=\"0\" data-end=\"25\"><strong data-start=\"4\" data-end=\"25\">Garantie de 12 mois<\/strong><\/h3>\n<p data-start=\"27\" data-end=\"108\">Vous pouvez consulter le <strong data-start=\"45\" data-end=\"87\">catalogue des diff\u00e9rentiels verrouillables TRE 4&#215;4<\/strong> pour conna\u00eetre leur compatibilit\u00e9.<\/p>\n<p data-start=\"110\" data-end=\"142\"><strong data-start=\"110\" data-end=\"130\">Compatible avec :<\/strong> Universel<\/p>\n<p data-start=\"144\" data-end=\"238\">Pour actionner le diff\u00e9rentiel verrouillable, vous aurez \u00e9galement besoin du <strong data-start=\"205\" data-end=\"235\">compresseur d&rsquo;air 12V TRE 4&#215;4.<\/strong><\/p>\n<ul data-start=\"240\" data-end=\"311\">\n<li data-start=\"240\" data-end=\"267\"><strong data-start=\"242\" data-end=\"265\">Essieu 8\u00a0\u00bb Mitsubishi<\/strong><\/li>\n<li data-start=\"268\" data-end=\"286\"><strong data-start=\"270\" data-end=\"284\">28 cannelures<\/strong><\/li>\n<li data-start=\"287\" data-end=\"311\"><strong data-start=\"289\" data-end=\"309\">Rapports de vitesse : tous<\/strong><\/li>\n<\/ul>\n<p data-start=\"313\" data-end=\"430\">Pour une installation correcte et pour \u00e9viter tout dommage, nous vous recommandons de faire monter les pi\u00e8ces par un <strong data-start=\"400\" data-end=\"427\">service 4&#215;4 sp\u00e9cialis\u00e9.<\/strong><\/p>\n<ul data-start=\"432\" data-end=\"998\">\n<li data-start=\"432\" data-end=\"463\"><strong data-start=\"434\" data-end=\"461\">Traction 100% \u00e0 la demande<\/strong><\/li>\n<li data-start=\"464\" data-end=\"505\">S&rsquo;engage avec un <strong data-start=\"481\" data-end=\"503\">compresseur TRE 4&#215;4<\/strong><\/li>\n<li data-start=\"506\" data-end=\"543\"><strong data-start=\"508\" data-end=\"541\">Am\u00e9lioration des performances de traction<\/strong><\/li>\n<li data-start=\"544\" data-end=\"667\"><strong data-start=\"546\" data-end=\"581\">Fonctionnement simple et pratique<\/strong>, permettant \u00e0 l&rsquo;utilisateur de se concentrer sur le terrain tout en maintenant le <strong data-start=\"643\" data-end=\"665\">confort et la s\u00e9curit\u00e9.<\/strong><\/li>\n<li data-start=\"668\" data-end=\"748\"><strong data-start=\"670\" data-end=\"708\">Exceptionnellement durable et puissant<\/strong>, fabriqu\u00e9 \u00e0 partir de <strong data-start=\"720\" data-end=\"746\">mat\u00e9riaux de haute qualit\u00e9<\/strong><\/li>\n<li data-start=\"749\" data-end=\"829\"><strong data-start=\"751\" data-end=\"793\">Conception incroyablement simple et efficace<\/strong>, garantissant une <strong data-start=\"804\" data-end=\"827\">fiabilit\u00e9 maximale<\/strong><\/li>\n<li data-start=\"830\" data-end=\"907\"><strong data-start=\"832\" data-end=\"860\">Conception \u00e9prouv\u00e9e et test\u00e9e<\/strong>, fiable dans <strong data-start=\"874\" data-end=\"905\">plus de 80 pays \u00e0 travers le monde<\/strong><\/li>\n<li data-start=\"908\" data-end=\"998\"><strong data-start=\"923\" data-end=\"964\">Diff\u00e9rentiels verrouillables avant et arri\u00e8re<\/strong> disponibles pour la plupart des <strong data-start=\"974\" data-end=\"996\">mod\u00e8les 4WD et 2WD<\/strong><\/li>\n<\/ul>\n","protected":false},"excerpt":{"rendered":"<p><strong>TR210<\/strong> Mitsubishi<\/p>\n<p>Diff\u00e9rentiel verrouillable TRE 4&#215;4 Essieu arri\u00e8re<\/p>\n","protected":false},"featured_media":33882,"comment_status":"open","ping_status":"closed","template":"","meta":[],"product_brand":[1233],"product_cat":[4583],"product_tag":[3702,3684,3718,4117,3704],"class_list":{"0":"post-43428","1":"product","2":"type-product","3":"status-publish","4":"has-post-thumbnail","6":"product_brand-tre-4x4","7":"product_cat-differentiel-autobloquant","8":"product_tag-lockable-differential-fr","9":"product_tag-mitsubishi-fr","10":"product_tag-rear-axle-fr","11":"product_tag-tr210-fr","12":"product_tag-tre-4x4-fr","13":"product_shipping_class-alte-produse-fr","15":"first","16":"instock","17":"taxable","18":"shipping-taxable","19":"purchasable","20":"product-type-simple"},"_links":{"self":[{"href":"https:\/\/ofm4x4.com\/fr\/wp-json\/wp\/v2\/product\/43428","targetHints":{"allow":["GET"]}}],"collection":[{"href":"https:\/\/ofm4x4.com\/fr\/wp-json\/wp\/v2\/product"}],"about":[{"href":"https:\/\/ofm4x4.com\/fr\/wp-json\/wp\/v2\/types\/product"}],"replies":[{"embeddable":true,"href":"https:\/\/ofm4x4.com\/fr\/wp-json\/wp\/v2\/comments?post=43428"}],"version-history":[{"count":1,"href":"https:\/\/ofm4x4.com\/fr\/wp-json\/wp\/v2\/product\/43428\/revisions"}],"predecessor-version":[{"id":43431,"href":"https:\/\/ofm4x4.com\/fr\/wp-json\/wp\/v2\/product\/43428\/revisions\/43431"}],"wp:featuredmedia":[{"embeddable":true,"href":"https:\/\/ofm4x4.com\/fr\/wp-json\/wp\/v2\/media\/33882"}],"wp:attachment":[{"href":"https:\/\/ofm4x4.com\/fr\/wp-json\/wp\/v2\/media?parent=43428"}],"wp:term":[{"taxonomy":"product_brand","embeddable":true,"href":"https:\/\/ofm4x4.com\/fr\/wp-json\/wp\/v2\/product_brand?post=43428"},{"taxonomy":"product_cat","embeddable":true,"href":"https:\/\/ofm4x4.com\/fr\/wp-json\/wp\/v2\/product_cat?post=43428"},{"taxonomy":"product_tag","embeddable":true,"href":"https:\/\/ofm4x4.com\/fr\/wp-json\/wp\/v2\/product_tag?post=43428"}],"curies":[{"name":"wp","href":"https:\/\/api.w.org\/{rel}","templated":true}]}}