{"id":43442,"date":"2022-08-24T14:59:00","date_gmt":"2022-08-24T14:59:00","guid":{"rendered":"https:\/\/ofm4x4.com\/shop\/non%20class\u00e9\/differentiel-verrouillable-tre-4x4-essieu-arriere-tr209-suzuki\/"},"modified":"2025-09-24T09:59:33","modified_gmt":"2025-09-24T09:59:33","slug":"differentiel-verrouillable-tre-4x4-essieu-arriere-tr209-suzuki","status":"publish","type":"product","link":"https:\/\/ofm4x4.com\/fr\/shop\/differentiel-autobloquant\/differentiel-verrouillable-tre-4x4-essieu-arriere-tr209-suzuki\/","title":{"rendered":"Diff\u00e9rentiel verrouillable TRE 4&#215;4 Essieu arri\u00e8re TR209 Suzuki"},"content":{"rendered":"<h3 data-start=\"0\" data-end=\"25\"><strong data-start=\"4\" data-end=\"25\">Garantie de 12 mois<\/strong><\/h3>\n<p data-start=\"27\" data-end=\"108\">Vous pouvez consulter le <strong data-start=\"45\" data-end=\"87\">catalogue des diff\u00e9rentiels verrouillables TRE 4&#215;4<\/strong> pour conna\u00eetre leur compatibilit\u00e9.<\/p>\n<p data-start=\"104\" data-end=\"126\"><strong data-start=\"104\" data-end=\"124\">Compatible avec :<\/strong><\/p>\n<ul data-start=\"127\" data-end=\"162\">\n<li data-start=\"127\" data-end=\"162\">1990-2000 <strong data-start=\"139\" data-end=\"162\">Suzuki Grand Vitara<\/strong><\/li>\n<\/ul>\n<p data-start=\"164\" data-end=\"256\">Pour actionner le diff\u00e9rentiel verrouillable, vous aurez \u00e9galement besoin du <strong data-start=\"225\" data-end=\"255\">compresseur d&rsquo;air 12V TRE 4&#215;4.<\/strong><\/p>\n<ul data-start=\"258\" data-end=\"274\">\n<li data-start=\"258\" data-end=\"274\"><strong data-start=\"260\" data-end=\"274\">26 cannelures<\/strong><\/li>\n<\/ul>\n<p data-start=\"276\" data-end=\"391\">Pour une installation correcte et pour \u00e9viter tout dommage, nous vous recommandons de faire monter les pi\u00e8ces par un <strong data-start=\"363\" data-end=\"390\">service 4&#215;4 sp\u00e9cialis\u00e9.<\/strong><\/p>\n<ul data-start=\"393\" data-end=\"957\">\n<li data-start=\"393\" data-end=\"424\"><strong data-start=\"395\" data-end=\"422\">Traction 100% \u00e0 la demande<\/strong><\/li>\n<li data-start=\"425\" data-end=\"466\">S&rsquo;engage avec un <strong data-start=\"442\" data-end=\"464\">compresseur TRE 4&#215;4<\/strong><\/li>\n<li data-start=\"467\" data-end=\"504\"><strong data-start=\"469\" data-end=\"502\">Am\u00e9lioration des performances de traction<\/strong><\/li>\n<li data-start=\"505\" data-end=\"628\"><strong data-start=\"507\" data-end=\"542\">Fonctionnement simple et pratique<\/strong>, permettant \u00e0 l&rsquo;utilisateur de se concentrer sur le terrain tout en maintenant le <strong data-start=\"604\" data-end=\"626\">confort et la s\u00e9curit\u00e9.<\/strong><\/li>\n<li data-start=\"629\" data-end=\"709\"><strong data-start=\"631\" data-end=\"669\">Exceptionnellement durable et puissant<\/strong>, fabriqu\u00e9 \u00e0 partir de <strong data-start=\"681\" data-end=\"707\">mat\u00e9riaux de haute qualit\u00e9<\/strong><\/li>\n<li data-start=\"710\" data-end=\"790\"><strong data-start=\"712\" data-end=\"754\">Conception incroyablement simple et efficace<\/strong>, garantissant une <strong data-start=\"765\" data-end=\"788\">fiabilit\u00e9 maximale<\/strong><\/li>\n<li data-start=\"791\" data-end=\"868\"><strong data-start=\"793\" data-end=\"821\">Conception \u00e9prouv\u00e9e et test\u00e9e<\/strong>, fiable dans <strong data-start=\"835\" data-end=\"866\">plus de 80 pays \u00e0 travers le monde<\/strong><\/li>\n<li data-start=\"869\" data-end=\"957\"><strong data-start=\"884\" data-end=\"925\">Diff\u00e9rentiels verrouillables avant et arri\u00e8re<\/strong> disponibles pour la plupart des <strong data-start=\"935\" data-end=\"957\">mod\u00e8les 4WD et 2WD<\/strong><\/li>\n<\/ul>\n","protected":false},"excerpt":{"rendered":"<p><strong>TR209<\/strong> Suzuki<\/p>\n<p>Diff\u00e9rentiel verrouillable TRE 4&#215;4 Essieu arri\u00e8re<\/p>\n","protected":false},"featured_media":33885,"comment_status":"open","ping_status":"closed","template":"","meta":[],"product_brand":[1233],"product_cat":[4583],"product_tag":[3702,3718,3650,4120,3704],"class_list":{"0":"post-43442","1":"product","2":"type-product","3":"status-publish","4":"has-post-thumbnail","6":"product_brand-tre-4x4","7":"product_cat-differentiel-autobloquant","8":"product_tag-lockable-differential-fr","9":"product_tag-rear-axle-fr","10":"product_tag-suzuki-fr","11":"product_tag-tr209-fr","12":"product_tag-tre-4x4-fr","13":"product_shipping_class-alte-produse-fr","15":"first","16":"instock","17":"taxable","18":"shipping-taxable","19":"purchasable","20":"product-type-simple"},"_links":{"self":[{"href":"https:\/\/ofm4x4.com\/fr\/wp-json\/wp\/v2\/product\/43442","targetHints":{"allow":["GET"]}}],"collection":[{"href":"https:\/\/ofm4x4.com\/fr\/wp-json\/wp\/v2\/product"}],"about":[{"href":"https:\/\/ofm4x4.com\/fr\/wp-json\/wp\/v2\/types\/product"}],"replies":[{"embeddable":true,"href":"https:\/\/ofm4x4.com\/fr\/wp-json\/wp\/v2\/comments?post=43442"}],"version-history":[{"count":1,"href":"https:\/\/ofm4x4.com\/fr\/wp-json\/wp\/v2\/product\/43442\/revisions"}],"predecessor-version":[{"id":43444,"href":"https:\/\/ofm4x4.com\/fr\/wp-json\/wp\/v2\/product\/43442\/revisions\/43444"}],"wp:featuredmedia":[{"embeddable":true,"href":"https:\/\/ofm4x4.com\/fr\/wp-json\/wp\/v2\/media\/33885"}],"wp:attachment":[{"href":"https:\/\/ofm4x4.com\/fr\/wp-json\/wp\/v2\/media?parent=43442"}],"wp:term":[{"taxonomy":"product_brand","embeddable":true,"href":"https:\/\/ofm4x4.com\/fr\/wp-json\/wp\/v2\/product_brand?post=43442"},{"taxonomy":"product_cat","embeddable":true,"href":"https:\/\/ofm4x4.com\/fr\/wp-json\/wp\/v2\/product_cat?post=43442"},{"taxonomy":"product_tag","embeddable":true,"href":"https:\/\/ofm4x4.com\/fr\/wp-json\/wp\/v2\/product_tag?post=43442"}],"curies":[{"name":"wp","href":"https:\/\/api.w.org\/{rel}","templated":true}]}}