{"id":43447,"date":"2022-08-24T13:32:26","date_gmt":"2022-08-24T13:32:26","guid":{"rendered":"https:\/\/ofm4x4.com\/shop\/non%20class\u00e9\/differentiel-bloquant-tre-4x4-essieu-avant-tr205-suzuki-vitara\/"},"modified":"2025-09-24T09:59:34","modified_gmt":"2025-09-24T09:59:34","slug":"differentiel-bloquant-tre-4x4-essieu-avant-tr205-suzuki-vitara","status":"publish","type":"product","link":"https:\/\/ofm4x4.com\/fr\/shop\/differentiel-autobloquant\/differentiel-bloquant-tre-4x4-essieu-avant-tr205-suzuki-vitara\/","title":{"rendered":"Diff\u00e9rentiel bloquant TRE 4&#215;4 Essieu avant TR205 Suzuki Vitara"},"content":{"rendered":"<h3 data-start=\"0\" data-end=\"27\"><strong data-start=\"4\" data-end=\"25\">Garantie de 12 mois<\/strong><\/h3>\n<p data-start=\"29\" data-end=\"136\">Vous pouvez consulter le catalogue pour conna\u00eetre la compatibilit\u00e9 des diff\u00e9rentiels autobloquants : [TRE 4&#215;4 Locking Differentials Catalog].<\/p>\n<ul>\n<li data-start=\"138\" data-end=\"295\"><strong data-start=\"138\" data-end=\"205\">Sierra \/ Samurai \/ SJ Suspension par ressorts \u00e0 lames 1984 &#8211; 1998 (arri\u00e8re)<\/strong><\/li>\n<li data-start=\"138\" data-end=\"295\"><strong data-start=\"208\" data-end=\"249\">Vitara \/ Sidekick 1988 &#8211; 1998 (avant)<\/strong><\/li>\n<li data-start=\"138\" data-end=\"295\"><strong data-start=\"252\" data-end=\"293\">Grand Vitara, XL7 1988 &#8211; 1998 (avant)<\/strong><\/li>\n<\/ul>\n<p data-start=\"297\" data-end=\"385\">Pour actionner le diff\u00e9rentiel de blocage, vous avez \u00e9galement besoin du <strong data-start=\"352\" data-end=\"382\">compresseur d&rsquo;air TRE 4&#215;4 12V<\/strong>.<\/p>\n<ul data-start=\"387\" data-end=\"429\">\n<li data-start=\"387\" data-end=\"405\"><strong data-start=\"389\" data-end=\"403\">22 cannelures<\/strong><\/li>\n<li data-start=\"406\" data-end=\"429\">Couronne avec 10 boulons<\/li>\n<\/ul>\n<p data-start=\"431\" data-end=\"546\">Il est recommand\u00e9 de confier l&rsquo;installation \u00e0 un centre de service 4&#215;4 sp\u00e9cialis\u00e9 afin d&rsquo;\u00e9viter d&rsquo;endommager le produit.<\/p>\n<ul data-start=\"548\" data-end=\"1044\" data-is-last-node=\"\">\n<li data-start=\"548\" data-end=\"584\">Assure une traction \u00e0 100 % sur demande<\/li>\n<li data-start=\"585\" data-end=\"623\">S&rsquo;engage via le compresseur d&rsquo;air TRE 4&#215;4<\/li>\n<li data-start=\"624\" data-end=\"651\">Am\u00e9lioration de la vitesse de traction<\/li>\n<li data-start=\"652\" data-end=\"766\">Le fonctionnement simple et pratique permet au conducteur de se concentrer sur le terrain tout en maintenant le confort et la s\u00e9curit\u00e9.<\/li>\n<li data-start=\"767\" data-end=\"846\">Extr\u00eamement durable et solide &#8211; fabriqu\u00e9 uniquement \u00e0 partir de mat\u00e9riaux de la plus haute qualit\u00e9<\/li>\n<li data-start=\"847\" data-end=\"919\">Conception incroyablement simple et efficace, garantissant une fiabilit\u00e9 maximale<\/li>\n<li data-start=\"920\" data-end=\"972\">\u00c9prouv\u00e9 et test\u00e9 dans plus de 80 pays \u00e0 travers le monde<\/li>\n<li data-start=\"973\" data-end=\"1044\" data-is-last-node=\"\">Disponible pour les essieux avant et arri\u00e8re de la plupart des mod\u00e8les 4WD et 2WD<\/li>\n<\/ul>\n","protected":false},"excerpt":{"rendered":"<p><strong>TR205<\/strong> Suzuki Vitara<\/p>\n<p>Diff\u00e9rentiel bloquant TRE 4&#215;4 Essieu avant<\/p>\n","protected":false},"featured_media":33895,"comment_status":"open","ping_status":"closed","template":"","meta":[],"product_brand":[1233],"product_cat":[4583],"product_tag":[3722,4122,4123,4132,3704],"class_list":{"0":"post-43447","1":"product","2":"type-product","3":"status-publish","4":"has-post-thumbnail","6":"product_brand-tre-4x4","7":"product_cat-differentiel-autobloquant","8":"product_tag-front-axle-fr","9":"product_tag-locking-differential-fr","10":"product_tag-suzuki-vitara-fr","11":"product_tag-tr205-fr","12":"product_tag-tre-4x4-fr","13":"product_shipping_class-alte-produse-fr","15":"first","16":"instock","17":"taxable","18":"shipping-taxable","19":"purchasable","20":"product-type-simple"},"_links":{"self":[{"href":"https:\/\/ofm4x4.com\/fr\/wp-json\/wp\/v2\/product\/43447","targetHints":{"allow":["GET"]}}],"collection":[{"href":"https:\/\/ofm4x4.com\/fr\/wp-json\/wp\/v2\/product"}],"about":[{"href":"https:\/\/ofm4x4.com\/fr\/wp-json\/wp\/v2\/types\/product"}],"replies":[{"embeddable":true,"href":"https:\/\/ofm4x4.com\/fr\/wp-json\/wp\/v2\/comments?post=43447"}],"version-history":[{"count":1,"href":"https:\/\/ofm4x4.com\/fr\/wp-json\/wp\/v2\/product\/43447\/revisions"}],"predecessor-version":[{"id":43449,"href":"https:\/\/ofm4x4.com\/fr\/wp-json\/wp\/v2\/product\/43447\/revisions\/43449"}],"wp:featuredmedia":[{"embeddable":true,"href":"https:\/\/ofm4x4.com\/fr\/wp-json\/wp\/v2\/media\/33895"}],"wp:attachment":[{"href":"https:\/\/ofm4x4.com\/fr\/wp-json\/wp\/v2\/media?parent=43447"}],"wp:term":[{"taxonomy":"product_brand","embeddable":true,"href":"https:\/\/ofm4x4.com\/fr\/wp-json\/wp\/v2\/product_brand?post=43447"},{"taxonomy":"product_cat","embeddable":true,"href":"https:\/\/ofm4x4.com\/fr\/wp-json\/wp\/v2\/product_cat?post=43447"},{"taxonomy":"product_tag","embeddable":true,"href":"https:\/\/ofm4x4.com\/fr\/wp-json\/wp\/v2\/product_tag?post=43447"}],"curies":[{"name":"wp","href":"https:\/\/api.w.org\/{rel}","templated":true}]}}