{"id":43467,"date":"2022-08-24T10:22:07","date_gmt":"2022-08-24T10:22:07","guid":{"rendered":"https:\/\/ofm4x4.com\/shop\/non%20class\u00e9\/differentiel-verrouillable-tre-4x4-tr90-toyota\/"},"modified":"2025-09-24T09:59:44","modified_gmt":"2025-09-24T09:59:44","slug":"differentiel-verrouillable-tre-4x4-tr90-toyota","status":"publish","type":"product","link":"https:\/\/ofm4x4.com\/fr\/shop\/differentiel-autobloquant\/differentiel-verrouillable-tre-4x4-tr90-toyota\/","title":{"rendered":"Diff\u00e9rentiel verrouillable TRE 4&#215;4 TR90 Toyota"},"content":{"rendered":"<h2 data-start=\"81\" data-end=\"105\"><strong data-start=\"84\" data-end=\"105\">Garantie de 12 mois<\/strong><\/h2>\n<p data-start=\"24\" data-end=\"139\">Vous pouvez consulter le catalogue des diff\u00e9rentiels verrouillables pour la compatibilit\u00e9 : <strong data-start=\"97\" data-end=\"139\">Catalogue des diff\u00e9rentiels verrouillables TRE 4&#215;4<\/strong><\/p>\n<p data-start=\"141\" data-end=\"232\">Pour actionner le diff\u00e9rentiel verrouillable, vous aurez \u00e9galement besoin du <strong data-start=\"202\" data-end=\"232\">compresseur d&rsquo;air TRE 4&#215;4 12V<\/strong>.<\/p>\n<p data-start=\"234\" data-end=\"288\"><strong data-start=\"234\" data-end=\"288\">Diff\u00e9rentiel arri\u00e8re verrouillable TRE 4&#215;4 TR90 pour Toyota<\/strong><\/p>\n<ul data-start=\"290\" data-end=\"328\">\n<li data-start=\"290\" data-end=\"314\">Diam\u00e8tre du plan\u00e9taire : 28<\/li>\n<li data-start=\"315\" data-end=\"328\">Cannelures : 27<\/li>\n<\/ul>\n<p data-start=\"330\" data-end=\"441\">Il est recommand\u00e9 d&rsquo;installer les pi\u00e8ces dans un service 4&#215;4 sp\u00e9cialis\u00e9, sinon vous risquez d&rsquo;endommager les produits !<\/p>\n<ul data-start=\"443\" data-end=\"980\" data-is-last-node=\"\">\n<li data-start=\"443\" data-end=\"477\">Assure une traction \u00e0 la demande \u00e0 100 %.<\/li>\n<li data-start=\"478\" data-end=\"526\">L&rsquo;accouplement se fait avec un <strong data-start=\"504\" data-end=\"526\">compresseur TRE 4&#215;4.<\/strong><\/li>\n<li data-start=\"527\" data-end=\"552\">Am\u00e9lioration de la vitesse de traction<\/li>\n<li data-start=\"553\" data-end=\"687\">Le fonctionnement simple et pratique permet \u00e0 l&rsquo;utilisateur de se concentrer sur le terrain sans compromettre le confort et la s\u00e9curit\u00e9 du si\u00e8ge du conducteur.<\/li>\n<li data-start=\"688\" data-end=\"762\">Extr\u00eamement durable et puissant &#8211; fabriqu\u00e9 avec des mat\u00e9riaux de la plus haute qualit\u00e9<\/li>\n<li data-start=\"763\" data-end=\"833\">Conception incroyablement simple et efficace, garantissant une fiabilit\u00e9 maximale<\/li>\n<li data-start=\"834\" data-end=\"893\">Test\u00e9 et prouv\u00e9 fiable dans plus de 80 pays \u00e0 travers le monde<\/li>\n<li data-start=\"894\" data-end=\"980\" data-is-last-node=\"\">Disponible pour les diff\u00e9rentiels verrouillables avant et arri\u00e8re pour la plupart des mod\u00e8les 4WD et 2WD<\/li>\n<\/ul>\n","protected":false},"excerpt":{"rendered":"<p><strong>TR90<\/strong> Toyota<\/p>\n<p>Diff\u00e9rentiel verrouillable TRE 4&#215;4<\/p>\n","protected":false},"featured_media":33932,"comment_status":"open","ping_status":"closed","template":"","meta":[],"product_brand":[1233],"product_cat":[4583],"product_tag":[],"class_list":{"0":"post-43467","1":"product","2":"type-product","3":"status-publish","4":"has-post-thumbnail","6":"product_brand-tre-4x4","7":"product_cat-differentiel-autobloquant","8":"product_shipping_class-alte-produse-fr","10":"first","11":"instock","12":"taxable","13":"shipping-taxable","14":"purchasable","15":"product-type-simple"},"_links":{"self":[{"href":"https:\/\/ofm4x4.com\/fr\/wp-json\/wp\/v2\/product\/43467","targetHints":{"allow":["GET"]}}],"collection":[{"href":"https:\/\/ofm4x4.com\/fr\/wp-json\/wp\/v2\/product"}],"about":[{"href":"https:\/\/ofm4x4.com\/fr\/wp-json\/wp\/v2\/types\/product"}],"replies":[{"embeddable":true,"href":"https:\/\/ofm4x4.com\/fr\/wp-json\/wp\/v2\/comments?post=43467"}],"version-history":[{"count":1,"href":"https:\/\/ofm4x4.com\/fr\/wp-json\/wp\/v2\/product\/43467\/revisions"}],"predecessor-version":[{"id":43469,"href":"https:\/\/ofm4x4.com\/fr\/wp-json\/wp\/v2\/product\/43467\/revisions\/43469"}],"wp:featuredmedia":[{"embeddable":true,"href":"https:\/\/ofm4x4.com\/fr\/wp-json\/wp\/v2\/media\/33932"}],"wp:attachment":[{"href":"https:\/\/ofm4x4.com\/fr\/wp-json\/wp\/v2\/media?parent=43467"}],"wp:term":[{"taxonomy":"product_brand","embeddable":true,"href":"https:\/\/ofm4x4.com\/fr\/wp-json\/wp\/v2\/product_brand?post=43467"},{"taxonomy":"product_cat","embeddable":true,"href":"https:\/\/ofm4x4.com\/fr\/wp-json\/wp\/v2\/product_cat?post=43467"},{"taxonomy":"product_tag","embeddable":true,"href":"https:\/\/ofm4x4.com\/fr\/wp-json\/wp\/v2\/product_tag?post=43467"}],"curies":[{"name":"wp","href":"https:\/\/api.w.org\/{rel}","templated":true}]}}