{"id":43475,"date":"2020-06-05T10:49:32","date_gmt":"2020-06-05T10:49:32","guid":{"rendered":"https:\/\/ofm4x4.com\/shop\/non%20class\u00e9\/roue-en-acier-15x8-et-35-6x139-7-cb-110-avec-beadlock-pour-nissan-patrol-mitsubishi-pajero-toyota-land-cruiser\/"},"modified":"2025-09-24T09:59:46","modified_gmt":"2025-09-24T09:59:46","slug":"roue-en-acier-15x8-et-35-6x139-7-cb-110-avec-beadlock-pour-nissan-patrol-mitsubishi-pajero-toyota-land-cruiser","status":"publish","type":"product","link":"https:\/\/ofm4x4.com\/fr\/shop\/roues-en-acier\/roue-en-acier-15x8-et-35-6x139-7-cb-110-avec-beadlock-pour-nissan-patrol-mitsubishi-pajero-toyota-land-cruiser\/","title":{"rendered":"Roue en acier 15&#215;8 ET -35 6&#215;139.7 CB 110 avec Beadlock pour Nissan Patrol, Mitsubishi Pajero, Toyota Land Cruiser"},"content":{"rendered":"<div id=\"\\\" ali-anchor-alimagic-6rxnu8=\"\" class=\"\\\" magic-0=\"\" data-section=\"\\\"AliMagic-6rxnu8\\\"\" data-section-title=\"\\\"Product\" data-spm-anchor-id=\"\\\"a2700.details.pronpeci14.i0.7ae070497Niwca\\\"\">\n<p data-start=\"0\" data-end=\"21\"><strong data-start=\"0\" data-end=\"19\">Sp\u00e9cifications :<\/strong><\/p>\n<ul data-start=\"23\" data-end=\"198\">\n<li data-start=\"23\" data-end=\"44\"><strong data-start=\"25\" data-end=\"38\">Diam\u00e8tre :<\/strong> R15<\/li>\n<li data-start=\"45\" data-end=\"62\"><strong data-start=\"47\" data-end=\"57\">Largeur :<\/strong> 8J<\/li>\n<li data-start=\"63\" data-end=\"87\"><strong data-start=\"65\" data-end=\"81\">ET (d\u00e9calage) :<\/strong> -35<\/li>\n<li data-start=\"88\" data-end=\"125\"><strong data-start=\"90\" data-end=\"113\">PCD (sch\u00e9ma de boulonnage) :<\/strong> 6 x 139.7<\/li>\n<li data-start=\"126\" data-end=\"146\" data-is-only-node=\"\"><strong data-start=\"128\" data-end=\"138\">Couleur :<\/strong> Noir<\/li>\n<li data-start=\"147\" data-end=\"176\"><strong data-start=\"149\" data-end=\"170\">CB (Center Bore) :<\/strong> 110<\/li>\n<li data-start=\"177\" data-end=\"198\"><strong data-start=\"179\" data-end=\"189\">Mod\u00e8le :<\/strong> OFMBD7<\/li>\n<\/ul>\n<p data-start=\"200\" data-end=\"297\">\u26a0\ufe0f <strong data-start=\"203\" data-end=\"295\">Ces roues ne sont pas homologu\u00e9es pour une utilisation sur la voie publique et n&rsquo;ont pas de certification RAR.<\/strong><\/p>\n<p data-start=\"299\" data-end=\"352\">Ils sont con\u00e7us exclusivement pour une <strong data-start=\"333\" data-end=\"349\">utilisation hors route.<\/strong><\/p>\n<ul data-start=\"354\" data-end=\"799\" data-is-only-node=\"\" data-is-last-node=\"\">\n<li data-start=\"354\" data-end=\"501\"><strong data-start=\"356\" data-end=\"411\">Jantes en acier avec d\u00e9coupe triangulaire<\/strong>, d&rsquo;un <strong data-start=\"425\" data-end=\"445\">diam\u00e8tre de 15 pouces<\/strong> et d&rsquo;une <strong data-start=\"450\" data-end=\"466\" data-is-only-node=\"\">largeur de 8 pouces<\/strong>, con\u00e7ues pour les v\u00e9hicules tout-terrain.<\/li>\n<li data-start=\"502\" data-end=\"597\">Le produit est <strong data-start=\"519\" data-end=\"554\">peint en noir par \u00e9lectrostatique<\/strong>, ce qui augmente sa r\u00e9sistance aux rayures.<\/li>\n<li data-start=\"598\" data-end=\"799\" data-is-last-node=\"\">La jante pr\u00e9sente un <strong data-start=\"619\" data-end=\"640\">\u00e9paulement n\u00e9gatif<\/strong> qui positionne la roue plus \u00e0 l&rsquo;ext\u00e9rieur par rapport au moyeu, ce qui am\u00e9liore la <strong data-start=\"724\" data-end=\"737\">stabilit\u00e9 du<\/strong> v\u00e9hicule et offre <strong data-start=\"751\" data-end=\"798\">plus d&rsquo;espace pour les pneus tout-terrain surdimensionn\u00e9s<\/strong>.<\/li>\n<\/ul>\n<\/div>\n","protected":false},"excerpt":{"rendered":"<p data-start=\"0\" data-end=\"116\"><strong data-start=\"0\" data-end=\"114\">Roue en acier 15X8 ET -35 6X139.7 CB 110 avec Beadlock pour Nissan Patrol, Mitsubishi Pajero, Toyota Land Cruiser<\/strong><\/p>\n<p data-start=\"118\" data-end=\"215\">\u26a0\ufe0f <strong data-start=\"121\" data-end=\"213\">Ces roues ne sont pas homologu\u00e9es pour une utilisation sur la voie publique et n&rsquo;ont pas de certification RAR.<\/strong><\/p>\n<p data-start=\"217\" data-end=\"268\" data-is-last-node=\"\" data-is-only-node=\"\">Ils sont con\u00e7us exclusivement pour une <strong data-start=\"251\" data-end=\"267\">utilisation hors route.<\/strong><\/p>\n","protected":false},"featured_media":37457,"comment_status":"open","ping_status":"closed","template":"","meta":[],"product_brand":[1279],"product_cat":[4625],"product_tag":[4408,4433,4503,3623],"class_list":{"0":"post-43475","1":"product","2":"type-product","3":"status-publish","4":"has-post-thumbnail","6":"product_brand-ofm4x4","7":"product_cat-roues-en-acier","8":"product_tag-15x8-fr","9":"product_tag-beadlock-fr","10":"product_tag-et-35-6x139-7-cb-110-fr","11":"product_tag-roue-en-acier","12":"product_shipping_class-alte-produse-fr","14":"first","15":"instock","16":"taxable","17":"shipping-taxable","18":"purchasable","19":"product-type-simple"},"_links":{"self":[{"href":"https:\/\/ofm4x4.com\/fr\/wp-json\/wp\/v2\/product\/43475","targetHints":{"allow":["GET"]}}],"collection":[{"href":"https:\/\/ofm4x4.com\/fr\/wp-json\/wp\/v2\/product"}],"about":[{"href":"https:\/\/ofm4x4.com\/fr\/wp-json\/wp\/v2\/types\/product"}],"replies":[{"embeddable":true,"href":"https:\/\/ofm4x4.com\/fr\/wp-json\/wp\/v2\/comments?post=43475"}],"version-history":[{"count":1,"href":"https:\/\/ofm4x4.com\/fr\/wp-json\/wp\/v2\/product\/43475\/revisions"}],"predecessor-version":[{"id":43503,"href":"https:\/\/ofm4x4.com\/fr\/wp-json\/wp\/v2\/product\/43475\/revisions\/43503"}],"wp:featuredmedia":[{"embeddable":true,"href":"https:\/\/ofm4x4.com\/fr\/wp-json\/wp\/v2\/media\/37457"}],"wp:attachment":[{"href":"https:\/\/ofm4x4.com\/fr\/wp-json\/wp\/v2\/media?parent=43475"}],"wp:term":[{"taxonomy":"product_brand","embeddable":true,"href":"https:\/\/ofm4x4.com\/fr\/wp-json\/wp\/v2\/product_brand?post=43475"},{"taxonomy":"product_cat","embeddable":true,"href":"https:\/\/ofm4x4.com\/fr\/wp-json\/wp\/v2\/product_cat?post=43475"},{"taxonomy":"product_tag","embeddable":true,"href":"https:\/\/ofm4x4.com\/fr\/wp-json\/wp\/v2\/product_tag?post=43475"}],"curies":[{"name":"wp","href":"https:\/\/api.w.org\/{rel}","templated":true}]}}