{"id":43504,"date":"2022-08-23T15:06:06","date_gmt":"2022-08-23T15:06:06","guid":{"rendered":"https:\/\/ofm4x4.com\/shop\/non%20class\u00e9\/ofm110-entretoise-de-roue-30mm-6x139-7-m12x1-25-cb110-avec-anneau-de-centrage-pour-nissan-patrol\/"},"modified":"2025-09-24T09:59:47","modified_gmt":"2025-09-24T09:59:47","slug":"ofm110-entretoise-de-roue-30mm-6x139-7-m12x1-25-cb110-avec-anneau-de-centrage-pour-nissan-patrol","status":"publish","type":"product","link":"https:\/\/ofm4x4.com\/fr\/shop\/cales-de-roue\/ofm110-entretoise-de-roue-30mm-6x139-7-m12x1-25-cb110-avec-anneau-de-centrage-pour-nissan-patrol\/","title":{"rendered":"OFM110 Entretoise de roue 30mm 6&#215;139.7 M12x1.25-CB110 avec anneau de centrage pour Nissan Patrol"},"content":{"rendered":"<p data-start=\"0\" data-end=\"23\">Le prix est par pi\u00e8ce.<\/p>\n<p data-start=\"25\" data-end=\"233\">Les entretoises de roues sont fabriqu\u00e9es en aluminium dur sp\u00e9cial et r\u00e9pondent aux normes de qualit\u00e9 et de s\u00e9curit\u00e9 requises. Elles am\u00e9liorent la stabilit\u00e9 du v\u00e9hicule apr\u00e8s l&rsquo;avoir soulev\u00e9 en installant une suspension et des roues plus grandes. <\/p>\n<ul>\n<li data-start=\"235\" data-end=\"358\">Anneau de centrage : OUI<\/li>\n<li data-start=\"235\" data-end=\"358\">\u00c9paisseur : 30mm<\/li>\n<li data-start=\"235\" data-end=\"358\">Filet : M12 x 1,25<\/li>\n<li data-start=\"235\" data-end=\"358\">PCD : 6 x 139,7<\/li>\n<li data-start=\"235\" data-end=\"358\">Mat\u00e9riau : Aluminium<\/li>\n<li data-start=\"235\" data-end=\"358\">CB : 110<\/li>\n<li data-start=\"235\" data-end=\"358\">Mod\u00e8le : OFM 110<\/li>\n<\/ul>\n<p data-start=\"360\" data-end=\"520\" data-is-last-node=\"\" data-is-only-node=\"\">Attention : Les entretoises avec anneau central pour Nissan Patrol sont uniquement compatibles avec les moyeux AVM manuels. Elles ne sont pas compatibles avec les raccords d&rsquo;origine. <\/p>\n","protected":false},"excerpt":{"rendered":"<p>Entretoise de roue 30mm 6X139.7 M12X1.25 CB110 avec anneau de centrage pour Nissan Patrol<\/p>\n","protected":false},"featured_media":37094,"comment_status":"open","ping_status":"closed","template":"","meta":[],"product_brand":[1279],"product_cat":[4610],"product_tag":[4002,3689,4217,3762,3652,4218,4111],"class_list":{"0":"post-43504","1":"product","2":"type-product","3":"status-publish","4":"has-post-thumbnail","6":"product_brand-ofm4x4","7":"product_cat-cales-de-roue","8":"product_tag-30mm-fr","9":"product_tag-6x139-7-fr","10":"product_tag-cb110-fr","11":"product_tag-centering-ring-fr","12":"product_tag-entretoises-de-roue","13":"product_tag-m12x1-25-fr","14":"product_tag-nissan-patrol-fr","15":"product_shipping_class-produse-usoare-set-fr","17":"first","18":"instock","19":"taxable","20":"shipping-taxable","21":"purchasable","22":"product-type-simple"},"_links":{"self":[{"href":"https:\/\/ofm4x4.com\/fr\/wp-json\/wp\/v2\/product\/43504","targetHints":{"allow":["GET"]}}],"collection":[{"href":"https:\/\/ofm4x4.com\/fr\/wp-json\/wp\/v2\/product"}],"about":[{"href":"https:\/\/ofm4x4.com\/fr\/wp-json\/wp\/v2\/types\/product"}],"replies":[{"embeddable":true,"href":"https:\/\/ofm4x4.com\/fr\/wp-json\/wp\/v2\/comments?post=43504"}],"version-history":[{"count":1,"href":"https:\/\/ofm4x4.com\/fr\/wp-json\/wp\/v2\/product\/43504\/revisions"}],"predecessor-version":[{"id":43513,"href":"https:\/\/ofm4x4.com\/fr\/wp-json\/wp\/v2\/product\/43504\/revisions\/43513"}],"wp:featuredmedia":[{"embeddable":true,"href":"https:\/\/ofm4x4.com\/fr\/wp-json\/wp\/v2\/media\/37094"}],"wp:attachment":[{"href":"https:\/\/ofm4x4.com\/fr\/wp-json\/wp\/v2\/media?parent=43504"}],"wp:term":[{"taxonomy":"product_brand","embeddable":true,"href":"https:\/\/ofm4x4.com\/fr\/wp-json\/wp\/v2\/product_brand?post=43504"},{"taxonomy":"product_cat","embeddable":true,"href":"https:\/\/ofm4x4.com\/fr\/wp-json\/wp\/v2\/product_cat?post=43504"},{"taxonomy":"product_tag","embeddable":true,"href":"https:\/\/ofm4x4.com\/fr\/wp-json\/wp\/v2\/product_tag?post=43504"}],"curies":[{"name":"wp","href":"https:\/\/api.w.org\/{rel}","templated":true}]}}