{"id":43619,"date":"2020-04-23T09:03:02","date_gmt":"2020-04-23T09:03:02","guid":{"rendered":"https:\/\/ofm4x4.com\/shop\/non%20class\u00e9\/ofm103-entretoise-de-roue-50mm-6x139-7-m12x1-25mm-pour-nissan-ford\/"},"modified":"2025-09-24T10:00:02","modified_gmt":"2025-09-24T10:00:02","slug":"ofm103-entretoise-de-roue-50mm-6x139-7-m12x1-25mm-pour-nissan-ford","status":"publish","type":"product","link":"https:\/\/ofm4x4.com\/fr\/shop\/cales-de-roue\/ofm103-entretoise-de-roue-50mm-6x139-7-m12x1-25mm-pour-nissan-ford\/","title":{"rendered":"OFM103 Entretoise de roue 50mm 6&#215;139.7 M12x1.25mm pour Nissan, Ford"},"content":{"rendered":"<p data-start=\"0\" data-end=\"209\">Les brides d&rsquo;\u00e9cartement des roues sont fabriqu\u00e9es en duralumin sp\u00e9cial et r\u00e9pondent aux exigences de qualit\u00e9 et de s\u00e9curit\u00e9 requises. Elles am\u00e9liorent la stabilit\u00e9 du v\u00e9hicule apr\u00e8s le levage en installant une suspension et des roues plus grandes. <\/p>\n<ul>\n<li data-start=\"211\" data-end=\"336\">Anneau de centrage : Non<\/li>\n<li data-start=\"211\" data-end=\"336\">\u00c9paisseur : 50 mm<\/li>\n<li data-start=\"211\" data-end=\"336\">Montage : M12 x 1,25<\/li>\n<li data-start=\"211\" data-end=\"336\">PCD : 6 x 139,7<\/li>\n<li data-start=\"211\" data-end=\"336\">Mat\u00e9riau : Aluminium<\/li>\n<li data-start=\"211\" data-end=\"336\">CB : 110<\/li>\n<li data-start=\"211\" data-end=\"336\">Mod\u00e8le : OFM103<\/li>\n<\/ul>\n<p data-start=\"338\" data-end=\"363\">Sans bague de centrage.<\/p>\n<p data-start=\"365\" data-end=\"518\">Compatible avec : Nissan Patrol, Terrano, Navara D22<br data-start=\"416\" data-end=\"419\">Maverick (CB : 100) &#8211; n\u00e9cessite une bague de centrage<br data-start=\"465\" data-end=\"468\">Navara D21 (CB : 100) &#8211; n\u00e9cessite une bague de centrage<\/p>\n<p data-start=\"520\" data-end=\"543\" data-is-last-node=\"\" data-is-only-node=\"\">Le prix est par pi\u00e8ce.<\/p>\n","protected":false},"excerpt":{"rendered":"<p>Entretoise de roue 50mm 6&#215;139.7 M12x1.25mm pour Nissan, Ford<\/p>\n","protected":false},"featured_media":37478,"comment_status":"open","ping_status":"closed","template":"","meta":[],"product_brand":[1279],"product_cat":[4610],"product_tag":[3657,3689,3652,4310,3656,4136],"class_list":{"0":"post-43619","1":"product","2":"type-product","3":"status-publish","4":"has-post-thumbnail","6":"product_brand-ofm4x4","7":"product_cat-cales-de-roue","8":"product_tag-50mm-fr","9":"product_tag-6x139-7-fr","10":"product_tag-entretoises-de-roue","11":"product_tag-ford-fr","12":"product_tag-m12x125mm","13":"product_tag-nissan-fr","14":"product_shipping_class-produse-usoare-set-fr","16":"first","17":"instock","18":"taxable","19":"shipping-taxable","20":"purchasable","21":"product-type-simple"},"_links":{"self":[{"href":"https:\/\/ofm4x4.com\/fr\/wp-json\/wp\/v2\/product\/43619","targetHints":{"allow":["GET"]}}],"collection":[{"href":"https:\/\/ofm4x4.com\/fr\/wp-json\/wp\/v2\/product"}],"about":[{"href":"https:\/\/ofm4x4.com\/fr\/wp-json\/wp\/v2\/types\/product"}],"replies":[{"embeddable":true,"href":"https:\/\/ofm4x4.com\/fr\/wp-json\/wp\/v2\/comments?post=43619"}],"version-history":[{"count":1,"href":"https:\/\/ofm4x4.com\/fr\/wp-json\/wp\/v2\/product\/43619\/revisions"}],"predecessor-version":[{"id":43625,"href":"https:\/\/ofm4x4.com\/fr\/wp-json\/wp\/v2\/product\/43619\/revisions\/43625"}],"wp:featuredmedia":[{"embeddable":true,"href":"https:\/\/ofm4x4.com\/fr\/wp-json\/wp\/v2\/media\/37478"}],"wp:attachment":[{"href":"https:\/\/ofm4x4.com\/fr\/wp-json\/wp\/v2\/media?parent=43619"}],"wp:term":[{"taxonomy":"product_brand","embeddable":true,"href":"https:\/\/ofm4x4.com\/fr\/wp-json\/wp\/v2\/product_brand?post=43619"},{"taxonomy":"product_cat","embeddable":true,"href":"https:\/\/ofm4x4.com\/fr\/wp-json\/wp\/v2\/product_cat?post=43619"},{"taxonomy":"product_tag","embeddable":true,"href":"https:\/\/ofm4x4.com\/fr\/wp-json\/wp\/v2\/product_tag?post=43619"}],"curies":[{"name":"wp","href":"https:\/\/api.w.org\/{rel}","templated":true}]}}