{"id":43627,"date":"2022-08-24T13:26:12","date_gmt":"2022-08-24T13:26:12","guid":{"rendered":"https:\/\/ofm4x4.com\/shop\/non%20class\u00e9\/differentiel-bloquant-tre-4x4-tr204-suzuki\/"},"modified":"2025-09-24T10:00:10","modified_gmt":"2025-09-24T10:00:10","slug":"differentiel-bloquant-tre-4x4-tr204-suzuki","status":"publish","type":"product","link":"https:\/\/ofm4x4.com\/fr\/shop\/differentiel-autobloquant\/differentiel-bloquant-tre-4x4-tr204-suzuki\/","title":{"rendered":"Diff\u00e9rentiel bloquant TRE 4&#215;4 TR204 Suzuki"},"content":{"rendered":"<h3 data-start=\"0\" data-end=\"27\"><strong data-start=\"4\" data-end=\"25\">Garantie de 12 mois<\/strong><\/h3>\n<p data-start=\"29\" data-end=\"136\">Vous pouvez consulter le catalogue pour conna\u00eetre la compatibilit\u00e9 des diff\u00e9rentiels autobloquants : [TRE 4&#215;4 Locking Differentials Catalog].<\/p>\n<p data-start=\"138\" data-end=\"197\"><strong data-start=\"138\" data-end=\"195\">TRE 4&#215;4 Diff\u00e9rentiel de blocage arri\u00e8re TR204 Suzuki Vitara<\/strong><\/p>\n<p data-start=\"199\" data-end=\"287\">Pour actionner le diff\u00e9rentiel de blocage, vous avez \u00e9galement besoin du <strong data-start=\"254\" data-end=\"284\">compresseur d&rsquo;air TRE 4&#215;4 12V<\/strong>.<\/p>\n<ul data-start=\"289\" data-end=\"307\">\n<li data-start=\"289\" data-end=\"307\"><strong data-start=\"291\" data-end=\"305\">26 cannelures<\/strong><\/li>\n<\/ul>\n<p data-start=\"309\" data-end=\"424\">Il est recommand\u00e9 de confier l&rsquo;installation \u00e0 un centre de service 4&#215;4 sp\u00e9cialis\u00e9 afin d&rsquo;\u00e9viter d&rsquo;endommager le produit.<\/p>\n<ul data-start=\"426\" data-end=\"920\" data-is-last-node=\"\">\n<li data-start=\"426\" data-end=\"462\">Assure une traction \u00e0 100 % sur demande<\/li>\n<li data-start=\"463\" data-end=\"501\">S&rsquo;engage via le compresseur d&rsquo;air TRE 4&#215;4<\/li>\n<li data-start=\"502\" data-end=\"529\">Am\u00e9lioration de la vitesse de traction<\/li>\n<li data-start=\"530\" data-end=\"644\">Le fonctionnement simple et pratique permet au conducteur de se concentrer sur le terrain tout en maintenant le confort et la s\u00e9curit\u00e9.<\/li>\n<li data-start=\"645\" data-end=\"724\">Extr\u00eamement durable et solide &#8211; fabriqu\u00e9 uniquement \u00e0 partir de mat\u00e9riaux de la plus haute qualit\u00e9<\/li>\n<li data-start=\"725\" data-end=\"797\">Conception incroyablement simple et efficace, garantissant une fiabilit\u00e9 maximale<\/li>\n<li data-start=\"798\" data-end=\"850\">\u00c9prouv\u00e9 et test\u00e9 dans plus de 80 pays \u00e0 travers le monde<\/li>\n<li data-start=\"851\" data-end=\"920\" data-is-last-node=\"\">Disponible pour les essieux avant et arri\u00e8re de la plupart des mod\u00e8les 4WD et 2WD<\/li>\n<\/ul>\n","protected":false},"excerpt":{"rendered":"<p><strong>TR204<\/strong> Suzuki<\/p>\n<p>Diff\u00e9rentiel bloquant TRE 4&#215;4<\/p>\n","protected":false},"featured_media":33897,"comment_status":"open","ping_status":"closed","template":"","meta":[],"product_brand":[1233],"product_cat":[4583],"product_tag":[4122,3650,4134,3704],"class_list":{"0":"post-43627","1":"product","2":"type-product","3":"status-publish","4":"has-post-thumbnail","6":"product_brand-tre-4x4","7":"product_cat-differentiel-autobloquant","8":"product_tag-locking-differential-fr","9":"product_tag-suzuki-fr","10":"product_tag-tr204-fr","11":"product_tag-tre-4x4-fr","12":"product_shipping_class-alte-produse-fr","14":"first","15":"instock","16":"taxable","17":"shipping-taxable","18":"purchasable","19":"product-type-simple"},"_links":{"self":[{"href":"https:\/\/ofm4x4.com\/fr\/wp-json\/wp\/v2\/product\/43627","targetHints":{"allow":["GET"]}}],"collection":[{"href":"https:\/\/ofm4x4.com\/fr\/wp-json\/wp\/v2\/product"}],"about":[{"href":"https:\/\/ofm4x4.com\/fr\/wp-json\/wp\/v2\/types\/product"}],"replies":[{"embeddable":true,"href":"https:\/\/ofm4x4.com\/fr\/wp-json\/wp\/v2\/comments?post=43627"}],"version-history":[{"count":1,"href":"https:\/\/ofm4x4.com\/fr\/wp-json\/wp\/v2\/product\/43627\/revisions"}],"predecessor-version":[{"id":43629,"href":"https:\/\/ofm4x4.com\/fr\/wp-json\/wp\/v2\/product\/43627\/revisions\/43629"}],"wp:featuredmedia":[{"embeddable":true,"href":"https:\/\/ofm4x4.com\/fr\/wp-json\/wp\/v2\/media\/33897"}],"wp:attachment":[{"href":"https:\/\/ofm4x4.com\/fr\/wp-json\/wp\/v2\/media?parent=43627"}],"wp:term":[{"taxonomy":"product_brand","embeddable":true,"href":"https:\/\/ofm4x4.com\/fr\/wp-json\/wp\/v2\/product_brand?post=43627"},{"taxonomy":"product_cat","embeddable":true,"href":"https:\/\/ofm4x4.com\/fr\/wp-json\/wp\/v2\/product_cat?post=43627"},{"taxonomy":"product_tag","embeddable":true,"href":"https:\/\/ofm4x4.com\/fr\/wp-json\/wp\/v2\/product_tag?post=43627"}],"curies":[{"name":"wp","href":"https:\/\/api.w.org\/{rel}","templated":true}]}}