{"id":43650,"date":"2022-08-24T12:56:23","date_gmt":"2022-08-24T12:56:23","guid":{"rendered":"https:\/\/ofm4x4.com\/shop\/non%20class\u00e9\/differentiel-de-blocage-tre-4x4-essieu-arriere-tr135-nissan\/"},"modified":"2025-09-24T10:00:23","modified_gmt":"2025-09-24T10:00:23","slug":"differentiel-de-blocage-tre-4x4-essieu-arriere-tr135-nissan","status":"publish","type":"product","link":"https:\/\/ofm4x4.com\/fr\/shop\/differentiel-autobloquant\/differentiel-de-blocage-tre-4x4-essieu-arriere-tr135-nissan\/","title":{"rendered":"Diff\u00e9rentiel de blocage TRE 4&#215;4 Essieu arri\u00e8re TR135 Nissan"},"content":{"rendered":"<h3 data-start=\"0\" data-end=\"27\"><strong data-start=\"4\" data-end=\"25\">Garantie de 12 mois<\/strong><\/h3>\n<p data-start=\"29\" data-end=\"144\">Vous pouvez consulter le catalogue des diff\u00e9rentiels autobloquants pour v\u00e9rifier la compatibilit\u00e9 : <strong data-start=\"101\" data-end=\"142\">Catalogue des diff\u00e9rentiels autobloquants TRE 4&#215;4<\/strong><\/p>\n<p data-start=\"146\" data-end=\"170\"><strong data-start=\"146\" data-end=\"168\">Mod\u00e8les compatibles :<\/strong><\/p>\n<ul data-start=\"171\" data-end=\"580\">\n<li data-start=\"171\" data-end=\"216\">2000-2004 Nissan Xterra 6 cyl (Essieu arri\u00e8re)<\/li>\n<li data-start=\"217\" data-end=\"264\">1998-2004 Nissan Frontier 6 cyl (Essieu arri\u00e8re)<\/li>\n<li data-start=\"265\" data-end=\"311\">1998-2004 Nissan Navarra 6 cyl (Essieu arri\u00e8re)<\/li>\n<li data-start=\"312\" data-end=\"361\">1996-2004 Nissan Pathfinder 6 cyl (Essieu arri\u00e8re)<\/li>\n<li data-start=\"362\" data-end=\"408\">1987-1998 Nissan Patrol GQ Y60 (Essieu arri\u00e8re)<\/li>\n<li data-start=\"409\" data-end=\"448\">1987-1998 Nissan Safari (Essieu arri\u00e8re)<\/li>\n<li data-start=\"449\" data-end=\"495\">1998-2009 Nissan Patrol GU Y61 (Essieu arri\u00e8re)<\/li>\n<li data-start=\"496\" data-end=\"539\">2003-2006 Nissan Terrano II (Essieu arri\u00e8re)<\/li>\n<li data-start=\"540\" data-end=\"580\">2003-2006 Nissan Mistral (Essieu arri\u00e8re)<\/li>\n<\/ul>\n<p data-start=\"582\" data-end=\"670\">Pour actionner le diff\u00e9rentiel de blocage, vous avez \u00e9galement besoin du <strong data-start=\"637\" data-end=\"667\">compresseur d&rsquo;air TRE 4&#215;4 12V<\/strong>.<\/p>\n<ul>\n<li data-start=\"672\" data-end=\"728\">33 cannelures<\/li>\n<li data-start=\"672\" data-end=\"728\">Essieux : Nissan H233B<\/li>\n<li data-start=\"672\" data-end=\"728\">Ratios : 3.73 &#8211; 5.38<\/li>\n<\/ul>\n<p data-start=\"730\" data-end=\"843\">Il est recommand\u00e9 d&rsquo;installer les pi\u00e8ces dans un service 4&#215;4 sp\u00e9cialis\u00e9, sinon vous risquez d&rsquo;endommager les produits.<\/p>\n<ul>\n<li data-start=\"845\" data-end=\"1417\">Assure une traction \u00e0 la demande \u00e0 100 %.<\/li>\n<li data-start=\"845\" data-end=\"1417\">L&rsquo;engagement se fait avec un <strong data-start=\"906\" data-end=\"928\">compresseur TRE 4&#215;4.<\/strong><\/li>\n<li data-start=\"845\" data-end=\"1417\">Am\u00e9lioration de la vitesse de traction<\/li>\n<li data-start=\"845\" data-end=\"1417\">Le fonctionnement simple et pratique permet \u00e0 l&rsquo;utilisateur de se concentrer sur le terrain sans quitter le confort et la s\u00e9curit\u00e9 du si\u00e8ge du conducteur.<\/li>\n<li data-start=\"845\" data-end=\"1417\">Extr\u00eamement durable et extr\u00eamement solide &#8211; seuls les mat\u00e9riaux de la plus haute qualit\u00e9 sont utilis\u00e9s dans la fabrication.<\/li>\n<li data-start=\"845\" data-end=\"1417\">Conception incroyablement simple et efficace, garantissant une fiabilit\u00e9 maximale<\/li>\n<li data-start=\"845\" data-end=\"1417\">Conception test\u00e9e et fiabilit\u00e9 prouv\u00e9e dans plus de 80 pays \u00e0 travers le monde<\/li>\n<li data-start=\"845\" data-end=\"1417\">Diff\u00e9rentiels de blocage disponibles \u00e0 <strong data-start=\"1365\" data-end=\"1383\">l&rsquo;avant et \u00e0 l&rsquo;arri\u00e8re<\/strong> pour la plupart des mod\u00e8les <strong data-start=\"1393\" data-end=\"1408\">4RM et 2RM<\/strong> <\/li>\n<\/ul>\n","protected":false},"excerpt":{"rendered":"<p> <strong> TR135<\/strong> Nissan<\/p>\n<p>Diff\u00e9rentiel bloquant TRE 4&#215;4 Essieu arri\u00e8re<\/p>\n","protected":false},"featured_media":33911,"comment_status":"open","ping_status":"closed","template":"","meta":[],"product_brand":[1233],"product_cat":[4583],"product_tag":[4122,4136,3718,4147,3704],"class_list":{"0":"post-43650","1":"product","2":"type-product","3":"status-publish","4":"has-post-thumbnail","6":"product_brand-tre-4x4","7":"product_cat-differentiel-autobloquant","8":"product_tag-locking-differential-fr","9":"product_tag-nissan-fr","10":"product_tag-rear-axle-fr","11":"product_tag-tr135-fr","12":"product_tag-tre-4x4-fr","13":"product_shipping_class-alte-produse-fr","15":"first","16":"outofstock","17":"taxable","18":"shipping-taxable","19":"purchasable","20":"product-type-simple"},"_links":{"self":[{"href":"https:\/\/ofm4x4.com\/fr\/wp-json\/wp\/v2\/product\/43650","targetHints":{"allow":["GET"]}}],"collection":[{"href":"https:\/\/ofm4x4.com\/fr\/wp-json\/wp\/v2\/product"}],"about":[{"href":"https:\/\/ofm4x4.com\/fr\/wp-json\/wp\/v2\/types\/product"}],"replies":[{"embeddable":true,"href":"https:\/\/ofm4x4.com\/fr\/wp-json\/wp\/v2\/comments?post=43650"}],"version-history":[{"count":1,"href":"https:\/\/ofm4x4.com\/fr\/wp-json\/wp\/v2\/product\/43650\/revisions"}],"predecessor-version":[{"id":43653,"href":"https:\/\/ofm4x4.com\/fr\/wp-json\/wp\/v2\/product\/43650\/revisions\/43653"}],"wp:featuredmedia":[{"embeddable":true,"href":"https:\/\/ofm4x4.com\/fr\/wp-json\/wp\/v2\/media\/33911"}],"wp:attachment":[{"href":"https:\/\/ofm4x4.com\/fr\/wp-json\/wp\/v2\/media?parent=43650"}],"wp:term":[{"taxonomy":"product_brand","embeddable":true,"href":"https:\/\/ofm4x4.com\/fr\/wp-json\/wp\/v2\/product_brand?post=43650"},{"taxonomy":"product_cat","embeddable":true,"href":"https:\/\/ofm4x4.com\/fr\/wp-json\/wp\/v2\/product_cat?post=43650"},{"taxonomy":"product_tag","embeddable":true,"href":"https:\/\/ofm4x4.com\/fr\/wp-json\/wp\/v2\/product_tag?post=43650"}],"curies":[{"name":"wp","href":"https:\/\/api.w.org\/{rel}","templated":true}]}}