{"id":43678,"date":"2022-08-24T12:25:39","date_gmt":"2022-08-24T12:25:39","guid":{"rendered":"https:\/\/ofm4x4.com\/shop\/non%20class\u00e9\/differentiel-de-blocage-tre-4x4-tr131-toyota\/"},"modified":"2025-09-24T10:00:37","modified_gmt":"2025-09-24T10:00:37","slug":"differentiel-de-blocage-tre-4x4-tr131-toyota","status":"publish","type":"product","link":"https:\/\/ofm4x4.com\/fr\/shop\/differentiel-autobloquant\/differentiel-de-blocage-tre-4x4-tr131-toyota\/","title":{"rendered":"Diff\u00e9rentiel de blocage TRE 4&#215;4 TR131 Toyota"},"content":{"rendered":"<h3 data-start=\"0\" data-end=\"27\"><strong data-start=\"4\" data-end=\"25\">Garantie de 12 mois<\/strong><\/h3>\n<p data-start=\"29\" data-end=\"144\">Vous pouvez consulter le catalogue des diff\u00e9rentiels autobloquants pour v\u00e9rifier la compatibilit\u00e9 : <strong data-start=\"101\" data-end=\"142\">Catalogue des diff\u00e9rentiels autobloquants TRE 4&#215;4<\/strong><\/p>\n<p data-start=\"146\" data-end=\"234\">Pour actionner le diff\u00e9rentiel de blocage, vous avez \u00e9galement besoin du <strong data-start=\"201\" data-end=\"231\">compresseur d&rsquo;air TRE 4&#215;4 12V<\/strong>.<\/p>\n<ul>\n<li data-start=\"236\" data-end=\"274\">Diam\u00e8tre du plan\u00e9taire : 33<\/li>\n<li data-start=\"236\" data-end=\"274\">Cannelures : 30<\/li>\n<\/ul>\n<p data-start=\"276\" data-end=\"389\">Il est recommand\u00e9 d&rsquo;installer les pi\u00e8ces dans un service 4&#215;4 sp\u00e9cialis\u00e9, sinon vous risquez d&rsquo;endommager les produits.<\/p>\n<ul>\n<li data-start=\"391\" data-end=\"963\">Assure une traction \u00e0 la demande \u00e0 100 %.<\/li>\n<li data-start=\"391\" data-end=\"963\">L&rsquo;engagement se fait avec un <strong data-start=\"452\" data-end=\"474\">compresseur TRE 4&#215;4.<\/strong><\/li>\n<li data-start=\"391\" data-end=\"963\">Am\u00e9lioration de la vitesse de traction<\/li>\n<li data-start=\"391\" data-end=\"963\">Le fonctionnement simple et pratique permet \u00e0 l&rsquo;utilisateur de se concentrer sur le terrain sans quitter le confort et la s\u00e9curit\u00e9 du si\u00e8ge du conducteur.<\/li>\n<li data-start=\"391\" data-end=\"963\">Extr\u00eamement durable et extr\u00eamement solide &#8211; seuls les mat\u00e9riaux de la plus haute qualit\u00e9 sont utilis\u00e9s dans la fabrication.<\/li>\n<li data-start=\"391\" data-end=\"963\">Conception incroyablement simple et efficace, garantissant une fiabilit\u00e9 maximale<\/li>\n<li data-start=\"391\" data-end=\"963\">Conception test\u00e9e et fiabilit\u00e9 prouv\u00e9e dans plus de 80 pays \u00e0 travers le monde<\/li>\n<li data-start=\"391\" data-end=\"963\">Diff\u00e9rentiels de blocage disponibles \u00e0 <strong data-start=\"911\" data-end=\"929\">l&rsquo;avant et \u00e0 l&rsquo;arri\u00e8re<\/strong> pour la plupart des mod\u00e8les <strong data-start=\"939\" data-end=\"954\">4RM et 2RM<\/strong> <\/li>\n<\/ul>\n","protected":false},"excerpt":{"rendered":"<p><strong>TR131<\/strong> Toyota<\/p>\n<p>Diff\u00e9rentiel bloquant TRE 4&#215;4<\/p>\n","protected":false},"featured_media":33916,"comment_status":"open","ping_status":"closed","template":"","meta":[],"product_brand":[1233],"product_cat":[4583],"product_tag":[4122,3686,4151,3704],"class_list":{"0":"post-43678","1":"product","2":"type-product","3":"status-publish","4":"has-post-thumbnail","6":"product_brand-tre-4x4","7":"product_cat-differentiel-autobloquant","8":"product_tag-locking-differential-fr","9":"product_tag-toyota-fr","10":"product_tag-tr131-fr","11":"product_tag-tre-4x4-fr","12":"product_shipping_class-alte-produse-fr","14":"first","15":"outofstock","16":"taxable","17":"shipping-taxable","18":"purchasable","19":"product-type-simple"},"_links":{"self":[{"href":"https:\/\/ofm4x4.com\/fr\/wp-json\/wp\/v2\/product\/43678","targetHints":{"allow":["GET"]}}],"collection":[{"href":"https:\/\/ofm4x4.com\/fr\/wp-json\/wp\/v2\/product"}],"about":[{"href":"https:\/\/ofm4x4.com\/fr\/wp-json\/wp\/v2\/types\/product"}],"replies":[{"embeddable":true,"href":"https:\/\/ofm4x4.com\/fr\/wp-json\/wp\/v2\/comments?post=43678"}],"version-history":[{"count":1,"href":"https:\/\/ofm4x4.com\/fr\/wp-json\/wp\/v2\/product\/43678\/revisions"}],"predecessor-version":[{"id":43679,"href":"https:\/\/ofm4x4.com\/fr\/wp-json\/wp\/v2\/product\/43678\/revisions\/43679"}],"wp:featuredmedia":[{"embeddable":true,"href":"https:\/\/ofm4x4.com\/fr\/wp-json\/wp\/v2\/media\/33916"}],"wp:attachment":[{"href":"https:\/\/ofm4x4.com\/fr\/wp-json\/wp\/v2\/media?parent=43678"}],"wp:term":[{"taxonomy":"product_brand","embeddable":true,"href":"https:\/\/ofm4x4.com\/fr\/wp-json\/wp\/v2\/product_brand?post=43678"},{"taxonomy":"product_cat","embeddable":true,"href":"https:\/\/ofm4x4.com\/fr\/wp-json\/wp\/v2\/product_cat?post=43678"},{"taxonomy":"product_tag","embeddable":true,"href":"https:\/\/ofm4x4.com\/fr\/wp-json\/wp\/v2\/product_tag?post=43678"}],"curies":[{"name":"wp","href":"https:\/\/api.w.org\/{rel}","templated":true}]}}