{"id":43721,"date":"2021-08-19T10:41:02","date_gmt":"2021-08-19T10:41:02","guid":{"rendered":"https:\/\/ofm4x4.com\/shop\/non%20class\u00e9\/chapeau-aluminium-rouge-pour-treuil-grizzly-25cm\/"},"modified":"2025-09-24T10:01:16","modified_gmt":"2025-09-24T10:01:16","slug":"chapeau-aluminium-rouge-pour-treuil-grizzly-25cm","status":"publish","type":"product","link":"https:\/\/ofm4x4.com\/fr\/shop\/treuils-electriques\/pieces-de-treuils\/chapeau-aluminium-rouge-pour-treuil-grizzly-25cm\/","title":{"rendered":"Chapeau aluminium rouge pour treuil Grizzly 25cm"},"content":{"rendered":"<p data-start=\"0\" data-end=\"70\">Guide \/ chaumard de treuil pour les v\u00e9hicules \u00e9quip\u00e9s uniquement d&rsquo;un c\u00e2ble synth\u00e9tique !<\/p>\n<ul data-start=\"72\" data-end=\"191\">\n<li data-start=\"72\" data-end=\"92\">Fabriqu\u00e9 en aluminium<\/li>\n<li data-start=\"93\" data-end=\"137\">Recommand\u00e9 pour les treuils de 9000lbs &#8211; 14000lbs<\/li>\n<li data-start=\"138\" data-end=\"178\">Distance entre les trous de fixation : 25 cm<\/li>\n<li data-start=\"179\" data-end=\"191\">Couleur : Rouge<\/li>\n<\/ul>\n<p data-start=\"193\" data-end=\"241\" data-is-last-node=\"\" data-is-only-node=\"\">Attention ! A n&rsquo;utiliser qu&rsquo;avec des cordes synth\u00e9tiques ! <\/p>\n","protected":false},"excerpt":{"rendered":"<p>Chapeau aluminium rouge pour treuil Grizzly 25cm<\/p>\n","protected":false},"featured_media":37163,"comment_status":"open","ping_status":"closed","template":"","meta":[],"product_brand":[],"product_cat":[4637],"product_tag":[],"class_list":{"0":"post-43721","1":"product","2":"type-product","3":"status-publish","4":"has-post-thumbnail","6":"product_cat-pieces-de-treuils","7":"product_shipping_class-alte-produse-fr-2","9":"first","10":"outofstock","11":"taxable","12":"shipping-taxable","13":"purchasable","14":"product-type-simple"},"_links":{"self":[{"href":"https:\/\/ofm4x4.com\/fr\/wp-json\/wp\/v2\/product\/43721","targetHints":{"allow":["GET"]}}],"collection":[{"href":"https:\/\/ofm4x4.com\/fr\/wp-json\/wp\/v2\/product"}],"about":[{"href":"https:\/\/ofm4x4.com\/fr\/wp-json\/wp\/v2\/types\/product"}],"replies":[{"embeddable":true,"href":"https:\/\/ofm4x4.com\/fr\/wp-json\/wp\/v2\/comments?post=43721"}],"version-history":[{"count":1,"href":"https:\/\/ofm4x4.com\/fr\/wp-json\/wp\/v2\/product\/43721\/revisions"}],"predecessor-version":[{"id":43723,"href":"https:\/\/ofm4x4.com\/fr\/wp-json\/wp\/v2\/product\/43721\/revisions\/43723"}],"wp:featuredmedia":[{"embeddable":true,"href":"https:\/\/ofm4x4.com\/fr\/wp-json\/wp\/v2\/media\/37163"}],"wp:attachment":[{"href":"https:\/\/ofm4x4.com\/fr\/wp-json\/wp\/v2\/media?parent=43721"}],"wp:term":[{"taxonomy":"product_brand","embeddable":true,"href":"https:\/\/ofm4x4.com\/fr\/wp-json\/wp\/v2\/product_brand?post=43721"},{"taxonomy":"product_cat","embeddable":true,"href":"https:\/\/ofm4x4.com\/fr\/wp-json\/wp\/v2\/product_cat?post=43721"},{"taxonomy":"product_tag","embeddable":true,"href":"https:\/\/ofm4x4.com\/fr\/wp-json\/wp\/v2\/product_tag?post=43721"}],"curies":[{"name":"wp","href":"https:\/\/api.w.org\/{rel}","templated":true}]}}