{"id":43728,"date":"2024-02-15T07:43:06","date_gmt":"2024-02-15T07:43:06","guid":{"rendered":"https:\/\/ofm4x4.com\/shop\/non%20class\u00e9\/ofm4x4-compresseur-dair-160l\/"},"modified":"2025-10-06T11:14:52","modified_gmt":"2025-10-06T11:14:52","slug":"ofm4x4-compresseur-dair-160l","status":"publish","type":"product","link":"https:\/\/ofm4x4.com\/fr\/shop\/differentiel-autobloquant\/accessoires\/ofm4x4-compresseur-dair-160l\/","title":{"rendered":"OFM4X4 Compresseur d&rsquo;air 160L"},"content":{"rendered":"<p data-start=\"26\" data-end=\"141\"><strong>OFM4X4 Compresseur d&rsquo;air 160L<\/strong><\/p>\n<p data-start=\"26\" data-end=\"141\">Le compresseur OFM est recommand\u00e9 pour gonfler les pneus de plus de 35 pouces et alimenter le syst\u00e8me de pression du v\u00e9hicule.<\/p>\n<h3 data-start=\"143\" data-end=\"162\"><strong data-start=\"147\" data-end=\"160\">Caract\u00e9ristiques :<\/strong><\/h3>\n<ul data-start=\"163\" data-end=\"590\">\n<li data-start=\"163\" data-end=\"190\">Capacit\u00e9 : <strong data-start=\"175\" data-end=\"188\">160 l\/min<\/strong><\/li>\n<li data-start=\"191\" data-end=\"216\">Alimentation \u00e9lectrique : <strong data-start=\"207\" data-end=\"214\">12V<\/strong><\/li>\n<li data-start=\"217\" data-end=\"247\">Consommation \u00e9lectrique : <strong data-start=\"238\" data-end=\"245\">40A<\/strong><\/li>\n<li data-start=\"248\" data-end=\"323\">Pression maximale : <strong data-start=\"268\" data-end=\"288\">150 PSI \/ 10 bar<\/strong>, op\u00e9rationnel <strong data-start=\"302\" data-end=\"321\">120 PSI \/ 8 bar<\/strong><\/li>\n<li data-start=\"324\" data-end=\"367\">Temp\u00e9rature maximale de fonctionnement : <strong data-start=\"357\" data-end=\"365\">60\u00b0C<\/strong><\/li>\n<li data-start=\"368\" data-end=\"412\">Temp\u00e9rature minimale de fonctionnement : <strong data-start=\"401\" data-end=\"410\">-55\u00b0C<\/strong><\/li>\n<li data-start=\"413\" data-end=\"516\">Dur\u00e9e maximale de fonctionnement : <strong data-start=\"439\" data-end=\"514\">40 minutes \u00e0 une pression de travail de 40 PSI et \u00e0 une temp\u00e9rature ambiante de 24\u00b0C.<\/strong><\/li>\n<li data-start=\"517\" data-end=\"590\">Cycle d&rsquo;utilisation recommand\u00e9 : <strong data-start=\"543\" data-end=\"588\">20 minutes de fonctionnement \/ 30 minutes de repos<\/strong><\/li>\n<\/ul>\n<h3 data-start=\"592\" data-end=\"611\"><strong data-start=\"596\" data-end=\"609\">Comprend :<\/strong><\/h3>\n<ul data-start=\"612\" data-end=\"823\">\n<li data-start=\"612\" data-end=\"660\">Compresseur avec filtre d&rsquo;admission d&rsquo;air int\u00e9gr\u00e9<\/li>\n<li data-start=\"661\" data-end=\"719\">Tuyau d&rsquo;air enroul\u00e9 de 7 m \u00e0 d\u00e9gagement rapide avec manom\u00e8tre<\/li>\n<li data-start=\"720\" data-end=\"774\">C\u00e2bles de connexion \u00e0 la batterie de 2 m avec capuchon de protection<\/li>\n<li data-start=\"775\" data-end=\"823\">Soupape de s\u00e9curit\u00e9 et protection contre les surcharges<\/li>\n<\/ul>\n<h3 data-start=\"825\" data-end=\"846\"><strong data-start=\"829\" data-end=\"844\">Dimensions :<\/strong><\/h3>\n<ul data-start=\"847\" data-end=\"919\">\n<li data-start=\"847\" data-end=\"875\">Base : <strong data-start=\"855\" data-end=\"873\">29,5 x 13,5 cm<\/strong><\/li>\n<li data-start=\"876\" data-end=\"897\">Hauteur : <strong data-start=\"886\" data-end=\"895\">24 cm<\/strong><\/li>\n<li data-start=\"898\" data-end=\"919\">Longueur : <strong data-start=\"908\" data-end=\"917\">32 cm<\/strong><\/li>\n<\/ul>\n<h3 data-start=\"921\" data-end=\"956\"><strong data-start=\"925\" data-end=\"954\">Sp\u00e9cifications techniques :<\/strong><\/h3>\n<ul data-start=\"957\" data-end=\"1223\" data-is-only-node=\"\" data-is-last-node=\"\">\n<li data-start=\"957\" data-end=\"1008\"><strong data-start=\"959\" data-end=\"1006\">Alimentation 12V DC, moteur \u00e0 aimant permanent<\/strong><\/li>\n<li data-start=\"1009\" data-end=\"1042\"><strong data-start=\"1011\" data-end=\"1040\">Pression maximale : 120 PSI<\/strong><\/li>\n<li data-start=\"1043\" data-end=\"1070\"><strong data-start=\"1045\" data-end=\"1068\">Capacit\u00e9 : 160 l\/min<\/strong><\/li>\n<li data-start=\"1071\" data-end=\"1141\"><strong data-start=\"1073\" data-end=\"1139\">Cycle d&rsquo;utilisation recommand\u00e9 : 20 minutes de fonctionnement \/ 30 minutes de repos<\/strong><\/li>\n<li data-start=\"1142\" data-end=\"1174\"><strong data-start=\"1144\" data-end=\"1172\">Consommation de courant : 40A<\/strong><\/li>\n<li data-start=\"1175\" data-end=\"1223\" data-is-last-node=\"\"><strong data-start=\"1177\" data-end=\"1223\" data-is-last-node=\"\">Temp\u00e9rature de fonctionnement : -55\u00b0C \u00e0 60\u00b0C<\/strong><\/li>\n<\/ul>\n","protected":false},"excerpt":{"rendered":"<p><strong>OFM4X4 Compresseur d&rsquo;air 160L<\/strong><\/p>\n","protected":false},"featured_media":35932,"comment_status":"open","ping_status":"closed","template":"","meta":[],"product_brand":[],"product_cat":[4745,4583],"product_tag":[5109,3591],"class_list":{"0":"post-43728","1":"product","2":"type-product","3":"status-publish","4":"has-post-thumbnail","6":"product_cat-accessoires","7":"product_cat-differentiel-autobloquant","8":"product_tag-compresseur-dair-160l","9":"product_tag-ofm4x4-fr","10":"product_shipping_class-alte-produse-fr-2","12":"first","13":"instock","14":"taxable","15":"shipping-taxable","16":"purchasable","17":"product-type-simple"},"_links":{"self":[{"href":"https:\/\/ofm4x4.com\/fr\/wp-json\/wp\/v2\/product\/43728","targetHints":{"allow":["GET"]}}],"collection":[{"href":"https:\/\/ofm4x4.com\/fr\/wp-json\/wp\/v2\/product"}],"about":[{"href":"https:\/\/ofm4x4.com\/fr\/wp-json\/wp\/v2\/types\/product"}],"replies":[{"embeddable":true,"href":"https:\/\/ofm4x4.com\/fr\/wp-json\/wp\/v2\/comments?post=43728"}],"version-history":[{"count":1,"href":"https:\/\/ofm4x4.com\/fr\/wp-json\/wp\/v2\/product\/43728\/revisions"}],"predecessor-version":[{"id":43730,"href":"https:\/\/ofm4x4.com\/fr\/wp-json\/wp\/v2\/product\/43728\/revisions\/43730"}],"wp:featuredmedia":[{"embeddable":true,"href":"https:\/\/ofm4x4.com\/fr\/wp-json\/wp\/v2\/media\/35932"}],"wp:attachment":[{"href":"https:\/\/ofm4x4.com\/fr\/wp-json\/wp\/v2\/media?parent=43728"}],"wp:term":[{"taxonomy":"product_brand","embeddable":true,"href":"https:\/\/ofm4x4.com\/fr\/wp-json\/wp\/v2\/product_brand?post=43728"},{"taxonomy":"product_cat","embeddable":true,"href":"https:\/\/ofm4x4.com\/fr\/wp-json\/wp\/v2\/product_cat?post=43728"},{"taxonomy":"product_tag","embeddable":true,"href":"https:\/\/ofm4x4.com\/fr\/wp-json\/wp\/v2\/product_tag?post=43728"}],"curies":[{"name":"wp","href":"https:\/\/api.w.org\/{rel}","templated":true}]}}