{"id":43735,"date":"2023-10-06T06:32:23","date_gmt":"2023-10-06T06:32:23","guid":{"rendered":"https:\/\/ofm4x4.com\/shop\/non%20class\u00e9\/snorkel-pour-mitsubishi-l200-2006-2015-pajero-sport-2008-2016-sans-reservoir-de-lave-glace\/"},"modified":"2025-09-24T10:01:27","modified_gmt":"2025-09-24T10:01:27","slug":"snorkel-pour-mitsubishi-l200-2006-2015-pajero-sport-2008-2016-sans-reservoir-de-lave-glace","status":"publish","type":"product","link":"https:\/\/ofm4x4.com\/fr\/shop\/snorkel\/snorkel-pour-mitsubishi-l200-2006-2015-pajero-sport-2008-2016-sans-reservoir-de-lave-glace\/","title":{"rendered":"Snorkel pour Mitsubishi L200 (2006-2015), Pajero Sport (2008-2016) sans r\u00e9servoir de lave-glace"},"content":{"rendered":"<p data-start=\"0\" data-end=\"99\">Snorkel Mitsubishi L200 (2006-2015), Pajero Sport (2008-2016) sans r\u00e9servoir de lave-glace<\/p>\n<p data-start=\"101\" data-end=\"132\">Pr\u00eat \u00e0 \u00eatre assembl\u00e9 imm\u00e9diatement.<\/p>\n<p data-start=\"134\" data-end=\"150\">Fabriqu\u00e9 en LLDPE.<\/p>\n<p data-start=\"152\" data-end=\"178\" data-is-last-node=\"\" data-is-only-node=\"\">Haute r\u00e9sistance aux dommages.<\/p>\n","protected":false},"excerpt":{"rendered":"<p>Snorkel pour Mitsubishi L200 (2006-2015), Pajero Sport (2008-2016) sans r\u00e9servoir de lave-glace<\/p>\n","protected":false},"featured_media":36775,"comment_status":"open","ping_status":"closed","template":"","meta":[],"product_brand":[1279],"product_cat":[4904],"product_tag":[3934,3935,3819],"class_list":{"0":"post-43735","1":"product","2":"type-product","3":"status-publish","4":"has-post-thumbnail","6":"product_brand-ofm4x4","7":"product_cat-snorkel","8":"product_tag-mitsubishi-l200-fr","9":"product_tag-pajero-sport-fr","10":"product_tag-snorkel-fr","11":"product_shipping_class-alte-produse-fr","13":"first","14":"instock","15":"taxable","16":"shipping-taxable","17":"purchasable","18":"product-type-simple"},"_links":{"self":[{"href":"https:\/\/ofm4x4.com\/fr\/wp-json\/wp\/v2\/product\/43735","targetHints":{"allow":["GET"]}}],"collection":[{"href":"https:\/\/ofm4x4.com\/fr\/wp-json\/wp\/v2\/product"}],"about":[{"href":"https:\/\/ofm4x4.com\/fr\/wp-json\/wp\/v2\/types\/product"}],"replies":[{"embeddable":true,"href":"https:\/\/ofm4x4.com\/fr\/wp-json\/wp\/v2\/comments?post=43735"}],"version-history":[{"count":1,"href":"https:\/\/ofm4x4.com\/fr\/wp-json\/wp\/v2\/product\/43735\/revisions"}],"predecessor-version":[{"id":43742,"href":"https:\/\/ofm4x4.com\/fr\/wp-json\/wp\/v2\/product\/43735\/revisions\/43742"}],"wp:featuredmedia":[{"embeddable":true,"href":"https:\/\/ofm4x4.com\/fr\/wp-json\/wp\/v2\/media\/36775"}],"wp:attachment":[{"href":"https:\/\/ofm4x4.com\/fr\/wp-json\/wp\/v2\/media?parent=43735"}],"wp:term":[{"taxonomy":"product_brand","embeddable":true,"href":"https:\/\/ofm4x4.com\/fr\/wp-json\/wp\/v2\/product_brand?post=43735"},{"taxonomy":"product_cat","embeddable":true,"href":"https:\/\/ofm4x4.com\/fr\/wp-json\/wp\/v2\/product_cat?post=43735"},{"taxonomy":"product_tag","embeddable":true,"href":"https:\/\/ofm4x4.com\/fr\/wp-json\/wp\/v2\/product_tag?post=43735"}],"curies":[{"name":"wp","href":"https:\/\/api.w.org\/{rel}","templated":true}]}}