{"id":43830,"date":"2021-05-28T08:53:54","date_gmt":"2021-05-28T08:53:54","guid":{"rendered":"https:\/\/ofm4x4.com\/shop\/non%20class\u00e9\/roue-en-acier-16x7-et-10-6x139-7-cb-67-1-off-road-pour-pajero-v60-v80-v90\/"},"modified":"2025-09-24T10:01:42","modified_gmt":"2025-09-24T10:01:42","slug":"roue-en-acier-16x7-et-10-6x139-7-cb-67-1-off-road-pour-pajero-v60-v80-v90","status":"publish","type":"product","link":"https:\/\/ofm4x4.com\/fr\/shop\/roues-en-acier\/roue-en-acier-16x7-et-10-6x139-7-cb-67-1-off-road-pour-pajero-v60-v80-v90\/","title":{"rendered":"Roue en acier 16&#215;7 ET +10 6&#215;139.7 CB 67.1 Off-Road pour Pajero V60 V80 V90"},"content":{"rendered":"<div id=\"\\\" ali-anchor-alimagic-6rxnu8=\"\" class=\"\\\" magic-0=\"\" data-section=\"\\\"AliMagic-6rxnu8\\\"\" data-section-title=\"\\\"Product\" data-spm-anchor-id=\"\\\"a2700.details.pronpeci14.i0.7ae070497Niwca\\\"\">\n<h3 data-start=\"0\" data-end=\"19\">Sp\u00e9cifications :<\/h3>\n<ul data-start=\"21\" data-end=\"221\">\n<li data-start=\"21\" data-end=\"42\"><strong data-start=\"23\" data-end=\"36\">Diam\u00e8tre :<\/strong> R16<\/li>\n<li data-start=\"43\" data-end=\"60\"><strong data-start=\"45\" data-end=\"55\">Largeur :<\/strong> 7J<\/li>\n<li data-start=\"61\" data-end=\"85\"><strong data-start=\"63\" data-end=\"79\">ET (d\u00e9calage) :<\/strong> +10<\/li>\n<li data-start=\"86\" data-end=\"123\"><strong data-start=\"88\" data-end=\"111\">PCD (sch\u00e9ma de boulonnage) :<\/strong> 6 x 139.7<\/li>\n<li data-start=\"124\" data-end=\"168\"><strong data-start=\"126\" data-end=\"136\">Couleur :<\/strong> noir avec des lignes rouges et bleues<\/li>\n<li data-start=\"169\" data-end=\"199\"><strong data-start=\"171\" data-end=\"192\">CB (Center Bore) :<\/strong> 67.1<\/li>\n<li data-start=\"200\" data-end=\"221\"><strong data-start=\"202\" data-end=\"212\">Mod\u00e8le :<\/strong> OFM019<\/li>\n<\/ul>\n<p data-start=\"223\" data-end=\"378\">\u26a0\ufe0f Ces roues <strong data-start=\"243\" data-end=\"259\">ne<\/strong> sont <strong data-start=\"243\" data-end=\"259\">pas<\/strong> <strong data-start=\"288\" data-end=\"321\">homologu\u00e9es<\/strong> pour une utilisation sur la voie publique et <strong data-start=\"288\" data-end=\"321\">n&rsquo;ont pas de certification RAR<\/strong>.<br data-start=\"322\" data-end=\"325\">Elles sont con\u00e7ues exclusivement pour une <strong data-start=\"359\" data-end=\"375\">utilisation tout-terrain<\/strong>.<\/p>\n<ul data-start=\"380\" data-end=\"662\" data-is-last-node=\"\" data-is-only-node=\"\">\n<li data-start=\"380\" data-end=\"468\">Le produit est <strong data-start=\"397\" data-end=\"435\">peint en noir par \u00e9lectrostatique<\/strong>, ce qui am\u00e9liore la r\u00e9sistance aux rayures.<\/li>\n<li data-start=\"469\" data-end=\"662\" data-is-last-node=\"\">Le <strong data-start=\"475\" data-end=\"507\">talon a un \u00e9paulement n\u00e9gatif<\/strong>, ce qui positionne la roue plus \u00e0 l&rsquo;ext\u00e9rieur par rapport au moyeu, ce qui am\u00e9liore la stabilit\u00e9 du v\u00e9hicule et offre plus d&rsquo;espace pour les <strong data-start=\"633\" data-end=\"661\">pneus tout-terrain surdimensionn\u00e9s<\/strong>.<\/li>\n<\/ul>\n<\/div>\n","protected":false},"excerpt":{"rendered":"<p data-start=\"0\" data-end=\"77\"><strong data-start=\"0\" data-end=\"75\">Roue en acier 16X7 ET +10 6X139.7 CB 67.1 OFF-ROAD pour Pajero V60 V80 V90<\/strong><\/p>\n<p data-start=\"79\" data-end=\"180\">\u26a0\ufe0f Ces roues <strong data-start=\"99\" data-end=\"115\">ne<\/strong> sont pas <strong data-start=\"144\" data-end=\"177\">homologu\u00e9es<\/strong> pour une utilisation sur la voie publique et <strong data-start=\"144\" data-end=\"177\">n&rsquo;ont pas de certification RAR<\/strong>.<\/p>\n<p data-start=\"182\" data-end=\"233\" data-is-last-node=\"\" data-is-only-node=\"\">Ils sont con\u00e7us exclusivement pour une <strong data-start=\"216\" data-end=\"232\">utilisation hors route.<\/strong><\/p>\n","protected":false},"featured_media":37206,"comment_status":"open","ping_status":"closed","template":"","meta":[],"product_brand":[1279],"product_cat":[4625],"product_tag":[4089,4322,3623],"class_list":{"0":"post-43830","1":"product","2":"type-product","3":"status-publish","4":"has-post-thumbnail","6":"product_brand-ofm4x4","7":"product_cat-roues-en-acier","8":"product_tag-16x7-fr","9":"product_tag-et-10-6x139-7-cb-67-1-fr","10":"product_tag-roue-en-acier","11":"product_shipping_class-alte-produse-fr","13":"first","14":"instock","15":"taxable","16":"shipping-taxable","17":"purchasable","18":"product-type-simple"},"_links":{"self":[{"href":"https:\/\/ofm4x4.com\/fr\/wp-json\/wp\/v2\/product\/43830","targetHints":{"allow":["GET"]}}],"collection":[{"href":"https:\/\/ofm4x4.com\/fr\/wp-json\/wp\/v2\/product"}],"about":[{"href":"https:\/\/ofm4x4.com\/fr\/wp-json\/wp\/v2\/types\/product"}],"replies":[{"embeddable":true,"href":"https:\/\/ofm4x4.com\/fr\/wp-json\/wp\/v2\/comments?post=43830"}],"version-history":[{"count":1,"href":"https:\/\/ofm4x4.com\/fr\/wp-json\/wp\/v2\/product\/43830\/revisions"}],"predecessor-version":[{"id":43834,"href":"https:\/\/ofm4x4.com\/fr\/wp-json\/wp\/v2\/product\/43830\/revisions\/43834"}],"wp:featuredmedia":[{"embeddable":true,"href":"https:\/\/ofm4x4.com\/fr\/wp-json\/wp\/v2\/media\/37206"}],"wp:attachment":[{"href":"https:\/\/ofm4x4.com\/fr\/wp-json\/wp\/v2\/media?parent=43830"}],"wp:term":[{"taxonomy":"product_brand","embeddable":true,"href":"https:\/\/ofm4x4.com\/fr\/wp-json\/wp\/v2\/product_brand?post=43830"},{"taxonomy":"product_cat","embeddable":true,"href":"https:\/\/ofm4x4.com\/fr\/wp-json\/wp\/v2\/product_cat?post=43830"},{"taxonomy":"product_tag","embeddable":true,"href":"https:\/\/ofm4x4.com\/fr\/wp-json\/wp\/v2\/product_tag?post=43830"}],"curies":[{"name":"wp","href":"https:\/\/api.w.org\/{rel}","templated":true}]}}