{"id":43861,"date":"2021-05-28T08:56:33","date_gmt":"2021-05-28T08:56:33","guid":{"rendered":"https:\/\/ofm4x4.com\/shop\/non%20class\u00e9\/roue-en-acier-16x7-et-0-6x114-3-cb-66-1-off-road-pour-navara-d40-d23\/"},"modified":"2025-09-24T10:01:44","modified_gmt":"2025-09-24T10:01:44","slug":"roue-en-acier-16x7-et-0-6x114-3-cb-66-1-off-road-pour-navara-d40-d23","status":"publish","type":"product","link":"https:\/\/ofm4x4.com\/fr\/shop\/roues-en-acier\/roue-en-acier-16x7-et-0-6x114-3-cb-66-1-off-road-pour-navara-d40-d23\/","title":{"rendered":"Roue en acier 16&#215;7 ET 0 6&#215;114.3 CB 66.1 Off-Road pour Navara D40 D23"},"content":{"rendered":"<div id=\"\\\" ali-anchor-alimagic-6rxnu8=\"\" class=\"\\\" magic-0=\"\" data-section=\"\\\"AliMagic-6rxnu8\\\"\" data-section-title=\"\\\"Product\" data-spm-anchor-id=\"\\\"a2700.details.pronpeci14.i0.7ae070497Niwca\\\"\">\n<h3 data-start=\"0\" data-end=\"19\">Sp\u00e9cifications :<\/h3>\n<ul data-start=\"21\" data-end=\"219\">\n<li data-start=\"21\" data-end=\"42\"><strong data-start=\"23\" data-end=\"36\">Diam\u00e8tre :<\/strong> R16<\/li>\n<li data-start=\"43\" data-end=\"60\"><strong data-start=\"45\" data-end=\"55\">Largeur :<\/strong> 7J<\/li>\n<li data-start=\"61\" data-end=\"83\"><strong data-start=\"63\" data-end=\"79\">ET (d\u00e9calage) :<\/strong> 0<\/li>\n<li data-start=\"84\" data-end=\"121\"><strong data-start=\"86\" data-end=\"109\">PCD (sch\u00e9ma de boulonnage) :<\/strong> 6 x 114.3<\/li>\n<li data-start=\"122\" data-end=\"166\"><strong data-start=\"124\" data-end=\"134\">Couleur :<\/strong> noir avec des lignes rouges et bleues<\/li>\n<li data-start=\"167\" data-end=\"197\"><strong data-start=\"169\" data-end=\"190\">CB (Center Bore) :<\/strong> 66.1<\/li>\n<li data-start=\"198\" data-end=\"219\"><strong data-start=\"200\" data-end=\"210\">Mod\u00e8le :<\/strong> OFM020<\/li>\n<\/ul>\n<p data-start=\"221\" data-end=\"376\">\u26a0\ufe0f Ces roues <strong data-start=\"241\" data-end=\"257\">ne<\/strong> sont <strong data-start=\"241\" data-end=\"257\">pas<\/strong> <strong data-start=\"286\" data-end=\"319\">homologu\u00e9es<\/strong> pour une utilisation sur la voie publique et <strong data-start=\"286\" data-end=\"319\">n&rsquo;ont pas de certification RAR<\/strong>.<br data-start=\"320\" data-end=\"323\">Elles sont con\u00e7ues exclusivement pour une <strong data-start=\"357\" data-end=\"373\">utilisation tout-terrain<\/strong>.<\/p>\n<ul data-start=\"378\" data-end=\"660\" data-is-last-node=\"\" data-is-only-node=\"\">\n<li data-start=\"378\" data-end=\"466\">Le produit est <strong data-start=\"395\" data-end=\"433\">peint en noir par \u00e9lectrostatique<\/strong>, ce qui am\u00e9liore la r\u00e9sistance aux rayures.<\/li>\n<li data-start=\"467\" data-end=\"660\" data-is-last-node=\"\">Le <strong data-start=\"473\" data-end=\"505\">talon a un \u00e9paulement n\u00e9gatif<\/strong>, ce qui positionne la roue plus \u00e0 l&rsquo;ext\u00e9rieur par rapport au moyeu, ce qui am\u00e9liore la stabilit\u00e9 du v\u00e9hicule et offre plus d&rsquo;espace pour les <strong data-start=\"631\" data-end=\"659\">pneus tout-terrain surdimensionn\u00e9s<\/strong>.<\/li>\n<\/ul>\n<\/div>\n","protected":false},"excerpt":{"rendered":"<p data-start=\"0\" data-end=\"71\"><strong data-start=\"0\" data-end=\"69\">Roue en acier 16X7 ET 0 6X114.3 CB 66.1 Off-Road pour Navara D40 D23<\/strong><\/p>\n<p data-start=\"73\" data-end=\"174\">\u26a0\ufe0f Ces roues <strong data-start=\"93\" data-end=\"109\">ne<\/strong> sont pas <strong data-start=\"138\" data-end=\"171\">homologu\u00e9es<\/strong> pour une utilisation sur la voie publique et <strong data-start=\"138\" data-end=\"171\">n&rsquo;ont pas de certification RAR<\/strong>.<\/p>\n<p data-start=\"176\" data-end=\"227\" data-is-last-node=\"\" data-is-only-node=\"\">Ils sont con\u00e7us exclusivement pour une <strong data-start=\"210\" data-end=\"226\">utilisation hors route.<\/strong><\/p>\n","protected":false},"featured_media":37200,"comment_status":"open","ping_status":"closed","template":"","meta":[],"product_brand":[1279],"product_cat":[4625],"product_tag":[4089,4318,3623],"class_list":{"0":"post-43861","1":"product","2":"type-product","3":"status-publish","4":"has-post-thumbnail","6":"product_brand-ofm4x4","7":"product_cat-roues-en-acier","8":"product_tag-16x7-fr","9":"product_tag-et-0-6x114-3-cb-66-1-fr","10":"product_tag-roue-en-acier","11":"product_shipping_class-alte-produse-fr","13":"first","14":"instock","15":"taxable","16":"shipping-taxable","17":"purchasable","18":"product-type-simple"},"_links":{"self":[{"href":"https:\/\/ofm4x4.com\/fr\/wp-json\/wp\/v2\/product\/43861","targetHints":{"allow":["GET"]}}],"collection":[{"href":"https:\/\/ofm4x4.com\/fr\/wp-json\/wp\/v2\/product"}],"about":[{"href":"https:\/\/ofm4x4.com\/fr\/wp-json\/wp\/v2\/types\/product"}],"replies":[{"embeddable":true,"href":"https:\/\/ofm4x4.com\/fr\/wp-json\/wp\/v2\/comments?post=43861"}],"version-history":[{"count":1,"href":"https:\/\/ofm4x4.com\/fr\/wp-json\/wp\/v2\/product\/43861\/revisions"}],"predecessor-version":[{"id":43877,"href":"https:\/\/ofm4x4.com\/fr\/wp-json\/wp\/v2\/product\/43861\/revisions\/43877"}],"wp:featuredmedia":[{"embeddable":true,"href":"https:\/\/ofm4x4.com\/fr\/wp-json\/wp\/v2\/media\/37200"}],"wp:attachment":[{"href":"https:\/\/ofm4x4.com\/fr\/wp-json\/wp\/v2\/media?parent=43861"}],"wp:term":[{"taxonomy":"product_brand","embeddable":true,"href":"https:\/\/ofm4x4.com\/fr\/wp-json\/wp\/v2\/product_brand?post=43861"},{"taxonomy":"product_cat","embeddable":true,"href":"https:\/\/ofm4x4.com\/fr\/wp-json\/wp\/v2\/product_cat?post=43861"},{"taxonomy":"product_tag","embeddable":true,"href":"https:\/\/ofm4x4.com\/fr\/wp-json\/wp\/v2\/product_tag?post=43861"}],"curies":[{"name":"wp","href":"https:\/\/api.w.org\/{rel}","templated":true}]}}