{"id":43987,"date":"2020-10-29T08:10:15","date_gmt":"2020-10-29T08:10:15","guid":{"rendered":"https:\/\/ofm4x4.com\/shop\/non%20class\u00e9\/roue-en-acier-16x8-et-25-5x165-1-cb-113-off-road-pour-land-rover\/"},"modified":"2025-09-24T10:01:57","modified_gmt":"2025-09-24T10:01:57","slug":"roue-en-acier-16x8-et-25-5x165-1-cb-113-off-road-pour-land-rover","status":"publish","type":"product","link":"https:\/\/ofm4x4.com\/fr\/shop\/roues-en-acier\/roue-en-acier-16x8-et-25-5x165-1-cb-113-off-road-pour-land-rover\/","title":{"rendered":"Roue en acier 16X8 ET-25 5X165.1 CB 113 OFF-ROAD pour Land Rover"},"content":{"rendered":"<div id=\"\\\" ali-anchor-alimagic-6rxnu8=\"\" class=\"\\\" magic-0=\"\" data-section=\"\\\"AliMagic-6rxnu8\\\"\" data-section-title=\"\\\"Product\" data-spm-anchor-id=\"\\\"a2700.details.pronpeci14.i0.7ae070497Niwca\\\"\">\n<p data-start=\"0\" data-end=\"19\"><strong data-start=\"0\" data-end=\"19\">Sp\u00e9cifications :<\/strong><\/p>\n<ul data-start=\"21\" data-end=\"180\">\n<li data-start=\"21\" data-end=\"42\"><strong data-start=\"23\" data-end=\"35\">Diam\u00e8tre<\/strong>: R16<\/li>\n<li data-start=\"43\" data-end=\"60\"><strong data-start=\"45\" data-end=\"54\">Largeur<\/strong>: 8J<\/li>\n<li data-start=\"61\" data-end=\"76\"><strong data-start=\"63\" data-end=\"69\">ET<\/strong>: -25<\/li>\n<li data-start=\"77\" data-end=\"99\"><strong data-start=\"79\" data-end=\"86\">PCD<\/strong>: 5 x 165.1<\/li>\n<li data-start=\"100\" data-end=\"144\"><strong data-start=\"102\" data-end=\"111\">Couleur<\/strong>: noir avec des lignes rouges et bleues<\/li>\n<li data-start=\"145\" data-end=\"160\"><strong data-start=\"147\" data-end=\"153\">CB<\/strong>: 113<\/li>\n<li data-start=\"161\" data-end=\"180\"><strong data-start=\"163\" data-end=\"172\">Mod\u00e8le<\/strong>: OFM011<\/li>\n<\/ul>\n<p data-start=\"182\" data-end=\"278\">\u26a0\ufe0f Ces roues <strong data-start=\"199\" data-end=\"215\">ne<\/strong> sont pas <strong data-start=\"244\" data-end=\"277\">homologu\u00e9es<\/strong> pour une utilisation sur la voie publique et <strong data-start=\"244\" data-end=\"277\">n&rsquo;ont pas de certification RAR<\/strong>.<\/p>\n<p data-start=\"280\" data-end=\"331\">Ils sont con\u00e7us <strong data-start=\"298\" data-end=\"330\">exclusivement pour une utilisation hors route.<\/strong><\/p>\n<ul data-start=\"333\" data-end=\"593\" data-is-last-node=\"\" data-is-only-node=\"\">\n<li data-start=\"333\" data-end=\"428\">Le produit est <strong data-start=\"350\" data-end=\"385\">peint en noir par \u00e9lectrostatique<\/strong>, ce qui am\u00e9liore la r\u00e9sistance aux rayures de la roue.<\/li>\n<li data-start=\"429\" data-end=\"593\" data-is-last-node=\"\">L&rsquo;<strong data-start=\"435\" data-end=\"456\">\u00e9paulement n\u00e9gatif<\/strong> de la jante s&rsquo;\u00e9tend vers l&rsquo;ext\u00e9rieur du moyeu, ce qui am\u00e9liore la stabilit\u00e9 du v\u00e9hicule et offre plus d&rsquo;espace pour les pneus tout-terrain surdimensionn\u00e9s.<\/li>\n<\/ul>\n<\/div>\n","protected":false},"excerpt":{"rendered":"<p data-start=\"0\" data-end=\"65\"><strong data-start=\"0\" data-end=\"65\">Roue en acier 16X8 ET-25 5X165.1 CB 113 OFF ROAD pour Land Rover<\/strong><\/p>\n<p data-start=\"67\" data-end=\"163\">\u26a0\ufe0f Ces roues <strong data-start=\"84\" data-end=\"100\">ne<\/strong> sont pas <strong data-start=\"129\" data-end=\"162\">homologu\u00e9es<\/strong> pour une utilisation sur la voie publique et <strong data-start=\"129\" data-end=\"162\">n&rsquo;ont pas de certification RAR<\/strong>.<\/p>\n<p data-start=\"165\" data-end=\"216\" data-is-last-node=\"\" data-is-only-node=\"\">Ils sont con\u00e7us <strong data-start=\"183\" data-end=\"215\">exclusivement pour une utilisation hors route.<\/strong><\/p>\n","protected":false},"featured_media":37334,"comment_status":"open","ping_status":"closed","template":"","meta":[],"product_brand":[1279],"product_cat":[4625],"product_tag":[3777,4428,3623],"class_list":{"0":"post-43987","1":"product","2":"type-product","3":"status-publish","4":"has-post-thumbnail","6":"product_brand-ofm4x4","7":"product_cat-roues-en-acier","8":"product_tag-16x8-fr","9":"product_tag-et-25-5x165-1-cb-113-fr","10":"product_tag-roue-en-acier","11":"product_shipping_class-alte-produse-fr","13":"first","14":"instock","15":"taxable","16":"shipping-taxable","17":"purchasable","18":"product-type-simple"},"_links":{"self":[{"href":"https:\/\/ofm4x4.com\/fr\/wp-json\/wp\/v2\/product\/43987","targetHints":{"allow":["GET"]}}],"collection":[{"href":"https:\/\/ofm4x4.com\/fr\/wp-json\/wp\/v2\/product"}],"about":[{"href":"https:\/\/ofm4x4.com\/fr\/wp-json\/wp\/v2\/types\/product"}],"replies":[{"embeddable":true,"href":"https:\/\/ofm4x4.com\/fr\/wp-json\/wp\/v2\/comments?post=43987"}],"version-history":[{"count":1,"href":"https:\/\/ofm4x4.com\/fr\/wp-json\/wp\/v2\/product\/43987\/revisions"}],"predecessor-version":[{"id":43996,"href":"https:\/\/ofm4x4.com\/fr\/wp-json\/wp\/v2\/product\/43987\/revisions\/43996"}],"wp:featuredmedia":[{"embeddable":true,"href":"https:\/\/ofm4x4.com\/fr\/wp-json\/wp\/v2\/media\/37334"}],"wp:attachment":[{"href":"https:\/\/ofm4x4.com\/fr\/wp-json\/wp\/v2\/media?parent=43987"}],"wp:term":[{"taxonomy":"product_brand","embeddable":true,"href":"https:\/\/ofm4x4.com\/fr\/wp-json\/wp\/v2\/product_brand?post=43987"},{"taxonomy":"product_cat","embeddable":true,"href":"https:\/\/ofm4x4.com\/fr\/wp-json\/wp\/v2\/product_cat?post=43987"},{"taxonomy":"product_tag","embeddable":true,"href":"https:\/\/ofm4x4.com\/fr\/wp-json\/wp\/v2\/product_tag?post=43987"}],"curies":[{"name":"wp","href":"https:\/\/api.w.org\/{rel}","templated":true}]}}