{"id":43989,"date":"2020-10-05T08:15:26","date_gmt":"2020-10-05T08:15:26","guid":{"rendered":"https:\/\/ofm4x4.com\/shop\/non%20class\u00e9\/treuil-grizzly-electrique-8500-lbs-1501-avec-cable-synthetique\/"},"modified":"2025-09-24T10:01:57","modified_gmt":"2025-09-24T10:01:57","slug":"treuil-grizzly-electrique-8500-lbs-1501-avec-cable-synthetique","status":"publish","type":"product","link":"https:\/\/ofm4x4.com\/fr\/shop\/treuils-electriques\/treuil-grizzly-electrique-8500-lbs-1501-avec-cable-synthetique\/","title":{"rendered":"Treuil Grizzly \u00e9lectrique 8500 lbs 150:1 avec c\u00e2ble synth\u00e9tique"},"content":{"rendered":"<p><strong>Treuil \u00e9lectrique Grizzly 8500 lbs (3855 kg) avec c\u00e2ble synth\u00e9tique<\/strong><\/p>\n<ul>\n<li><strong data-start=\"0\" data-end=\"20\" data-is-only-node=\"\">Capacit\u00e9 de remorquage :<\/strong> 3 855 kg (8 500 lb)<\/li>\n<li><strong data-start=\"44\" data-end=\"53\">Corde :<\/strong> synth\u00e9tique, 18 m x \u00d8 8 mm<\/li>\n<li><strong data-start=\"81\" data-end=\"100\">Module de contr\u00f4le :<\/strong> Position fixe (centrale)<\/li>\n<li><strong data-start=\"128\" data-end=\"138\">Moteur :<\/strong> 5,2 HP (3,9 kW)<\/li>\n<li><strong data-start=\"157\" data-end=\"169\">Tension :<\/strong> 12V<\/li>\n<li><strong data-start=\"176\" data-end=\"193\">Transmission :<\/strong> engrenage plan\u00e9taire \u00e0 3 \u00e9tages<\/li>\n<li><strong data-start=\"219\" data-end=\"234\">Rapport de d\u00e9multiplication :<\/strong> 150:1<\/li>\n<li><strong data-start=\"243\" data-end=\"254\">Embrayage :<\/strong> Engagement\/d\u00e9sengagement manuel<\/li>\n<li><strong data-start=\"281\" data-end=\"291\">Frein :<\/strong> Automatique<\/li>\n<li><strong data-start=\"304\" data-end=\"317\">Fairlead :<\/strong> Aluminium Hawse<\/li>\n<li><strong data-start=\"335\" data-end=\"354\">T\u00e9l\u00e9commande :<\/strong> Avec ou sans fil<\/li>\n<li><strong data-start=\"376\" data-end=\"397\">Dimensions du treuil :<\/strong> 435 mm x 162 mm x 185 mm<\/li>\n<li><strong data-start=\"425\" data-end=\"442\">Poids du treuil :<\/strong> 23 kg<\/li>\n<li><strong data-start=\"451\" data-end=\"477\">Sch\u00e9ma des boulons de montage :<\/strong> 165 mm x 114,3 mm<\/li>\n<li><strong data-start=\"498\" data-end=\"520\">Charge maximale sur le c\u00e2ble :<\/strong> 3 630 kg<\/li>\n<\/ul>\n","protected":false},"excerpt":{"rendered":"<p><strong>Treuil \u00e9lectrique Grizzly 8500 lbs (3855 kg) avec c\u00e2ble synth\u00e9tique<\/strong><\/p>\n","protected":false},"featured_media":34056,"comment_status":"open","ping_status":"closed","template":"","meta":[],"product_brand":[1308],"product_cat":[4595],"product_tag":[4064,3738,3739,4020],"class_list":{"0":"post-43989","1":"product","2":"type-product","3":"status-publish","4":"has-post-thumbnail","6":"product_brand-grizzly-winch","7":"product_cat-treuils-electriques","8":"product_tag-8500-lbs-fr-2","9":"product_tag-electric-winch-fr","10":"product_tag-grizzly-winch-fr","11":"product_tag-synthetic-rope-fr","12":"product_shipping_class-alte-produse-fr","14":"first","15":"outofstock","16":"taxable","17":"shipping-taxable","18":"purchasable","19":"product-type-simple"},"_links":{"self":[{"href":"https:\/\/ofm4x4.com\/fr\/wp-json\/wp\/v2\/product\/43989","targetHints":{"allow":["GET"]}}],"collection":[{"href":"https:\/\/ofm4x4.com\/fr\/wp-json\/wp\/v2\/product"}],"about":[{"href":"https:\/\/ofm4x4.com\/fr\/wp-json\/wp\/v2\/types\/product"}],"replies":[{"embeddable":true,"href":"https:\/\/ofm4x4.com\/fr\/wp-json\/wp\/v2\/comments?post=43989"}],"version-history":[{"count":1,"href":"https:\/\/ofm4x4.com\/fr\/wp-json\/wp\/v2\/product\/43989\/revisions"}],"predecessor-version":[{"id":44031,"href":"https:\/\/ofm4x4.com\/fr\/wp-json\/wp\/v2\/product\/43989\/revisions\/44031"}],"wp:featuredmedia":[{"embeddable":true,"href":"https:\/\/ofm4x4.com\/fr\/wp-json\/wp\/v2\/media\/34056"}],"wp:attachment":[{"href":"https:\/\/ofm4x4.com\/fr\/wp-json\/wp\/v2\/media?parent=43989"}],"wp:term":[{"taxonomy":"product_brand","embeddable":true,"href":"https:\/\/ofm4x4.com\/fr\/wp-json\/wp\/v2\/product_brand?post=43989"},{"taxonomy":"product_cat","embeddable":true,"href":"https:\/\/ofm4x4.com\/fr\/wp-json\/wp\/v2\/product_cat?post=43989"},{"taxonomy":"product_tag","embeddable":true,"href":"https:\/\/ofm4x4.com\/fr\/wp-json\/wp\/v2\/product_tag?post=43989"}],"curies":[{"name":"wp","href":"https:\/\/api.w.org\/{rel}","templated":true}]}}