{"id":44123,"date":"2020-06-12T07:08:09","date_gmt":"2020-06-12T07:08:09","guid":{"rendered":"https:\/\/ofm4x4.com\/shop\/non%20class\u00e9\/treuil-electrique-grizzly-13-000-lbs-1501-avec-cable-en-acier\/"},"modified":"2025-09-24T10:02:10","modified_gmt":"2025-09-24T10:02:10","slug":"treuil-electrique-grizzly-13-000-lbs-1501-avec-cable-en-acier","status":"publish","type":"product","link":"https:\/\/ofm4x4.com\/fr\/shop\/treuils-electriques\/treuil-electrique-grizzly-13-000-lbs-1501-avec-cable-en-acier\/","title":{"rendered":"Treuil \u00e9lectrique Grizzly 13.000 lbs 150:1 avec c\u00e2ble en acier"},"content":{"rendered":"<p><strong data-start=\"0\" data-end=\"66\">Treuil \u00e9lectrique 13.000 lbs 150:1 Treuil Grizzly avec c\u00e2ble en acier<\/strong><\/p>\n<ul>\n<li><strong data-start=\"0\" data-end=\"20\" data-is-only-node=\"\">Capacit\u00e9 de remorquage :<\/strong> 13.000 lbs [5,897 kg]<\/li>\n<li><strong data-start=\"45\" data-end=\"55\">C\u00e2ble :<\/strong> Acier, 25 m x \u00d8 9,5 mm<\/li>\n<li><strong data-start=\"81\" data-end=\"100\">Module de contr\u00f4le :<\/strong> Position fixe [centrale]<\/li>\n<li><strong data-start=\"128\" data-end=\"138\">Moteur :<\/strong> 6,5 HP [4,5 kW]<\/li>\n<li><strong data-start=\"157\" data-end=\"169\">Tension :<\/strong> 12V<\/li>\n<li><strong data-start=\"176\" data-end=\"192\">Syst\u00e8me d&rsquo;engrenage :<\/strong> Plan\u00e9taire \u00e0 trois \u00e9tages<\/li>\n<li><strong data-start=\"217\" data-end=\"232\">Rapport de d\u00e9multiplication :<\/strong> 150:1<\/li>\n<li><strong data-start=\"241\" data-end=\"252\">Embrayage :<\/strong> Engagement\/d\u00e9sengagement manuel<\/li>\n<li><strong data-start=\"279\" data-end=\"289\">Frein :<\/strong> Automatique<\/li>\n<li><strong data-start=\"302\" data-end=\"315\">Fairlead :<\/strong> Rouleaux en acier<\/li>\n<li><strong data-start=\"332\" data-end=\"351\">T\u00e9l\u00e9commande :<\/strong> Avec ou sans fil<\/li>\n<li><strong data-start=\"373\" data-end=\"394\">Dimensions du treuil :<\/strong> 546 mm x 160 mm x 218 mm<\/li>\n<li><strong data-start=\"422\" data-end=\"439\">Poids du treuil :<\/strong> 38 kg<\/li>\n<li><strong data-start=\"448\" data-end=\"474\">Sch\u00e9ma des boulons de montage :<\/strong> 254 mm x 114,3 mm<\/li>\n<li><strong data-start=\"495\" data-end=\"518\">Charge maximale du c\u00e2ble :<\/strong> 5 897 kg<\/li>\n<\/ul>\n","protected":false},"excerpt":{"rendered":"<p><strong data-start=\"0\" data-end=\"66\">Treuil \u00e9lectrique 13.000 lbs 150:1 Treuil Grizzly avec c\u00e2ble en acier<\/strong><\/p>\n","protected":false},"featured_media":34082,"comment_status":"open","ping_status":"closed","template":"","meta":[],"product_brand":[1308],"product_cat":[4595],"product_tag":[3736,4484,3738,3739,3740],"class_list":{"0":"post-44123","1":"product","2":"type-product","3":"status-publish","4":"has-post-thumbnail","6":"product_brand-grizzly-winch","7":"product_cat-treuils-electriques","8":"product_tag-13-000-lbs-fr","9":"product_tag-1501-fr","10":"product_tag-electric-winch-fr","11":"product_tag-grizzly-winch-fr","12":"product_tag-steel-cable-fr","13":"product_shipping_class-alte-produse-fr","15":"first","16":"outofstock","17":"taxable","18":"shipping-taxable","19":"purchasable","20":"product-type-simple"},"_links":{"self":[{"href":"https:\/\/ofm4x4.com\/fr\/wp-json\/wp\/v2\/product\/44123","targetHints":{"allow":["GET"]}}],"collection":[{"href":"https:\/\/ofm4x4.com\/fr\/wp-json\/wp\/v2\/product"}],"about":[{"href":"https:\/\/ofm4x4.com\/fr\/wp-json\/wp\/v2\/types\/product"}],"replies":[{"embeddable":true,"href":"https:\/\/ofm4x4.com\/fr\/wp-json\/wp\/v2\/comments?post=44123"}],"version-history":[{"count":1,"href":"https:\/\/ofm4x4.com\/fr\/wp-json\/wp\/v2\/product\/44123\/revisions"}],"predecessor-version":[{"id":44165,"href":"https:\/\/ofm4x4.com\/fr\/wp-json\/wp\/v2\/product\/44123\/revisions\/44165"}],"wp:featuredmedia":[{"embeddable":true,"href":"https:\/\/ofm4x4.com\/fr\/wp-json\/wp\/v2\/media\/34082"}],"wp:attachment":[{"href":"https:\/\/ofm4x4.com\/fr\/wp-json\/wp\/v2\/media?parent=44123"}],"wp:term":[{"taxonomy":"product_brand","embeddable":true,"href":"https:\/\/ofm4x4.com\/fr\/wp-json\/wp\/v2\/product_brand?post=44123"},{"taxonomy":"product_cat","embeddable":true,"href":"https:\/\/ofm4x4.com\/fr\/wp-json\/wp\/v2\/product_cat?post=44123"},{"taxonomy":"product_tag","embeddable":true,"href":"https:\/\/ofm4x4.com\/fr\/wp-json\/wp\/v2\/product_tag?post=44123"}],"curies":[{"name":"wp","href":"https:\/\/api.w.org\/{rel}","templated":true}]}}