{"id":35633,"date":"2025-09-15T09:52:11","date_gmt":"2025-09-15T09:52:11","guid":{"rendered":"https:\/\/ofm4x4.com\/informativa-sulla-privacy\/"},"modified":"2025-09-22T07:37:14","modified_gmt":"2025-09-22T07:37:14","slug":"informativa-sulla-privacy","status":"publish","type":"page","link":"https:\/\/ofm4x4.com\/it\/informativa-sulla-privacy\/","title":{"rendered":"Informativa sulla privacy"},"content":{"rendered":"\t\t<div data-elementor-type=\"wp-page\" data-elementor-id=\"35633\" class=\"elementor elementor-35633 elementor-3\">\n\t\t\t\t<div class=\"wd-negative-gap elementor-element elementor-element-f53d4cf e-flex e-con-boxed e-con e-parent\" data-id=\"f53d4cf\" data-element_type=\"container\" data-e-type=\"container\">\n\t\t\t\t\t<div class=\"e-con-inner\">\n\t\t\t\t<div class=\"elementor-element elementor-element-25f45501 color-scheme-inherit text-left elementor-widget elementor-widget-text-editor\" data-id=\"25f45501\" data-element_type=\"widget\" data-e-type=\"widget\" data-widget_type=\"text-editor.default\">\n\t\t\t\t<div class=\"elementor-widget-container\">\n\t\t\t\t\t\t\t\t\t<h1 data-start=\"240\" data-end=\"258\">Informativa sulla privacy<\/h1><p data-start=\"260\" data-end=\"292\"><strong data-start=\"260\" data-end=\"279\">Data di entrata in vigore:<\/strong> 01.01.2025<\/p><h3 data-start=\"294\" data-end=\"315\">1. Introduzione<\/h3><p data-start=\"316\" data-end=\"616\">Benvenuto su <strong data-start=\"327\" data-end=\"341\">ofm4x4.com<\/strong> (il &#8220;Sito&#8221;), gestito da <strong data-start=\"371\" data-end=\"391\">WTD Logistic SRL<\/strong> (&#8220;Azienda&#8221;, &#8220;noi&#8221;, &#8220;ci&#8221; o &#8220;nostro&#8221;). La tua privacy \u00e8 importante per noi. La presente Informativa sulla privacy spiega come raccogliamo, utilizziamo, divulghiamo e proteggiamo le tue informazioni quando visiti il nostro sito web e acquisti i nostri accessori per fuoristrada.  <\/p><h3 data-start=\"618\" data-end=\"649\">2. Informazioni che raccogliamo<\/h3><p data-start=\"650\" data-end=\"698\">Raccogliamo i seguenti tipi di informazioni:<\/p><ul data-start=\"700\" data-end=\"957\"><li data-start=\"700\" data-end=\"815\"><p data-start=\"702\" data-end=\"815\"><strong data-start=\"702\" data-end=\"727\">Informazioni personali:<\/strong> Nome, indirizzo e-mail, numero di telefono, indirizzo di fatturazione e spedizione e dati di pagamento.<\/p><\/li><li data-start=\"816\" data-end=\"957\"><p data-start=\"818\" data-end=\"957\"><strong data-start=\"818\" data-end=\"847\">Informazioni non personali:<\/strong> Tipo di browser, informazioni sul dispositivo, indirizzo IP e dati di utilizzo raccolti tramite cookie e strumenti di analisi.<\/p><\/li><\/ul><h3 data-start=\"959\" data-end=\"995\">3. Come utilizziamo i tuoi dati<\/h3><p data-start=\"996\" data-end=\"1034\">Utilizziamo le informazioni raccolte per:<\/p><ul data-start=\"1036\" data-end=\"1256\"><li data-start=\"1036\" data-end=\"1072\"><p data-start=\"1038\" data-end=\"1072\">Elaborare ed evadere i tuoi ordini.<\/p><\/li><li data-start=\"1073\" data-end=\"1127\"><p data-start=\"1075\" data-end=\"1127\">Fornire assistenza ai clienti e rispondere alle richieste.<\/p><\/li><li data-start=\"1128\" data-end=\"1172\"><p data-start=\"1130\" data-end=\"1172\">Migliorare il nostro sito web e l&#8217;esperienza degli utenti.<\/p><\/li><li data-start=\"1173\" data-end=\"1221\"><p data-start=\"1175\" data-end=\"1221\">Inviare email promozionali (con il tuo consenso).<\/p><\/li><li data-start=\"1222\" data-end=\"1256\"><p data-start=\"1224\" data-end=\"1256\">Rispettare gli obblighi di legge.<\/p><\/li><\/ul><h3 data-start=\"1258\" data-end=\"1291\">4. Condividere le tue informazioni<\/h3><p data-start=\"1292\" data-end=\"1373\">Non vendiamo i tuoi dati personali. Tuttavia, possiamo condividere le tue informazioni con: <\/p><ul data-start=\"1375\" data-end=\"1585\"><li data-start=\"1375\" data-end=\"1425\"><p data-start=\"1377\" data-end=\"1425\">Processori di pagamento per facilitare le transazioni.<\/p><\/li><li data-start=\"1426\" data-end=\"1472\"><p data-start=\"1428\" data-end=\"1472\">Fornitori di servizi di spedizione per consegnare i tuoi ordini.<\/p><\/li><li data-start=\"1473\" data-end=\"1514\"><p data-start=\"1475\" data-end=\"1514\">Autorit\u00e0 legali se richiesto dalla legge.<\/p><\/li><li data-start=\"1515\" data-end=\"1585\"><p data-start=\"1517\" data-end=\"1585\">Fornitori di servizi di terze parti per l&#8217;analisi del sito web e il marketing.<\/p><\/li><\/ul><h3 data-start=\"1587\" data-end=\"1629\">5. Cookie e tecnologie di tracciamento<\/h3><p data-start=\"1630\" data-end=\"1810\">Utilizziamo i cookie e tecnologie di tracciamento simili per migliorare la tua esperienza di navigazione e analizzare il traffico del sito web. Puoi gestire le preferenze relative ai cookie attraverso le impostazioni del tuo browser. <\/p><h3 data-start=\"1812\" data-end=\"1834\">6. Sicurezza dei dati<\/h3><p data-start=\"1835\" data-end=\"1979\">Implementiamo misure di sicurezza standard del settore per proteggere le tue informazioni da accessi non autorizzati, alterazione, divulgazione o distruzione.<\/p><h3 data-start=\"1981\" data-end=\"2001\">7. I tuoi diritti<\/h3><p data-start=\"2002\" data-end=\"2026\">Hai il diritto di:<\/p><ul data-start=\"2028\" data-end=\"2207\"><li data-start=\"2028\" data-end=\"2077\"><p data-start=\"2030\" data-end=\"2077\">Accedere, aggiornare o cancellare i tuoi dati personali.<\/p><\/li><li data-start=\"2078\" data-end=\"2118\"><p data-start=\"2080\" data-end=\"2118\">Rinuncia alle comunicazioni di marketing.<\/p><\/li><li data-start=\"2119\" data-end=\"2168\"><p data-start=\"2121\" data-end=\"2168\">Richiedere una copia dei dati in nostro possesso.<\/p><\/li><li data-start=\"2169\" data-end=\"2207\"><p data-start=\"2171\" data-end=\"2207\">Ritirare il consenso, se del caso.<\/p><\/li><\/ul><p data-start=\"2209\" data-end=\"2274\">Per esercitare questi diritti, contattaci all&#8217;indirizzo <strong data-start=\"2249\" data-end=\"2271\"><a class=\"decorated-link cursor-pointer\" rel=\"noopener\" data-start=\"2251\" data-end=\"2269\">contact@ofm4x4.com<\/a><\/strong>.<\/p><h3 data-start=\"2276\" data-end=\"2302\">8. Link di terze parti<\/h3><p data-start=\"2303\" data-end=\"2440\">Il nostro sito web pu\u00f2 contenere link a siti di terzi. Non siamo responsabili delle loro politiche sulla privacy e ti invitiamo a prenderne visione. <\/p><h3 data-start=\"2442\" data-end=\"2481\">9. Modifiche alla presente Informativa sulla privacy<\/h3><p data-start=\"2482\" data-end=\"2610\">Potremmo aggiornare periodicamente la presente Informativa sulla privacy. Eventuali modifiche saranno pubblicate su questa pagina con una &#8220;Data di entrata in vigore&#8221; aggiornata. <\/p><h3 data-start=\"2612\" data-end=\"2632\">10. Contattaci<\/h3><p data-start=\"2633\" data-end=\"2705\">Per qualsiasi domanda relativa alla presente Informativa sulla privacy, contattaci all&#8217;indirizzo:<\/p><p data-start=\"2707\" data-end=\"2878\"><strong data-start=\"2707\" data-end=\"2727\">WTD Logistic SRL<\/strong><br data-start=\"2727\" data-end=\"2730\">Email: <strong data-start=\"2737\" data-end=\"2759\"><a class=\"decorated-link cursor-pointer\" rel=\"noopener\" data-start=\"2739\" data-end=\"2757\">contact@ofm4x4.com<\/a><\/strong><br data-start=\"2759\" data-end=\"2762\">Telefono: <strong data-start=\"2769\" data-end=\"2788\">+40 730 333 666<\/strong><br data-start=\"2788\" data-end=\"2791\">Indirizzo: <strong data-start=\"2800\" data-end=\"2876\">Via: H\u0103r\u0103ului, Nr.40, Citt\u00e0: Deva, Contea: Hunedoara, Paese: Romania<\/strong><\/p>\t\t\t\t\t\t\t\t<\/div>\n\t\t\t\t<\/div>\n\t\t\t\t\t<\/div>\n\t\t\t\t<\/div>\n\t\t\t\t<\/div>\n\t\t","protected":false},"excerpt":{"rendered":"<p>Informativa sulla privacy Data di entrata in vigore: 01.01.2025 1. Introduzione Benvenuto su ofm4x4.com (il &#8220;Sito&#8221;), gestito da WTD Logistic<\/p>\n","protected":false},"author":1,"featured_media":0,"parent":0,"menu_order":0,"comment_status":"closed","ping_status":"open","template":"","meta":{"footnotes":""},"class_list":["post-35633","page","type-page","status-publish","hentry"],"_links":{"self":[{"href":"https:\/\/ofm4x4.com\/it\/wp-json\/wp\/v2\/pages\/35633","targetHints":{"allow":["GET"]}}],"collection":[{"href":"https:\/\/ofm4x4.com\/it\/wp-json\/wp\/v2\/pages"}],"about":[{"href":"https:\/\/ofm4x4.com\/it\/wp-json\/wp\/v2\/types\/page"}],"author":[{"embeddable":true,"href":"https:\/\/ofm4x4.com\/it\/wp-json\/wp\/v2\/users\/1"}],"replies":[{"embeddable":true,"href":"https:\/\/ofm4x4.com\/it\/wp-json\/wp\/v2\/comments?post=35633"}],"version-history":[{"count":2,"href":"https:\/\/ofm4x4.com\/it\/wp-json\/wp\/v2\/pages\/35633\/revisions"}],"predecessor-version":[{"id":35635,"href":"https:\/\/ofm4x4.com\/it\/wp-json\/wp\/v2\/pages\/35633\/revisions\/35635"}],"wp:attachment":[{"href":"https:\/\/ofm4x4.com\/it\/wp-json\/wp\/v2\/media?parent=35633"}],"curies":[{"name":"wp","href":"https:\/\/api.w.org\/{rel}","templated":true}]}}