{"id":40832,"date":"2020-04-23T05:17:36","date_gmt":"2020-04-23T05:17:36","guid":{"rendered":"https:\/\/ofm4x4.com\/shop\/senza-categoria\/ofm102-distanziali-ruota-flange-50mm-5x139-7-m12x1-25mm-per-suzuki-lada-niva\/"},"modified":"2025-09-24T09:31:12","modified_gmt":"2025-09-24T09:31:12","slug":"ofm102-distanziali-ruota-flange-50mm-5x139-7-m12x1-25mm-per-suzuki-lada-niva","status":"publish","type":"product","link":"https:\/\/ofm4x4.com\/it\/shop\/distanziali-per-ruote\/ofm102-distanziali-ruota-flange-50mm-5x139-7-m12x1-25mm-per-suzuki-lada-niva\/","title":{"rendered":"OFM102 Distanziali ruota Flange 50mm 5&#215;139.7 M12x1.25mm per Suzuki, Lada Niva"},"content":{"rendered":"<p data-start=\"0\" data-end=\"209\">Le flange distanziali per ruote sono realizzate in duralluminio speciale e soddisfano i necessari requisiti di qualit\u00e0 e sicurezza. Migliorano la stabilit\u00e0 del veicolo dopo il sollevamento installando una sospensione e ruote pi\u00f9 grandi. <\/p>\n<ul>\n<li data-start=\"211\" data-end=\"338\">Anello di centratura: No<\/li>\n<li data-start=\"211\" data-end=\"338\">Spessore: 50 mm<\/li>\n<li data-start=\"211\" data-end=\"338\">Montaggio: M12 x 1,25<\/li>\n<li data-start=\"211\" data-end=\"338\">PCD: 5 x 139,7<\/li>\n<li data-start=\"211\" data-end=\"338\">Materiale: Alluminio<\/li>\n<li data-start=\"211\" data-end=\"338\">CB: 108.1<\/li>\n<li data-start=\"211\" data-end=\"338\">Modello: OFM102<\/li>\n<\/ul>\n<p data-start=\"340\" data-end=\"374\">Il prezzo \u00e8 per un singolo pezzo!<\/p>\n<p data-start=\"376\" data-end=\"527\">Compatibile con: Suzuki Vitara, Grand Vitara 1, Suzuki Samurai, Suzuki Jimny, Suzuki SJ, Suzuki X90, Lada Niva (CB: 98.5 &#8211; richiede un anello di centraggio)<\/p>\n<p data-start=\"529\" data-end=\"643\" data-is-only-node=\"\" data-is-last-node=\"\">Diametro interno: 108,1 mm<br data-start=\"553\" data-end=\"556\">Diametro esterno: 139,7 mm<br data-start=\"580\" data-end=\"583\">Spessore della flangia: 50 mm<br data-start=\"606\" data-end=\"609\">Bulloni: M12<br data-start=\"619\" data-end=\"622\">Passo dei bulloni: 1,25 mm<\/p>\n","protected":false},"excerpt":{"rendered":"<p>Distanziali ruota 50mm 5&#215;139.7 M12x1.25mm per Suzuki, Lada Niva<\/p>\n","protected":false},"featured_media":35577,"comment_status":"open","ping_status":"closed","template":"","meta":[],"product_brand":[1279],"product_cat":[4611],"product_tag":[3676,3677,3674,3672,3675,3673],"class_list":{"0":"post-40832","1":"product","2":"type-product","3":"status-publish","4":"has-post-thumbnail","6":"product_brand-ofm4x4","7":"product_cat-distanziali-per-ruote","8":"product_tag-50mm-it","9":"product_tag-5x139-7-it","10":"product_tag-distanziali-per-ruote","11":"product_tag-lada-niva-it","12":"product_tag-m12x125-mm","13":"product_tag-suzuki-it","14":"product_shipping_class-produse-usoare-set-it","16":"first","17":"instock","18":"taxable","19":"shipping-taxable","20":"purchasable","21":"product-type-simple"},"_links":{"self":[{"href":"https:\/\/ofm4x4.com\/it\/wp-json\/wp\/v2\/product\/40832","targetHints":{"allow":["GET"]}}],"collection":[{"href":"https:\/\/ofm4x4.com\/it\/wp-json\/wp\/v2\/product"}],"about":[{"href":"https:\/\/ofm4x4.com\/it\/wp-json\/wp\/v2\/types\/product"}],"replies":[{"embeddable":true,"href":"https:\/\/ofm4x4.com\/it\/wp-json\/wp\/v2\/comments?post=40832"}],"version-history":[{"count":1,"href":"https:\/\/ofm4x4.com\/it\/wp-json\/wp\/v2\/product\/40832\/revisions"}],"predecessor-version":[{"id":40834,"href":"https:\/\/ofm4x4.com\/it\/wp-json\/wp\/v2\/product\/40832\/revisions\/40834"}],"wp:featuredmedia":[{"embeddable":true,"href":"https:\/\/ofm4x4.com\/it\/wp-json\/wp\/v2\/media\/35577"}],"wp:attachment":[{"href":"https:\/\/ofm4x4.com\/it\/wp-json\/wp\/v2\/media?parent=40832"}],"wp:term":[{"taxonomy":"product_brand","embeddable":true,"href":"https:\/\/ofm4x4.com\/it\/wp-json\/wp\/v2\/product_brand?post=40832"},{"taxonomy":"product_cat","embeddable":true,"href":"https:\/\/ofm4x4.com\/it\/wp-json\/wp\/v2\/product_cat?post=40832"},{"taxonomy":"product_tag","embeddable":true,"href":"https:\/\/ofm4x4.com\/it\/wp-json\/wp\/v2\/product_tag?post=40832"}],"curies":[{"name":"wp","href":"https:\/\/api.w.org\/{rel}","templated":true}]}}