{"id":41620,"date":"2020-10-30T09:55:58","date_gmt":"2020-10-30T09:55:58","guid":{"rendered":"https:\/\/ofm4x4.com\/shop\/senza-categoria\/ofm098-distanziali-ruota-flange-30mm-5x127-m12x1-5mm-cb71-6-per-jeep\/"},"modified":"2025-09-24T09:34:17","modified_gmt":"2025-09-24T09:34:17","slug":"ofm098-distanziali-ruota-flange-30mm-5x127-m12x1-5mm-cb71-6-per-jeep","status":"publish","type":"product","link":"https:\/\/ofm4x4.com\/it\/shop\/distanziali-per-ruote\/ofm098-distanziali-ruota-flange-30mm-5x127-m12x1-5mm-cb71-6-per-jeep\/","title":{"rendered":"OFM098 Distanziali ruota Flange 30mm 5&#215;127 M12x1.5mm CB71.6 per Jeep"},"content":{"rendered":"<p data-start=\"0\" data-end=\"209\">Le flange distanziali per ruote sono realizzate in duralluminio speciale e soddisfano i necessari requisiti di qualit\u00e0 e sicurezza. Migliorano la stabilit\u00e0 del veicolo dopo il sollevamento installando una sospensione e ruote pi\u00f9 grandi. <\/p>\n<ul>\n<li data-start=\"211\" data-end=\"330\">Anello di centratura: No<\/li>\n<li data-start=\"211\" data-end=\"330\">Spessore: 30 mm<\/li>\n<li data-start=\"211\" data-end=\"330\">Montaggio: M 1\/2<\/li>\n<li data-start=\"211\" data-end=\"330\">PCD: 5 x 127<\/li>\n<li data-start=\"211\" data-end=\"330\">Materiale: Alluminio<\/li>\n<li data-start=\"211\" data-end=\"330\">CB: 71.6<\/li>\n<li data-start=\"211\" data-end=\"330\">Modello: OFM098<\/li>\n<\/ul>\n<p data-start=\"332\" data-end=\"391\">Compatibile con: Jeep Wrangler, Grand Cherokee, Commander<\/p>\n<p data-start=\"393\" data-end=\"425\" data-is-last-node=\"\" data-is-only-node=\"\">Il prezzo \u00e8 per un singolo pezzo!<\/p>\n","protected":false},"excerpt":{"rendered":"<p>Distanziali ruota 30 mm 5&#215;127 M1\/2 CB 71.6 per Jeep<\/p>\n","protected":false},"featured_media":37237,"comment_status":"open","ping_status":"closed","template":"","meta":[],"product_brand":[1279],"product_cat":[4611],"product_tag":[4008,4354,4355,3674,3729,4356],"class_list":{"0":"post-41620","1":"product","2":"type-product","3":"status-publish","4":"has-post-thumbnail","6":"product_brand-ofm4x4","7":"product_cat-distanziali-per-ruote","8":"product_tag-30mm-it","9":"product_tag-5x127-it","10":"product_tag-cb-71-6-it","11":"product_tag-distanziali-per-ruote","12":"product_tag-jeep-it","13":"product_tag-m1-2-it","14":"product_shipping_class-produse-usoare-set-it","16":"first","17":"instock","18":"taxable","19":"shipping-taxable","20":"purchasable","21":"product-type-simple"},"_links":{"self":[{"href":"https:\/\/ofm4x4.com\/it\/wp-json\/wp\/v2\/product\/41620","targetHints":{"allow":["GET"]}}],"collection":[{"href":"https:\/\/ofm4x4.com\/it\/wp-json\/wp\/v2\/product"}],"about":[{"href":"https:\/\/ofm4x4.com\/it\/wp-json\/wp\/v2\/types\/product"}],"replies":[{"embeddable":true,"href":"https:\/\/ofm4x4.com\/it\/wp-json\/wp\/v2\/comments?post=41620"}],"version-history":[{"count":1,"href":"https:\/\/ofm4x4.com\/it\/wp-json\/wp\/v2\/product\/41620\/revisions"}],"predecessor-version":[{"id":41623,"href":"https:\/\/ofm4x4.com\/it\/wp-json\/wp\/v2\/product\/41620\/revisions\/41623"}],"wp:featuredmedia":[{"embeddable":true,"href":"https:\/\/ofm4x4.com\/it\/wp-json\/wp\/v2\/media\/37237"}],"wp:attachment":[{"href":"https:\/\/ofm4x4.com\/it\/wp-json\/wp\/v2\/media?parent=41620"}],"wp:term":[{"taxonomy":"product_brand","embeddable":true,"href":"https:\/\/ofm4x4.com\/it\/wp-json\/wp\/v2\/product_brand?post=41620"},{"taxonomy":"product_cat","embeddable":true,"href":"https:\/\/ofm4x4.com\/it\/wp-json\/wp\/v2\/product_cat?post=41620"},{"taxonomy":"product_tag","embeddable":true,"href":"https:\/\/ofm4x4.com\/it\/wp-json\/wp\/v2\/product_tag?post=41620"}],"curies":[{"name":"wp","href":"https:\/\/api.w.org\/{rel}","templated":true}]}}