{"id":41670,"date":"2020-10-30T09:55:58","date_gmt":"2020-10-30T09:55:58","guid":{"rendered":"https:\/\/ofm4x4.com\/shop\/senza-categoria\/ofm099-distanziali-ruota-flange-30mm-6x139-7-m12x1-5mm-per-mitsubishi-toyota-opel-hyundai\/"},"modified":"2025-09-24T09:34:20","modified_gmt":"2025-09-24T09:34:20","slug":"ofm099-distanziali-ruota-flange-30mm-6x139-7-m12x1-5mm-per-mitsubishi-toyota-opel-hyundai","status":"publish","type":"product","link":"https:\/\/ofm4x4.com\/it\/shop\/distanziali-per-ruote\/ofm099-distanziali-ruota-flange-30mm-6x139-7-m12x1-5mm-per-mitsubishi-toyota-opel-hyundai\/","title":{"rendered":"OFM099 Distanziali ruota flange 30mm 6&#215;139.7 M12x1.5mm per Mitsubishi, Toyota, Opel, Hyundai"},"content":{"rendered":"<p data-start=\"0\" data-end=\"209\">Le flange distanziali per ruote sono realizzate in duralluminio speciale e soddisfano i necessari requisiti di qualit\u00e0 e sicurezza. Migliorano la stabilit\u00e0 del veicolo dopo il sollevamento installando una sospensione e ruote pi\u00f9 grandi. <\/p>\n<ul>\n<li data-start=\"211\" data-end=\"335\">Anello di centratura: No<\/li>\n<li data-start=\"211\" data-end=\"335\">Spessore: 30 mm<\/li>\n<li data-start=\"211\" data-end=\"335\">Montaggio: M12 x 1,5<\/li>\n<li data-start=\"211\" data-end=\"335\">PCD: 6 x 139,7<\/li>\n<li data-start=\"211\" data-end=\"335\">Materiale: Alluminio<\/li>\n<li data-start=\"211\" data-end=\"335\">CB: 110<\/li>\n<li data-start=\"211\" data-end=\"335\">Modello: OFM099<\/li>\n<\/ul>\n<p data-start=\"337\" data-end=\"435\">Compatibile con: Mitsubishi Pajero MK1, Mitsubishi Pajero MK2, Mitsubishi L200, Toyota, Galloper<\/p>\n<p data-start=\"437\" data-end=\"548\">Mitsubishi Pajero MK3 (CB: 67.1) &#8211; richiede un anello di centraggio<br data-start=\"497\" data-end=\"500\">Frontera (CB: 100) &#8211; richiede un anello di centraggio<\/p>\n<p data-start=\"550\" data-end=\"573\" data-is-last-node=\"\" data-is-only-node=\"\">Il prezzo si intende per pezzo.<\/p>\n","protected":false},"excerpt":{"rendered":"<p>Distanziali ruota 30mm 6&#215;139.7 M12x1.5mm per Mitsubishi, Toyota, Opel, Hyundai<\/p>\n","protected":false},"featured_media":37251,"comment_status":"open","ping_status":"closed","template":"","meta":[],"product_brand":[1279],"product_cat":[4611],"product_tag":[4008,4009,3674,4359,4011,4118,4360,4141],"class_list":{"0":"post-41670","1":"product","2":"type-product","3":"status-publish","4":"has-post-thumbnail","6":"product_brand-ofm4x4","7":"product_cat-distanziali-per-ruote","8":"product_tag-30mm-it","9":"product_tag-6x139-7-it","10":"product_tag-distanziali-per-ruote","11":"product_tag-hyundai-it","12":"product_tag-m12x1-5mm-it","13":"product_tag-mitsubishi-it","14":"product_tag-opel-it","15":"product_tag-toyota-it","16":"product_shipping_class-produse-usoare-set-it","18":"first","19":"outofstock","20":"taxable","21":"shipping-taxable","22":"purchasable","23":"product-type-simple"},"_links":{"self":[{"href":"https:\/\/ofm4x4.com\/it\/wp-json\/wp\/v2\/product\/41670","targetHints":{"allow":["GET"]}}],"collection":[{"href":"https:\/\/ofm4x4.com\/it\/wp-json\/wp\/v2\/product"}],"about":[{"href":"https:\/\/ofm4x4.com\/it\/wp-json\/wp\/v2\/types\/product"}],"replies":[{"embeddable":true,"href":"https:\/\/ofm4x4.com\/it\/wp-json\/wp\/v2\/comments?post=41670"}],"version-history":[{"count":1,"href":"https:\/\/ofm4x4.com\/it\/wp-json\/wp\/v2\/product\/41670\/revisions"}],"predecessor-version":[{"id":41678,"href":"https:\/\/ofm4x4.com\/it\/wp-json\/wp\/v2\/product\/41670\/revisions\/41678"}],"wp:featuredmedia":[{"embeddable":true,"href":"https:\/\/ofm4x4.com\/it\/wp-json\/wp\/v2\/media\/37251"}],"wp:attachment":[{"href":"https:\/\/ofm4x4.com\/it\/wp-json\/wp\/v2\/media?parent=41670"}],"wp:term":[{"taxonomy":"product_brand","embeddable":true,"href":"https:\/\/ofm4x4.com\/it\/wp-json\/wp\/v2\/product_brand?post=41670"},{"taxonomy":"product_cat","embeddable":true,"href":"https:\/\/ofm4x4.com\/it\/wp-json\/wp\/v2\/product_cat?post=41670"},{"taxonomy":"product_tag","embeddable":true,"href":"https:\/\/ofm4x4.com\/it\/wp-json\/wp\/v2\/product_tag?post=41670"}],"curies":[{"name":"wp","href":"https:\/\/api.w.org\/{rel}","templated":true}]}}