{"id":41717,"date":"2020-10-30T09:51:25","date_gmt":"2020-10-30T09:51:25","guid":{"rendered":"https:\/\/ofm4x4.com\/shop\/senza-categoria\/ofm096-distanziali-ruota-flange-30mm-5x120-m14x1-5-cb70-1-con-anello-di-centraggio-per-land-rover-disco-2-range-rover\/"},"modified":"2025-09-24T09:34:31","modified_gmt":"2025-09-24T09:34:31","slug":"ofm096-distanziali-ruota-flange-30mm-5x120-m14x1-5-cb70-1-con-anello-di-centraggio-per-land-rover-disco-2-range-rover","status":"publish","type":"product","link":"https:\/\/ofm4x4.com\/it\/shop\/distanziali-per-ruote\/ofm096-distanziali-ruota-flange-30mm-5x120-m14x1-5-cb70-1-con-anello-di-centraggio-per-land-rover-disco-2-range-rover\/","title":{"rendered":"OFM096 Distanziali ruota flange 30mm 5&#215;120 M14x1.5 CB70.1 con anello di centraggio per Land Rover, Disco 2, Range Rover"},"content":{"rendered":"<p data-start=\"0\" data-end=\"209\">Le flange distanziali per ruote sono realizzate in duralluminio speciale e soddisfano i necessari requisiti di qualit\u00e0 e sicurezza. Migliorano la stabilit\u00e0 del veicolo dopo il sollevamento installando una sospensione e ruote pi\u00f9 grandi. <\/p>\n<ul>\n<li data-start=\"211\" data-end=\"335\">Anello di centratura: S\u00ec<\/li>\n<li data-start=\"211\" data-end=\"335\">Spessore: 30 mm<\/li>\n<li data-start=\"211\" data-end=\"335\">Montaggio: M14 x 1,5<\/li>\n<li data-start=\"211\" data-end=\"335\">PCD: 5 x 120<\/li>\n<li data-start=\"211\" data-end=\"335\">Materiale: Alluminio<\/li>\n<li data-start=\"211\" data-end=\"335\">CB: 70.1<\/li>\n<li data-start=\"211\" data-end=\"335\">Modello: OFM096<\/li>\n<\/ul>\n<p data-start=\"337\" data-end=\"369\" data-is-last-node=\"\" data-is-only-node=\"\">Il prezzo \u00e8 per un singolo pezzo!<\/p>\n","protected":false},"excerpt":{"rendered":"<p>Distanziali ruota 30 mm 5&#215;120 M14x1.5 CB70.1 con anello di centraggio per Land Rover, Disco II, Range Rover<\/p>\n<p>&nbsp;<\/p>\n<p>&nbsp;<\/p>\n","protected":false},"featured_media":37267,"comment_status":"open","ping_status":"closed","template":"","meta":[],"product_brand":[1279],"product_cat":[4611],"product_tag":[4008,4372,4373,3770,4374,3674,4155,4375,4376],"class_list":{"0":"post-41717","1":"product","2":"type-product","3":"status-publish","4":"has-post-thumbnail","6":"product_brand-ofm4x4","7":"product_cat-distanziali-per-ruote","8":"product_tag-30mm-it","9":"product_tag-5x120-it","10":"product_tag-cb70-1-it","11":"product_tag-centering-ring-it","12":"product_tag-disco-ii-it","13":"product_tag-distanziali-per-ruote","14":"product_tag-land-rover-it","15":"product_tag-m14x1-5-it","16":"product_tag-range-rover-it","17":"product_shipping_class-produse-usoare-set-it","19":"first","20":"instock","21":"taxable","22":"shipping-taxable","23":"purchasable","24":"product-type-simple"},"_links":{"self":[{"href":"https:\/\/ofm4x4.com\/it\/wp-json\/wp\/v2\/product\/41717","targetHints":{"allow":["GET"]}}],"collection":[{"href":"https:\/\/ofm4x4.com\/it\/wp-json\/wp\/v2\/product"}],"about":[{"href":"https:\/\/ofm4x4.com\/it\/wp-json\/wp\/v2\/types\/product"}],"replies":[{"embeddable":true,"href":"https:\/\/ofm4x4.com\/it\/wp-json\/wp\/v2\/comments?post=41717"}],"version-history":[{"count":1,"href":"https:\/\/ofm4x4.com\/it\/wp-json\/wp\/v2\/product\/41717\/revisions"}],"predecessor-version":[{"id":41736,"href":"https:\/\/ofm4x4.com\/it\/wp-json\/wp\/v2\/product\/41717\/revisions\/41736"}],"wp:featuredmedia":[{"embeddable":true,"href":"https:\/\/ofm4x4.com\/it\/wp-json\/wp\/v2\/media\/37267"}],"wp:attachment":[{"href":"https:\/\/ofm4x4.com\/it\/wp-json\/wp\/v2\/media?parent=41717"}],"wp:term":[{"taxonomy":"product_brand","embeddable":true,"href":"https:\/\/ofm4x4.com\/it\/wp-json\/wp\/v2\/product_brand?post=41717"},{"taxonomy":"product_cat","embeddable":true,"href":"https:\/\/ofm4x4.com\/it\/wp-json\/wp\/v2\/product_cat?post=41717"},{"taxonomy":"product_tag","embeddable":true,"href":"https:\/\/ofm4x4.com\/it\/wp-json\/wp\/v2\/product_tag?post=41717"}],"curies":[{"name":"wp","href":"https:\/\/api.w.org\/{rel}","templated":true}]}}