{"id":41737,"date":"2020-10-30T09:40:00","date_gmt":"2020-10-30T09:40:00","guid":{"rendered":"https:\/\/ofm4x4.com\/shop\/senza-categoria\/ofm100-distanziali-ruota-flange-30mm-5x139-7-m12x1-25mm-per-suzuki-lada-niva\/"},"modified":"2025-09-24T09:34:32","modified_gmt":"2025-09-24T09:34:32","slug":"ofm100-distanziali-ruota-flange-30mm-5x139-7-m12x1-25mm-per-suzuki-lada-niva","status":"publish","type":"product","link":"https:\/\/ofm4x4.com\/it\/shop\/distanziali-per-ruote\/ofm100-distanziali-ruota-flange-30mm-5x139-7-m12x1-25mm-per-suzuki-lada-niva\/","title":{"rendered":"OFM100 Distanziali ruota Flange 30mm 5&#215;139.7 M12x1.25mm per Suzuki, Lada Niva"},"content":{"rendered":"<p data-start=\"0\" data-end=\"209\">Le flange distanziali per ruote sono realizzate in duralluminio speciale e soddisfano i necessari requisiti di qualit\u00e0 e sicurezza. Migliorano la stabilit\u00e0 del veicolo dopo il sollevamento installando una sospensione e ruote pi\u00f9 grandi. <\/p>\n<ul>\n<li data-start=\"211\" data-end=\"338\">Anello di centratura: No<\/li>\n<li data-start=\"211\" data-end=\"338\">Spessore: 30 mm<\/li>\n<li data-start=\"211\" data-end=\"338\">Montaggio: M12 x 1,25<\/li>\n<li data-start=\"211\" data-end=\"338\">PCD: 5 x 139,7<\/li>\n<li data-start=\"211\" data-end=\"338\">Materiale: Alluminio<\/li>\n<li data-start=\"211\" data-end=\"338\">CB: 108.1<\/li>\n<li data-start=\"211\" data-end=\"338\">Modello: OFM100<\/li>\n<\/ul>\n<p data-start=\"340\" data-end=\"460\">Diametro interno: 108 mm<br data-start=\"362\" data-end=\"365\">Diametro esterno: 139,7 mm<br data-start=\"389\" data-end=\"392\">Lunghezza del bullone: 40 mm<br data-start=\"410\" data-end=\"413\">Spessore della flangia: 30 mm<br data-start=\"436\" data-end=\"439\">Passo del bullone: 1,25 mm<\/p>\n<p data-start=\"462\" data-end=\"609\" data-is-last-node=\"\" data-is-only-node=\"\">Compatibile con: Suzuki Vitara, Grand Vitara 1, Suzuki Samurai, Suzuki Jimny, Suzuki SJ, Suzuki X90, Lada Niva (CB: 98.5 &#8211; richiede anello di centraggio)<\/p>\n","protected":false},"excerpt":{"rendered":"<p>Distanziali ruota 30mm 5&#215;139.7 M12x1.25mm per Suzuki, Lada Niva<\/p>\n","protected":false},"featured_media":37295,"comment_status":"open","ping_status":"closed","template":"","meta":[],"product_brand":[1279],"product_cat":[4611],"product_tag":[4008,3677,3674,3672,3675,3673],"class_list":{"0":"post-41737","1":"product","2":"type-product","3":"status-publish","4":"has-post-thumbnail","6":"product_brand-ofm4x4","7":"product_cat-distanziali-per-ruote","8":"product_tag-30mm-it","9":"product_tag-5x139-7-it","10":"product_tag-distanziali-per-ruote","11":"product_tag-lada-niva-it","12":"product_tag-m12x125-mm","13":"product_tag-suzuki-it","14":"product_shipping_class-produse-usoare-set-it","16":"first","17":"outofstock","18":"taxable","19":"shipping-taxable","20":"purchasable","21":"product-type-simple"},"_links":{"self":[{"href":"https:\/\/ofm4x4.com\/it\/wp-json\/wp\/v2\/product\/41737","targetHints":{"allow":["GET"]}}],"collection":[{"href":"https:\/\/ofm4x4.com\/it\/wp-json\/wp\/v2\/product"}],"about":[{"href":"https:\/\/ofm4x4.com\/it\/wp-json\/wp\/v2\/types\/product"}],"replies":[{"embeddable":true,"href":"https:\/\/ofm4x4.com\/it\/wp-json\/wp\/v2\/comments?post=41737"}],"version-history":[{"count":1,"href":"https:\/\/ofm4x4.com\/it\/wp-json\/wp\/v2\/product\/41737\/revisions"}],"predecessor-version":[{"id":41744,"href":"https:\/\/ofm4x4.com\/it\/wp-json\/wp\/v2\/product\/41737\/revisions\/41744"}],"wp:featuredmedia":[{"embeddable":true,"href":"https:\/\/ofm4x4.com\/it\/wp-json\/wp\/v2\/media\/37295"}],"wp:attachment":[{"href":"https:\/\/ofm4x4.com\/it\/wp-json\/wp\/v2\/media?parent=41737"}],"wp:term":[{"taxonomy":"product_brand","embeddable":true,"href":"https:\/\/ofm4x4.com\/it\/wp-json\/wp\/v2\/product_brand?post=41737"},{"taxonomy":"product_cat","embeddable":true,"href":"https:\/\/ofm4x4.com\/it\/wp-json\/wp\/v2\/product_cat?post=41737"},{"taxonomy":"product_tag","embeddable":true,"href":"https:\/\/ofm4x4.com\/it\/wp-json\/wp\/v2\/product_tag?post=41737"}],"curies":[{"name":"wp","href":"https:\/\/api.w.org\/{rel}","templated":true}]}}