{"id":41784,"date":"2020-10-30T09:40:00","date_gmt":"2020-10-30T09:40:00","guid":{"rendered":"https:\/\/ofm4x4.com\/shop\/senza-categoria\/ofm097-distanziali-ruota-30mm-5x114-3-m1-2-cb71-6-per-jeep-cherokee-grand-cherokee-zj-wrangler-yj-liberty-kj\/"},"modified":"2025-09-24T09:34:36","modified_gmt":"2025-09-24T09:34:36","slug":"ofm097-distanziali-ruota-30mm-5x114-3-m1-2-cb71-6-per-jeep-cherokee-grand-cherokee-zj-wrangler-yj-liberty-kj","status":"publish","type":"product","link":"https:\/\/ofm4x4.com\/it\/shop\/distanziali-per-ruote\/ofm097-distanziali-ruota-30mm-5x114-3-m1-2-cb71-6-per-jeep-cherokee-grand-cherokee-zj-wrangler-yj-liberty-kj\/","title":{"rendered":"OFM097 Distanziali ruota 30mm 5&#215;114.3 M1\/2 CB71.6 per Jeep Cherokee, Grand Cherokee ZJ, Wrangler YJ, Liberty KJ"},"content":{"rendered":"<p data-start=\"0\" data-end=\"209\">Le flange dei distanziali ruota sono realizzate in duralluminio speciale e soddisfano i necessari requisiti di qualit\u00e0 e sicurezza. Migliorano la stabilit\u00e0 del veicolo dopo il sollevamento installando una sospensione e ruote pi\u00f9 grandi.<\/p>\n<ul>\n<li>Anello di centratura: No<\/li>\n<li>Spessore: 30 mm<\/li>\n<li>Montaggio: M 1\/2<\/li>\n<li>PCD: 5 x 114,3<\/li>\n<li>Materiale: Alluminio<\/li>\n<li>CB: 71.6<\/li>\n<li>Modello: OFM097<\/li>\n<\/ul>\n<p data-start=\"334\" data-end=\"366\" data-is-last-node=\"\" data-is-only-node=\"\">Il prezzo \u00e8 per un singolo pezzo!<\/p>\n","protected":false},"excerpt":{"rendered":"<p>Distanziali ruota 30mm 5&#215;114.3 M1\/2 CB71.6 per Jeep Cherokee, Grand Cherokee ZJ, Wrangler YJ, Liberty KJ<\/p>\n","protected":false},"featured_media":37283,"comment_status":"open","ping_status":"closed","template":"","meta":[],"product_brand":[1279],"product_cat":[4611],"product_tag":[4008,4195,4391,3674,4392,4393,4394,4356,4395],"class_list":{"0":"post-41784","1":"product","2":"type-product","3":"status-publish","4":"has-post-thumbnail","6":"product_brand-ofm4x4","7":"product_cat-distanziali-per-ruote","8":"product_tag-30mm-it","9":"product_tag-5x114-3-it","10":"product_tag-cb71-6-it","11":"product_tag-distanziali-per-ruote","12":"product_tag-grand-cherokee-zj-it","13":"product_tag-jeep-cherokee-it","14":"product_tag-liberty-kj-it","15":"product_tag-m1-2-it","16":"product_tag-wrangler-yj-it","17":"product_shipping_class-produse-usoare-set-it","19":"first","20":"instock","21":"taxable","22":"shipping-taxable","23":"purchasable","24":"product-type-simple"},"_links":{"self":[{"href":"https:\/\/ofm4x4.com\/it\/wp-json\/wp\/v2\/product\/41784","targetHints":{"allow":["GET"]}}],"collection":[{"href":"https:\/\/ofm4x4.com\/it\/wp-json\/wp\/v2\/product"}],"about":[{"href":"https:\/\/ofm4x4.com\/it\/wp-json\/wp\/v2\/types\/product"}],"replies":[{"embeddable":true,"href":"https:\/\/ofm4x4.com\/it\/wp-json\/wp\/v2\/comments?post=41784"}],"version-history":[{"count":1,"href":"https:\/\/ofm4x4.com\/it\/wp-json\/wp\/v2\/product\/41784\/revisions"}],"predecessor-version":[{"id":41796,"href":"https:\/\/ofm4x4.com\/it\/wp-json\/wp\/v2\/product\/41784\/revisions\/41796"}],"wp:featuredmedia":[{"embeddable":true,"href":"https:\/\/ofm4x4.com\/it\/wp-json\/wp\/v2\/media\/37283"}],"wp:attachment":[{"href":"https:\/\/ofm4x4.com\/it\/wp-json\/wp\/v2\/media?parent=41784"}],"wp:term":[{"taxonomy":"product_brand","embeddable":true,"href":"https:\/\/ofm4x4.com\/it\/wp-json\/wp\/v2\/product_brand?post=41784"},{"taxonomy":"product_cat","embeddable":true,"href":"https:\/\/ofm4x4.com\/it\/wp-json\/wp\/v2\/product_cat?post=41784"},{"taxonomy":"product_tag","embeddable":true,"href":"https:\/\/ofm4x4.com\/it\/wp-json\/wp\/v2\/product_tag?post=41784"}],"curies":[{"name":"wp","href":"https:\/\/api.w.org\/{rel}","templated":true}]}}