{"id":41874,"date":"2021-08-19T11:17:41","date_gmt":"2021-08-19T11:17:41","guid":{"rendered":"https:\/\/ofm4x4.com\/shop\/senza-categoria\/ofm094-distanziali-ruota-30mm-5x114-3-m12x1-5mm-con-anello-di-centraggio-per-toyota-rav4\/"},"modified":"2025-09-24T09:35:45","modified_gmt":"2025-09-24T09:35:45","slug":"ofm094-distanziali-ruota-30mm-5x114-3-m12x1-5mm-con-anello-di-centraggio-per-toyota-rav4","status":"publish","type":"product","link":"https:\/\/ofm4x4.com\/it\/shop\/distanziali-per-ruote\/ofm094-distanziali-ruota-30mm-5x114-3-m12x1-5mm-con-anello-di-centraggio-per-toyota-rav4\/","title":{"rendered":"OFM094 Distanziali ruota 30mm 5&#215;114.3 M12x1.5mm con anello di centraggio per Toyota RAV4"},"content":{"rendered":"<p data-start=\"0\" data-end=\"209\">Le flange distanziali per ruote sono realizzate in duralluminio speciale e soddisfano i necessari requisiti di qualit\u00e0 e sicurezza. Migliorano la stabilit\u00e0 del veicolo dopo il sollevamento installando una sospensione e ruote pi\u00f9 grandi. <\/p>\n<ul>\n<li>Anello di centratura: S\u00ec<\/li>\n<li>Spessore: 30 mm<\/li>\n<li>Montaggio: M12 x 1,5<\/li>\n<li>PCD: 5 x 114,3<\/li>\n<li>Materiale: Alluminio<\/li>\n<li>CB: 60.1<\/li>\n<li>Modello: OFM 094<\/li>\n<\/ul>\n<p data-start=\"340\" data-end=\"363\" data-is-last-node=\"\" data-is-only-node=\"\">Il prezzo si intende per pezzo.<\/p>\n","protected":false},"excerpt":{"rendered":"<p>Distanziali ruota 30mm 5&#215;114.3 M12x1.5mm con anello di centraggio per Toyota RAV4<\/p>\n","protected":false},"featured_media":37161,"comment_status":"open","ping_status":"closed","template":"","meta":[],"product_brand":[1279],"product_cat":[4611],"product_tag":[4008,4195,3770,3674,4011,4284],"class_list":{"0":"post-41874","1":"product","2":"type-product","3":"status-publish","4":"has-post-thumbnail","6":"product_brand-ofm4x4","7":"product_cat-distanziali-per-ruote","8":"product_tag-30mm-it","9":"product_tag-5x114-3-it","10":"product_tag-centering-ring-it","11":"product_tag-distanziali-per-ruote","12":"product_tag-m12x1-5mm-it","13":"product_tag-toyota-rav4-it","14":"product_shipping_class-produse-usoare-set-it","16":"first","17":"instock","18":"taxable","19":"shipping-taxable","20":"purchasable","21":"product-type-simple"},"_links":{"self":[{"href":"https:\/\/ofm4x4.com\/it\/wp-json\/wp\/v2\/product\/41874","targetHints":{"allow":["GET"]}}],"collection":[{"href":"https:\/\/ofm4x4.com\/it\/wp-json\/wp\/v2\/product"}],"about":[{"href":"https:\/\/ofm4x4.com\/it\/wp-json\/wp\/v2\/types\/product"}],"replies":[{"embeddable":true,"href":"https:\/\/ofm4x4.com\/it\/wp-json\/wp\/v2\/comments?post=41874"}],"version-history":[{"count":1,"href":"https:\/\/ofm4x4.com\/it\/wp-json\/wp\/v2\/product\/41874\/revisions"}],"predecessor-version":[{"id":41878,"href":"https:\/\/ofm4x4.com\/it\/wp-json\/wp\/v2\/product\/41874\/revisions\/41878"}],"wp:featuredmedia":[{"embeddable":true,"href":"https:\/\/ofm4x4.com\/it\/wp-json\/wp\/v2\/media\/37161"}],"wp:attachment":[{"href":"https:\/\/ofm4x4.com\/it\/wp-json\/wp\/v2\/media?parent=41874"}],"wp:term":[{"taxonomy":"product_brand","embeddable":true,"href":"https:\/\/ofm4x4.com\/it\/wp-json\/wp\/v2\/product_brand?post=41874"},{"taxonomy":"product_cat","embeddable":true,"href":"https:\/\/ofm4x4.com\/it\/wp-json\/wp\/v2\/product_cat?post=41874"},{"taxonomy":"product_tag","embeddable":true,"href":"https:\/\/ofm4x4.com\/it\/wp-json\/wp\/v2\/product_tag?post=41874"}],"curies":[{"name":"wp","href":"https:\/\/api.w.org\/{rel}","templated":true}]}}