{"id":41986,"date":"2022-08-23T13:39:26","date_gmt":"2022-08-23T13:39:26","guid":{"rendered":"https:\/\/ofm4x4.com\/shop\/senza-categoria\/ofm107-distanziali-ruota-flange-40mm-6x139-7-m12x1-5mm-con-anello-di-centraggio-per-toyota-j90-j120-hilux\/"},"modified":"2025-09-24T09:36:18","modified_gmt":"2025-09-24T09:36:18","slug":"ofm107-distanziali-ruota-flange-40mm-6x139-7-m12x1-5mm-con-anello-di-centraggio-per-toyota-j90-j120-hilux","status":"publish","type":"product","link":"https:\/\/ofm4x4.com\/it\/shop\/distanziali-per-ruote\/ofm107-distanziali-ruota-flange-40mm-6x139-7-m12x1-5mm-con-anello-di-centraggio-per-toyota-j90-j120-hilux\/","title":{"rendered":"OFM107 Distanziali ruota Flange 40mm 6&#215;139.7 M12x1.5mm con anello di centraggio per Toyota J90, J120, Hilux"},"content":{"rendered":"<ul>\n<li data-start=\"0\" data-end=\"128\">Anello di centratura: S\u00cc<\/li>\n<li data-start=\"0\" data-end=\"128\">Spessore: 40 mm<\/li>\n<li data-start=\"0\" data-end=\"128\">Montaggio: M12 x 1,5<\/li>\n<li data-start=\"0\" data-end=\"128\">PCD: 6 x 139,7<\/li>\n<li data-start=\"0\" data-end=\"128\">Materiale: Alluminio<\/li>\n<li data-start=\"0\" data-end=\"128\">CB: 106.1<\/li>\n<li data-start=\"0\" data-end=\"128\">Modello: OFM 107<\/li>\n<\/ul>\n<p data-start=\"130\" data-end=\"339\">Le flange distanziali per ruote sono realizzate in duralluminio speciale e soddisfano i necessari requisiti di qualit\u00e0 e sicurezza. Migliorano la stabilit\u00e0 del veicolo dopo il sollevamento installando una sospensione e ruote pi\u00f9 grandi. <\/p>\n<p data-start=\"341\" data-end=\"364\" data-is-last-node=\"\" data-is-only-node=\"\">Il prezzo si intende per pezzo.<\/p>\n","protected":false},"excerpt":{"rendered":"<p>Distanziali ruota 40mm 6&#215;139.7 M12x1.5mm con anello di centraggio per Toyota J90, J120, Hilux<\/p>\n","protected":false},"featured_media":37126,"comment_status":"open","ping_status":"closed","template":"","meta":[],"product_brand":[1279],"product_cat":[4611],"product_tag":[4242,4009,3770,3674,4243,4244,4011,4245],"class_list":{"0":"post-41986","1":"product","2":"type-product","3":"status-publish","4":"has-post-thumbnail","6":"product_brand-ofm4x4","7":"product_cat-distanziali-per-ruote","8":"product_tag-40mm-it","9":"product_tag-6x139-7-it","10":"product_tag-centering-ring-it","11":"product_tag-distanziali-per-ruote","12":"product_tag-hilux-it","13":"product_tag-j120-it","14":"product_tag-m12x1-5mm-it","15":"product_tag-toyota-j90-it","16":"product_shipping_class-produse-usoare-set-it","18":"first","19":"instock","20":"taxable","21":"shipping-taxable","22":"purchasable","23":"product-type-simple"},"_links":{"self":[{"href":"https:\/\/ofm4x4.com\/it\/wp-json\/wp\/v2\/product\/41986","targetHints":{"allow":["GET"]}}],"collection":[{"href":"https:\/\/ofm4x4.com\/it\/wp-json\/wp\/v2\/product"}],"about":[{"href":"https:\/\/ofm4x4.com\/it\/wp-json\/wp\/v2\/types\/product"}],"replies":[{"embeddable":true,"href":"https:\/\/ofm4x4.com\/it\/wp-json\/wp\/v2\/comments?post=41986"}],"version-history":[{"count":1,"href":"https:\/\/ofm4x4.com\/it\/wp-json\/wp\/v2\/product\/41986\/revisions"}],"predecessor-version":[{"id":42000,"href":"https:\/\/ofm4x4.com\/it\/wp-json\/wp\/v2\/product\/41986\/revisions\/42000"}],"wp:featuredmedia":[{"embeddable":true,"href":"https:\/\/ofm4x4.com\/it\/wp-json\/wp\/v2\/media\/37126"}],"wp:attachment":[{"href":"https:\/\/ofm4x4.com\/it\/wp-json\/wp\/v2\/media?parent=41986"}],"wp:term":[{"taxonomy":"product_brand","embeddable":true,"href":"https:\/\/ofm4x4.com\/it\/wp-json\/wp\/v2\/product_brand?post=41986"},{"taxonomy":"product_cat","embeddable":true,"href":"https:\/\/ofm4x4.com\/it\/wp-json\/wp\/v2\/product_cat?post=41986"},{"taxonomy":"product_tag","embeddable":true,"href":"https:\/\/ofm4x4.com\/it\/wp-json\/wp\/v2\/product_tag?post=41986"}],"curies":[{"name":"wp","href":"https:\/\/api.w.org\/{rel}","templated":true}]}}