{"id":42190,"date":"2022-08-23T15:41:52","date_gmt":"2022-08-23T15:41:52","guid":{"rendered":"https:\/\/ofm4x4.com\/shop\/senza-categoria\/ofm093-distanziali-ruota-flange-30mm-5x114-3-m12x1-5mm-con-anello-di-centraggio-per-jeep-patriot-mitsubishi-outlander-pinin\/"},"modified":"2025-09-24T09:36:56","modified_gmt":"2025-09-24T09:36:56","slug":"ofm093-distanziali-ruota-flange-30mm-5x114-3-m12x1-5mm-con-anello-di-centraggio-per-jeep-patriot-mitsubishi-outlander-pinin","status":"publish","type":"product","link":"https:\/\/ofm4x4.com\/it\/shop\/distanziali-per-ruote\/ofm093-distanziali-ruota-flange-30mm-5x114-3-m12x1-5mm-con-anello-di-centraggio-per-jeep-patriot-mitsubishi-outlander-pinin\/","title":{"rendered":"OFM093 Distanziali ruota flange 30mm 5&#215;114.3 M12x1.5mm con anello di centraggio per Jeep Patriot, Mitsubishi Outlander, Pinin"},"content":{"rendered":"<p data-start=\"0\" data-end=\"208\">I distanziali per ruote sono realizzati in alluminio speciale e soddisfano gli standard di qualit\u00e0 e sicurezza richiesti. Migliorano la stabilit\u00e0 del veicolo dopo averlo sollevato installando una sospensione e ruote pi\u00f9 grandi. <\/p>\n<ul>\n<li data-start=\"210\" data-end=\"333\">Anello di centratura: S\u00cc<\/li>\n<li data-start=\"210\" data-end=\"333\">Spessore: 30 mm<\/li>\n<li data-start=\"210\" data-end=\"333\">Filettatura: M12 x 1,5<\/li>\n<li data-start=\"210\" data-end=\"333\">PCD: 5 x 114,3<\/li>\n<li data-start=\"210\" data-end=\"333\">Materiale: Alluminio<\/li>\n<li data-start=\"210\" data-end=\"333\">CB: 67.1<\/li>\n<li data-start=\"210\" data-end=\"333\">Modello: OFM 093<\/li>\n<\/ul>\n<p data-start=\"335\" data-end=\"358\" data-is-last-node=\"\" data-is-only-node=\"\">Il prezzo si intende per pezzo.<\/p>\n","protected":false},"excerpt":{"rendered":"<p>Distanziali ruota 30mm 5&#215;114.3 M12x1.5mm con anello di centraggio per Jeep Patriot, Mitsubishi Outlander, Pinin<\/p>\n","protected":false},"featured_media":37049,"comment_status":"open","ping_status":"closed","template":"","meta":[],"product_brand":[1279],"product_cat":[4611],"product_tag":[4008,4195,3770,3674,4196,4011,4197,4198],"class_list":{"0":"post-42190","1":"product","2":"type-product","3":"status-publish","4":"has-post-thumbnail","6":"product_brand-ofm4x4","7":"product_cat-distanziali-per-ruote","8":"product_tag-30mm-it","9":"product_tag-5x114-3-it","10":"product_tag-centering-ring-it","11":"product_tag-distanziali-per-ruote","12":"product_tag-jeep-patriot-it","13":"product_tag-m12x1-5mm-it","14":"product_tag-mitsubishi-outlander-it","15":"product_tag-pinin-it","16":"product_shipping_class-produse-usoare-set-it","18":"first","19":"instock","20":"taxable","21":"shipping-taxable","22":"purchasable","23":"product-type-simple"},"_links":{"self":[{"href":"https:\/\/ofm4x4.com\/it\/wp-json\/wp\/v2\/product\/42190","targetHints":{"allow":["GET"]}}],"collection":[{"href":"https:\/\/ofm4x4.com\/it\/wp-json\/wp\/v2\/product"}],"about":[{"href":"https:\/\/ofm4x4.com\/it\/wp-json\/wp\/v2\/types\/product"}],"replies":[{"embeddable":true,"href":"https:\/\/ofm4x4.com\/it\/wp-json\/wp\/v2\/comments?post=42190"}],"version-history":[{"count":1,"href":"https:\/\/ofm4x4.com\/it\/wp-json\/wp\/v2\/product\/42190\/revisions"}],"predecessor-version":[{"id":42193,"href":"https:\/\/ofm4x4.com\/it\/wp-json\/wp\/v2\/product\/42190\/revisions\/42193"}],"wp:featuredmedia":[{"embeddable":true,"href":"https:\/\/ofm4x4.com\/it\/wp-json\/wp\/v2\/media\/37049"}],"wp:attachment":[{"href":"https:\/\/ofm4x4.com\/it\/wp-json\/wp\/v2\/media?parent=42190"}],"wp:term":[{"taxonomy":"product_brand","embeddable":true,"href":"https:\/\/ofm4x4.com\/it\/wp-json\/wp\/v2\/product_brand?post=42190"},{"taxonomy":"product_cat","embeddable":true,"href":"https:\/\/ofm4x4.com\/it\/wp-json\/wp\/v2\/product_cat?post=42190"},{"taxonomy":"product_tag","embeddable":true,"href":"https:\/\/ofm4x4.com\/it\/wp-json\/wp\/v2\/product_tag?post=42190"}],"curies":[{"name":"wp","href":"https:\/\/api.w.org\/{rel}","templated":true}]}}