{"id":42262,"date":"2022-08-23T15:28:06","date_gmt":"2022-08-23T15:28:06","guid":{"rendered":"https:\/\/ofm4x4.com\/shop\/senza-categoria\/ofm113-distanziali-ruota-flange-50mm-6x1397-m12x125mm-cb-110-con-anello-di-centraggio-tagliato\/"},"modified":"2025-09-24T09:37:09","modified_gmt":"2025-09-24T09:37:09","slug":"ofm113-distanziali-ruota-flange-50mm-6x1397-m12x125mm-cb-110-con-anello-di-centraggio-tagliato","status":"publish","type":"product","link":"https:\/\/ofm4x4.com\/it\/shop\/distanziali-per-ruote\/ofm113-distanziali-ruota-flange-50mm-6x1397-m12x125mm-cb-110-con-anello-di-centraggio-tagliato\/","title":{"rendered":"OFM113 Distanziali ruota Flange 50mm 6&#215;139,7 M12x1,25mm CB 110 con anello di centraggio tagliato"},"content":{"rendered":"<p data-start=\"0\" data-end=\"208\">I distanziali per ruote sono realizzati in alluminio speciale e soddisfano gli standard di qualit\u00e0 e sicurezza richiesti. Migliorano la stabilit\u00e0 del veicolo dopo averlo sollevato installando una sospensione e ruote pi\u00f9 grandi. <\/p>\n<ul>\n<li data-start=\"210\" data-end=\"333\">Anello di centratura: S\u00cc<\/li>\n<li data-start=\"210\" data-end=\"333\">Spessore: 50 mm<\/li>\n<li data-start=\"210\" data-end=\"333\">Filettatura: M12 x 1,25<\/li>\n<li data-start=\"210\" data-end=\"333\">PCD: 6 x 139,7<\/li>\n<li data-start=\"210\" data-end=\"333\">Materiale: Alluminio<\/li>\n<li data-start=\"210\" data-end=\"333\">CB: 110<\/li>\n<li data-start=\"210\" data-end=\"333\">Modello: OFM 113<\/li>\n<\/ul>\n<p data-start=\"335\" data-end=\"358\" data-is-last-node=\"\" data-is-only-node=\"\">Il prezzo si intende per pezzo.<\/p>\n","protected":false},"excerpt":{"rendered":"<p>Distanziali ruota 50 mm 6&#215;139,7 M12x1,25 mm CB 110 con anello di centraggio ritagliato<\/p>\n","protected":false},"featured_media":37070,"comment_status":"open","ping_status":"closed","template":"","meta":[],"product_brand":[1279],"product_cat":[4611],"product_tag":[3676,4009,4212,3770,4213,3674,3675],"class_list":{"0":"post-42262","1":"product","2":"type-product","3":"status-publish","4":"has-post-thumbnail","6":"product_brand-ofm4x4","7":"product_cat-distanziali-per-ruote","8":"product_tag-50mm-it","9":"product_tag-6x139-7-it","10":"product_tag-cb-110-it","11":"product_tag-centering-ring-it","12":"product_tag-cut-out-it","13":"product_tag-distanziali-per-ruote","14":"product_tag-m12x125-mm","15":"product_shipping_class-produse-usoare-set-it","17":"first","18":"instock","19":"taxable","20":"shipping-taxable","21":"purchasable","22":"product-type-simple"},"_links":{"self":[{"href":"https:\/\/ofm4x4.com\/it\/wp-json\/wp\/v2\/product\/42262","targetHints":{"allow":["GET"]}}],"collection":[{"href":"https:\/\/ofm4x4.com\/it\/wp-json\/wp\/v2\/product"}],"about":[{"href":"https:\/\/ofm4x4.com\/it\/wp-json\/wp\/v2\/types\/product"}],"replies":[{"embeddable":true,"href":"https:\/\/ofm4x4.com\/it\/wp-json\/wp\/v2\/comments?post=42262"}],"version-history":[{"count":1,"href":"https:\/\/ofm4x4.com\/it\/wp-json\/wp\/v2\/product\/42262\/revisions"}],"predecessor-version":[{"id":42277,"href":"https:\/\/ofm4x4.com\/it\/wp-json\/wp\/v2\/product\/42262\/revisions\/42277"}],"wp:featuredmedia":[{"embeddable":true,"href":"https:\/\/ofm4x4.com\/it\/wp-json\/wp\/v2\/media\/37070"}],"wp:attachment":[{"href":"https:\/\/ofm4x4.com\/it\/wp-json\/wp\/v2\/media?parent=42262"}],"wp:term":[{"taxonomy":"product_brand","embeddable":true,"href":"https:\/\/ofm4x4.com\/it\/wp-json\/wp\/v2\/product_brand?post=42262"},{"taxonomy":"product_cat","embeddable":true,"href":"https:\/\/ofm4x4.com\/it\/wp-json\/wp\/v2\/product_cat?post=42262"},{"taxonomy":"product_tag","embeddable":true,"href":"https:\/\/ofm4x4.com\/it\/wp-json\/wp\/v2\/product_tag?post=42262"}],"curies":[{"name":"wp","href":"https:\/\/api.w.org\/{rel}","templated":true}]}}