{"id":42345,"date":"2022-08-23T14:58:31","date_gmt":"2022-08-23T14:58:31","guid":{"rendered":"https:\/\/ofm4x4.com\/shop\/senza-categoria\/ofm109-distanziali-ruota-flange-50mm-5-x-139-7-m12x1-25mm-cb-108-con-anello-di-centraggio-per-suzuki\/"},"modified":"2025-09-24T09:37:22","modified_gmt":"2025-09-24T09:37:22","slug":"ofm109-distanziali-ruota-flange-50mm-5-x-139-7-m12x1-25mm-cb-108-con-anello-di-centraggio-per-suzuki","status":"publish","type":"product","link":"https:\/\/ofm4x4.com\/it\/shop\/distanziali-per-ruote\/ofm109-distanziali-ruota-flange-50mm-5-x-139-7-m12x1-25mm-cb-108-con-anello-di-centraggio-per-suzuki\/","title":{"rendered":"OFM109 Distanziali ruota Flange 50mm 5 x 139.7 M12x1.25mm CB 108 con anello di centraggio per Suzuki"},"content":{"rendered":"<p data-start=\"0\" data-end=\"208\">I distanziali per ruote sono realizzati in alluminio speciale e soddisfano gli standard di qualit\u00e0 e sicurezza richiesti. Migliorano la stabilit\u00e0 del veicolo dopo averlo sollevato installando una sospensione e ruote pi\u00f9 grandi. <\/p>\n<p data-start=\"210\" data-end=\"332\">Anello di centraggio: S\u00cc<br data-start=\"229\" data-end=\"232\">Spessore: 50 mm<br data-start=\"247\" data-end=\"250\">Filettatura: M12 x 1.25<br data-start=\"268\" data-end=\"271\">PCD: 5 x 139.7<br data-start=\"285\" data-end=\"288\">Materiale: Alluminio<br data-start=\"306\" data-end=\"309\">CB: 108<br data-start=\"316\" data-end=\"319\">Modello: OFM109<\/p>\n<p data-start=\"334\" data-end=\"357\">Il prezzo \u00e8 al pezzo!<\/p>\n<p data-start=\"359\" data-end=\"458\">Diametro interno: 108 mm<br data-start=\"381\" data-end=\"384\">Diametro esterno: 139,7 mm<br data-start=\"408\" data-end=\"411\">Spessore del distanziatore: 50 mm<br data-start=\"434\" data-end=\"437\">Passo della filettatura: 1,25 mm<\/p>\n<p data-start=\"460\" data-end=\"559\" data-is-last-node=\"\" data-is-only-node=\"\">Compatibile con: Suzuki Vitara, Grand Vitara 1, Suzuki Samurai, Suzuki Jimny, Suzuki SJ, Suzuki X90<\/p>\n","protected":false},"excerpt":{"rendered":"<p>Distanziali ruota 50mm 5 x 139.7 M12x1.25mm CB 108 con anello di centraggio per SUZUKI<\/p>\n","protected":false},"featured_media":37110,"comment_status":"open","ping_status":"closed","template":"","meta":[],"product_brand":[1279],"product_cat":[4611],"product_tag":[4230,3676,4231,3770,3674,3675,3673],"class_list":{"0":"post-42345","1":"product","2":"type-product","3":"status-publish","4":"has-post-thumbnail","6":"product_brand-ofm4x4","7":"product_cat-distanziali-per-ruote","8":"product_tag-5-x-139-7-it","9":"product_tag-50mm-it","10":"product_tag-cb-108-it","11":"product_tag-centering-ring-it","12":"product_tag-distanziali-per-ruote","13":"product_tag-m12x125-mm","14":"product_tag-suzuki-it","15":"product_shipping_class-produse-usoare-set-it","17":"first","18":"instock","19":"taxable","20":"shipping-taxable","21":"purchasable","22":"product-type-simple"},"_links":{"self":[{"href":"https:\/\/ofm4x4.com\/it\/wp-json\/wp\/v2\/product\/42345","targetHints":{"allow":["GET"]}}],"collection":[{"href":"https:\/\/ofm4x4.com\/it\/wp-json\/wp\/v2\/product"}],"about":[{"href":"https:\/\/ofm4x4.com\/it\/wp-json\/wp\/v2\/types\/product"}],"replies":[{"embeddable":true,"href":"https:\/\/ofm4x4.com\/it\/wp-json\/wp\/v2\/comments?post=42345"}],"version-history":[{"count":1,"href":"https:\/\/ofm4x4.com\/it\/wp-json\/wp\/v2\/product\/42345\/revisions"}],"predecessor-version":[{"id":42354,"href":"https:\/\/ofm4x4.com\/it\/wp-json\/wp\/v2\/product\/42345\/revisions\/42354"}],"wp:featuredmedia":[{"embeddable":true,"href":"https:\/\/ofm4x4.com\/it\/wp-json\/wp\/v2\/media\/37110"}],"wp:attachment":[{"href":"https:\/\/ofm4x4.com\/it\/wp-json\/wp\/v2\/media?parent=42345"}],"wp:term":[{"taxonomy":"product_brand","embeddable":true,"href":"https:\/\/ofm4x4.com\/it\/wp-json\/wp\/v2\/product_brand?post=42345"},{"taxonomy":"product_cat","embeddable":true,"href":"https:\/\/ofm4x4.com\/it\/wp-json\/wp\/v2\/product_cat?post=42345"},{"taxonomy":"product_tag","embeddable":true,"href":"https:\/\/ofm4x4.com\/it\/wp-json\/wp\/v2\/product_tag?post=42345"}],"curies":[{"name":"wp","href":"https:\/\/api.w.org\/{rel}","templated":true}]}}