{"id":42506,"date":"2023-04-26T11:28:39","date_gmt":"2023-04-26T11:28:39","guid":{"rendered":"https:\/\/ofm4x4.com\/shop\/senza-categoria\/ofm116-flange-distanziali-ruota-30mm-6x1397-m12x15-cb-671-con-anello-di-centraggio\/"},"modified":"2025-09-24T09:55:48","modified_gmt":"2025-09-24T09:55:48","slug":"ofm116-flange-distanziali-ruota-30mm-6x1397-m12x15-cb-671-con-anello-di-centraggio","status":"publish","type":"product","link":"https:\/\/ofm4x4.com\/it\/shop\/distanziali-per-ruote\/ofm116-flange-distanziali-ruota-30mm-6x1397-m12x15-cb-671-con-anello-di-centraggio\/","title":{"rendered":"OFM116 Flange distanziali ruota 30mm 6&#215;139,7 M12x1,5 CB 67,1 con anello di centraggio"},"content":{"rendered":"<ul>\n<li data-start=\"0\" data-end=\"123\">Anello di centratura: S\u00cc<\/li>\n<li data-start=\"0\" data-end=\"123\">Spessore: 30 mm<\/li>\n<li data-start=\"0\" data-end=\"123\">Filettatura: M12 x 1,5<\/li>\n<li data-start=\"0\" data-end=\"123\">PCD: 6 x 139,7<\/li>\n<li data-start=\"0\" data-end=\"123\">Materiale: Alluminio<\/li>\n<li data-start=\"0\" data-end=\"123\">CB: 67.1<\/li>\n<li data-start=\"0\" data-end=\"123\">Modello: OFM 116<\/li>\n<\/ul>\n<p data-start=\"125\" data-end=\"333\">I distanziali per ruote sono realizzati in alluminio speciale e soddisfano gli standard di qualit\u00e0 e sicurezza richiesti. Migliorano la stabilit\u00e0 del veicolo dopo averlo sollevato installando una sospensione e ruote pi\u00f9 grandi. <\/p>\n<p data-start=\"335\" data-end=\"358\" data-is-last-node=\"\" data-is-only-node=\"\">Il prezzo si intende per pezzo.<\/p>\n","protected":false},"excerpt":{"rendered":"<p>Distanziali ruota 30mm 6&#215;139.7 M12x1.5mm CB 67.1 con anello di centraggio<\/p>\n","protected":false},"featured_media":36859,"comment_status":"open","ping_status":"closed","template":"","meta":[],"product_brand":[1279],"product_cat":[4611],"product_tag":[4008,4009,4041,3770,3674,4011],"class_list":{"0":"post-42506","1":"product","2":"type-product","3":"status-publish","4":"has-post-thumbnail","6":"product_brand-ofm4x4","7":"product_cat-distanziali-per-ruote","8":"product_tag-30mm-it","9":"product_tag-6x139-7-it","10":"product_tag-cb-67-1-it","11":"product_tag-centering-ring-it","12":"product_tag-distanziali-per-ruote","13":"product_tag-m12x1-5mm-it","14":"product_shipping_class-produse-usoare-set-it","16":"first","17":"instock","18":"taxable","19":"shipping-taxable","20":"purchasable","21":"product-type-simple"},"_links":{"self":[{"href":"https:\/\/ofm4x4.com\/it\/wp-json\/wp\/v2\/product\/42506","targetHints":{"allow":["GET"]}}],"collection":[{"href":"https:\/\/ofm4x4.com\/it\/wp-json\/wp\/v2\/product"}],"about":[{"href":"https:\/\/ofm4x4.com\/it\/wp-json\/wp\/v2\/types\/product"}],"replies":[{"embeddable":true,"href":"https:\/\/ofm4x4.com\/it\/wp-json\/wp\/v2\/comments?post=42506"}],"version-history":[{"count":1,"href":"https:\/\/ofm4x4.com\/it\/wp-json\/wp\/v2\/product\/42506\/revisions"}],"predecessor-version":[{"id":42521,"href":"https:\/\/ofm4x4.com\/it\/wp-json\/wp\/v2\/product\/42506\/revisions\/42521"}],"wp:featuredmedia":[{"embeddable":true,"href":"https:\/\/ofm4x4.com\/it\/wp-json\/wp\/v2\/media\/36859"}],"wp:attachment":[{"href":"https:\/\/ofm4x4.com\/it\/wp-json\/wp\/v2\/media?parent=42506"}],"wp:term":[{"taxonomy":"product_brand","embeddable":true,"href":"https:\/\/ofm4x4.com\/it\/wp-json\/wp\/v2\/product_brand?post=42506"},{"taxonomy":"product_cat","embeddable":true,"href":"https:\/\/ofm4x4.com\/it\/wp-json\/wp\/v2\/product_cat?post=42506"},{"taxonomy":"product_tag","embeddable":true,"href":"https:\/\/ofm4x4.com\/it\/wp-json\/wp\/v2\/product_tag?post=42506"}],"curies":[{"name":"wp","href":"https:\/\/api.w.org\/{rel}","templated":true}]}}