{"id":42539,"date":"2023-02-20T12:36:10","date_gmt":"2023-02-20T12:36:10","guid":{"rendered":"https:\/\/ofm4x4.com\/shop\/senza-categoria\/ofm115-distanziali-ruota-flange-30mm-6x114-3-m12x1-25mm-cb-66-1-con-anello-di-centraggio\/"},"modified":"2025-09-24T09:55:51","modified_gmt":"2025-09-24T09:55:51","slug":"ofm115-distanziali-ruota-flange-30mm-6x114-3-m12x1-25mm-cb-66-1-con-anello-di-centraggio","status":"publish","type":"product","link":"https:\/\/ofm4x4.com\/it\/shop\/distanziali-per-ruote\/ofm115-distanziali-ruota-flange-30mm-6x114-3-m12x1-25mm-cb-66-1-con-anello-di-centraggio\/","title":{"rendered":"OFM115 Distanziali ruota Flange 30mm 6&#215;114.3 M12x1.25mm CB 66.1 con anello di centraggio"},"content":{"rendered":"<p data-start=\"0\" data-end=\"208\">I distanziali per ruote sono realizzati in alluminio speciale e soddisfano gli standard di qualit\u00e0 e sicurezza richiesti. Migliorano la stabilit\u00e0 del veicolo dopo averlo sollevato installando una sospensione e ruote pi\u00f9 grandi. <\/p>\n<ul>\n<li data-start=\"210\" data-end=\"334\">Anello di centratura: S\u00cc<\/li>\n<li data-start=\"210\" data-end=\"334\">Spessore: 30 mm<\/li>\n<li data-start=\"210\" data-end=\"334\">Filettatura: M12 x 1,25<\/li>\n<li data-start=\"210\" data-end=\"334\">PCD: 6 x 114,3<\/li>\n<li data-start=\"210\" data-end=\"334\">Materiale: Alluminio<\/li>\n<li data-start=\"210\" data-end=\"334\">CB: 66.1<\/li>\n<li data-start=\"210\" data-end=\"334\">Modello: OFM 115<\/li>\n<\/ul>\n<p data-start=\"336\" data-end=\"359\" data-is-last-node=\"\" data-is-only-node=\"\">Il prezzo si intende per pezzo.<\/p>\n","protected":false},"excerpt":{"rendered":"<p>Distanziali ruota 30mm 6&#215;114.3 M12x1.25mm CB 66.1 con anello di centraggio<\/p>\n","protected":false},"featured_media":36879,"comment_status":"open","ping_status":"closed","template":"","meta":[],"product_brand":[1279],"product_cat":[4611],"product_tag":[4008,4074,4075,3770,3674,3675],"class_list":{"0":"post-42539","1":"product","2":"type-product","3":"status-publish","4":"has-post-thumbnail","6":"product_brand-ofm4x4","7":"product_cat-distanziali-per-ruote","8":"product_tag-30mm-it","9":"product_tag-6x114-3-it","10":"product_tag-cb-66-1-it","11":"product_tag-centering-ring-it","12":"product_tag-distanziali-per-ruote","13":"product_tag-m12x125-mm","14":"product_shipping_class-produse-usoare-set-it","16":"first","17":"instock","18":"taxable","19":"shipping-taxable","20":"purchasable","21":"product-type-simple"},"_links":{"self":[{"href":"https:\/\/ofm4x4.com\/it\/wp-json\/wp\/v2\/product\/42539","targetHints":{"allow":["GET"]}}],"collection":[{"href":"https:\/\/ofm4x4.com\/it\/wp-json\/wp\/v2\/product"}],"about":[{"href":"https:\/\/ofm4x4.com\/it\/wp-json\/wp\/v2\/types\/product"}],"replies":[{"embeddable":true,"href":"https:\/\/ofm4x4.com\/it\/wp-json\/wp\/v2\/comments?post=42539"}],"version-history":[{"count":1,"href":"https:\/\/ofm4x4.com\/it\/wp-json\/wp\/v2\/product\/42539\/revisions"}],"predecessor-version":[{"id":42560,"href":"https:\/\/ofm4x4.com\/it\/wp-json\/wp\/v2\/product\/42539\/revisions\/42560"}],"wp:featuredmedia":[{"embeddable":true,"href":"https:\/\/ofm4x4.com\/it\/wp-json\/wp\/v2\/media\/36879"}],"wp:attachment":[{"href":"https:\/\/ofm4x4.com\/it\/wp-json\/wp\/v2\/media?parent=42539"}],"wp:term":[{"taxonomy":"product_brand","embeddable":true,"href":"https:\/\/ofm4x4.com\/it\/wp-json\/wp\/v2\/product_brand?post=42539"},{"taxonomy":"product_cat","embeddable":true,"href":"https:\/\/ofm4x4.com\/it\/wp-json\/wp\/v2\/product_cat?post=42539"},{"taxonomy":"product_tag","embeddable":true,"href":"https:\/\/ofm4x4.com\/it\/wp-json\/wp\/v2\/product_tag?post=42539"}],"curies":[{"name":"wp","href":"https:\/\/api.w.org\/{rel}","templated":true}]}}