{"id":42851,"date":"2023-08-01T07:19:28","date_gmt":"2023-08-01T07:19:28","guid":{"rendered":"https:\/\/ofm4x4.com\/shop\/senza-categoria\/ofm117-flange-distanziali-ruota-30mm-6x1397-m12x15mm-cb-931-con-anello-di-centraggio-per-ford-ranger\/"},"modified":"2025-09-24T09:57:12","modified_gmt":"2025-09-24T09:57:12","slug":"ofm117-flange-distanziali-ruota-30mm-6x1397-m12x15mm-cb-931-con-anello-di-centraggio-per-ford-ranger","status":"publish","type":"product","link":"https:\/\/ofm4x4.com\/it\/shop\/distanziali-per-ruote\/ofm117-flange-distanziali-ruota-30mm-6x1397-m12x15mm-cb-931-con-anello-di-centraggio-per-ford-ranger\/","title":{"rendered":"OFM117 Flange distanziali ruota 30mm 6&#215;139,7 M12x1,5mm CB 93,1 con anello di centraggio per Ford Ranger"},"content":{"rendered":"<p>I distanziali per ruote sono realizzati in duralluminio speciale e soddisfano i necessari requisiti di qualit\u00e0 e sicurezza. Migliorano la stabilit\u00e0 del veicolo dopo il sollevamento con l&#8217;installazione di una sospensione e di ruote pi\u00f9 grandi. <\/p>\n<ul data-start=\"0\" data-end=\"195\">\n<li data-start=\"0\" data-end=\"27\"><strong data-start=\"2\" data-end=\"21\">Anello di centratura:<\/strong> S\u00ec<\/li>\n<li data-start=\"28\" data-end=\"51\"><strong data-start=\"30\" data-end=\"44\">Spessore:<\/strong> 30 mm<\/li>\n<li data-start=\"52\" data-end=\"81\"><strong data-start=\"54\" data-end=\"71\">Schema dei bulloni:<\/strong> 6&#215;139.7<\/li>\n<li data-start=\"82\" data-end=\"112\"><strong data-start=\"84\" data-end=\"100\">Dimensione della filettatura:<\/strong> M12 x 1,5<\/li>\n<li data-start=\"113\" data-end=\"139\"><strong data-start=\"115\" data-end=\"128\">Materiale:<\/strong> Alluminio<\/li>\n<li data-start=\"140\" data-end=\"172\"><strong data-start=\"142\" data-end=\"163\">Alesaggio centrale (CB):<\/strong> 93,1 mm<\/li>\n<li data-start=\"173\" data-end=\"195\"><strong data-start=\"175\" data-end=\"185\">Modello:<\/strong> OFM 117<\/li>\n<\/ul>\n<p data-start=\"197\" data-end=\"404\">I distanziali per ruote sono realizzati in duralluminio speciale e soddisfano i necessari requisiti di qualit\u00e0 e sicurezza. Migliorano la stabilit\u00e0 del veicolo dopo il sollevamento con l&#8217;installazione di una sospensione e di ruote pi\u00f9 grandi. <\/p>\n<p data-start=\"406\" data-end=\"426\" data-is-last-node=\"\" data-is-only-node=\"\"><strong data-start=\"406\" data-end=\"426\" data-is-last-node=\"\">Prezzo per pezzo.<\/strong><\/p>\n","protected":false},"excerpt":{"rendered":"<p>Distanziali ruota 30mm 6&#215;139.7 M12x1.5mm CB 93.1 con anello di centraggio per Ford Ranger<\/p>\n","protected":false},"featured_media":36839,"comment_status":"open","ping_status":"closed","template":"","meta":[],"product_brand":[1279],"product_cat":[4611],"product_tag":[4008,4009,4010,3770,3674,3977,4011],"class_list":{"0":"post-42851","1":"product","2":"type-product","3":"status-publish","4":"has-post-thumbnail","6":"product_brand-ofm4x4","7":"product_cat-distanziali-per-ruote","8":"product_tag-30mm-it","9":"product_tag-6x139-7-it","10":"product_tag-cb-93-1-it","11":"product_tag-centering-ring-it","12":"product_tag-distanziali-per-ruote","13":"product_tag-ford-ranger-it","14":"product_tag-m12x1-5mm-it","15":"product_shipping_class-produse-usoare-set-it","17":"first","18":"instock","19":"taxable","20":"shipping-taxable","21":"purchasable","22":"product-type-simple"},"_links":{"self":[{"href":"https:\/\/ofm4x4.com\/it\/wp-json\/wp\/v2\/product\/42851","targetHints":{"allow":["GET"]}}],"collection":[{"href":"https:\/\/ofm4x4.com\/it\/wp-json\/wp\/v2\/product"}],"about":[{"href":"https:\/\/ofm4x4.com\/it\/wp-json\/wp\/v2\/types\/product"}],"replies":[{"embeddable":true,"href":"https:\/\/ofm4x4.com\/it\/wp-json\/wp\/v2\/comments?post=42851"}],"version-history":[{"count":1,"href":"https:\/\/ofm4x4.com\/it\/wp-json\/wp\/v2\/product\/42851\/revisions"}],"predecessor-version":[{"id":42852,"href":"https:\/\/ofm4x4.com\/it\/wp-json\/wp\/v2\/product\/42851\/revisions\/42852"}],"wp:featuredmedia":[{"embeddable":true,"href":"https:\/\/ofm4x4.com\/it\/wp-json\/wp\/v2\/media\/36839"}],"wp:attachment":[{"href":"https:\/\/ofm4x4.com\/it\/wp-json\/wp\/v2\/media?parent=42851"}],"wp:term":[{"taxonomy":"product_brand","embeddable":true,"href":"https:\/\/ofm4x4.com\/it\/wp-json\/wp\/v2\/product_brand?post=42851"},{"taxonomy":"product_cat","embeddable":true,"href":"https:\/\/ofm4x4.com\/it\/wp-json\/wp\/v2\/product_cat?post=42851"},{"taxonomy":"product_tag","embeddable":true,"href":"https:\/\/ofm4x4.com\/it\/wp-json\/wp\/v2\/product_tag?post=42851"}],"curies":[{"name":"wp","href":"https:\/\/api.w.org\/{rel}","templated":true}]}}