{"id":43091,"date":"2020-04-22T05:40:27","date_gmt":"2020-04-22T05:40:27","guid":{"rendered":"https:\/\/ofm4x4.com\/shop\/senza-categoria\/ofm101-distanziali-ruota-flange-30mm-5x139-7-m12x1-5mm-per-daihatsu-rocky-feroza-kia-sportage-i-sorento-i\/"},"modified":"2025-10-06T07:37:40","modified_gmt":"2025-10-06T07:37:40","slug":"ofm101-distanziali-ruota-flange-30mm-5x139-7-m12x1-5mm-per-daihatsu-rocky-feroza-kia-sportage-i-sorento-i","status":"publish","type":"product","link":"https:\/\/ofm4x4.com\/it\/shop\/distanziali-per-ruote\/ofm101-distanziali-ruota-flange-30mm-5x139-7-m12x1-5mm-per-daihatsu-rocky-feroza-kia-sportage-i-sorento-i\/","title":{"rendered":"OFM101 Distanziali ruota Flange 30mm 5&#215;139.7 M12x1.5mm per Daihatsu Rocky, Feroza, Kia Sportage I, Sorento I"},"content":{"rendered":"<p data-start=\"0\" data-end=\"209\">Le flange distanziali per ruote sono realizzate in duralluminio speciale e soddisfano i necessari requisiti di qualit\u00e0 e sicurezza. Migliorano la stabilit\u00e0 del veicolo dopo il sollevamento installando una sospensione e ruote pi\u00f9 grandi. <\/p>\n<ul>\n<li data-start=\"211\" data-end=\"337\">Anello di centratura: No<\/li>\n<li data-start=\"211\" data-end=\"337\">Spessore: 30 mm<\/li>\n<li data-start=\"211\" data-end=\"337\">Montaggio: M12 x 1,5<\/li>\n<li data-start=\"211\" data-end=\"337\">PCD: 5 x 139,7<\/li>\n<li data-start=\"211\" data-end=\"337\">Materiale: Alluminio<\/li>\n<li data-start=\"211\" data-end=\"337\">CB: 108.1<\/li>\n<li data-start=\"211\" data-end=\"337\">Modello: OFM101<\/li>\n<\/ul>\n<p data-start=\"339\" data-end=\"373\">Il prezzo \u00e8 per un singolo pezzo!<\/p>\n<p data-start=\"375\" data-end=\"496\">Diametro interno: 108,1 mm<br data-start=\"399\" data-end=\"402\">Diametro esterno: 139,7 mm<br data-start=\"426\" data-end=\"429\">Lunghezza del bullone: 40 mm<br data-start=\"447\" data-end=\"450\">Spessore della flangia: 30 mm<br data-start=\"473\" data-end=\"476\" data-is-only-node=\"\">Passo del bullone: 1,5 mm<\/p>\n<p data-start=\"498\" data-end=\"544\">Compatibile con: Daihatsu Rocky, Feroza, Kia<\/p>\n<p data-start=\"546\" data-end=\"647\" data-is-last-node=\"\" data-is-only-node=\"\">Sportage I (CB: 100) &#8211; richiede un anello di centraggio<br data-start=\"594\" data-end=\"597\">Sorento I (CB: 95.3) &#8211; richiede un anello di centraggio<\/p>\n","protected":false},"excerpt":{"rendered":"<p>Distanziali ruota 30mm 5&#215;139.7 M12x1.5mm per Daihatsu Rocky, Feroza, Kia Sportage I, Sorento I<\/p>\n","protected":false},"featured_media":27838,"comment_status":"open","ping_status":"closed","template":"","meta":[],"product_brand":[1279],"product_cat":[4611],"product_tag":[4008,3677,4563,3674,4564,4565,4011,4566],"class_list":{"0":"post-43091","1":"product","2":"type-product","3":"status-publish","4":"has-post-thumbnail","6":"product_brand-ofm4x4","7":"product_cat-distanziali-per-ruote","8":"product_tag-30mm-it","9":"product_tag-5x139-7-it","10":"product_tag-daihatsu-rocky-it","11":"product_tag-distanziali-per-ruote","12":"product_tag-feroza-it","13":"product_tag-kia-sportage-i-it","14":"product_tag-m12x1-5mm-it","15":"product_tag-sorento-i-it","16":"product_shipping_class-produse-usoare-set-it","18":"first","19":"instock","20":"taxable","21":"shipping-taxable","22":"purchasable","23":"product-type-simple"},"_links":{"self":[{"href":"https:\/\/ofm4x4.com\/it\/wp-json\/wp\/v2\/product\/43091","targetHints":{"allow":["GET"]}}],"collection":[{"href":"https:\/\/ofm4x4.com\/it\/wp-json\/wp\/v2\/product"}],"about":[{"href":"https:\/\/ofm4x4.com\/it\/wp-json\/wp\/v2\/types\/product"}],"replies":[{"embeddable":true,"href":"https:\/\/ofm4x4.com\/it\/wp-json\/wp\/v2\/comments?post=43091"}],"version-history":[{"count":1,"href":"https:\/\/ofm4x4.com\/it\/wp-json\/wp\/v2\/product\/43091\/revisions"}],"predecessor-version":[{"id":43093,"href":"https:\/\/ofm4x4.com\/it\/wp-json\/wp\/v2\/product\/43091\/revisions\/43093"}],"wp:featuredmedia":[{"embeddable":true,"href":"https:\/\/ofm4x4.com\/it\/wp-json\/wp\/v2\/media\/27838"}],"wp:attachment":[{"href":"https:\/\/ofm4x4.com\/it\/wp-json\/wp\/v2\/media?parent=43091"}],"wp:term":[{"taxonomy":"product_brand","embeddable":true,"href":"https:\/\/ofm4x4.com\/it\/wp-json\/wp\/v2\/product_brand?post=43091"},{"taxonomy":"product_cat","embeddable":true,"href":"https:\/\/ofm4x4.com\/it\/wp-json\/wp\/v2\/product_cat?post=43091"},{"taxonomy":"product_tag","embeddable":true,"href":"https:\/\/ofm4x4.com\/it\/wp-json\/wp\/v2\/product_tag?post=43091"}],"curies":[{"name":"wp","href":"https:\/\/api.w.org\/{rel}","templated":true}]}}