{"id":43095,"date":"2024-05-16T07:18:10","date_gmt":"2024-05-16T07:18:10","guid":{"rendered":"https:\/\/ofm4x4.com\/shop\/senza-categoria\/ofm119-flange-distanziali-ruota-30mm-5x114-3-m12x1-5mm-cb-66-1-con-anello-di-centraggio-per-dacia-duster\/"},"modified":"2025-09-24T09:58:14","modified_gmt":"2025-09-24T09:58:14","slug":"ofm119-flange-distanziali-ruota-30mm-5x114-3-m12x1-5mm-cb-66-1-con-anello-di-centraggio-per-dacia-duster","status":"publish","type":"product","link":"https:\/\/ofm4x4.com\/it\/shop\/distanziali-per-ruote\/ofm119-flange-distanziali-ruota-30mm-5x114-3-m12x1-5mm-cb-66-1-con-anello-di-centraggio-per-dacia-duster\/","title":{"rendered":"OFM119 Flange distanziali ruota 30mm 5&#215;114.3 M12x1.5mm CB 66.1 con anello di centraggio per Dacia Duster"},"content":{"rendered":"<p data-start=\"0\" data-end=\"207\">I distanziali per ruote sono realizzati in duralluminio speciale e soddisfano i necessari requisiti di qualit\u00e0 e sicurezza. Migliorano la stabilit\u00e0 del veicolo dopo il sollevamento con l&#8217;installazione di una sospensione e di ruote pi\u00f9 grandi. <\/p>\n<ul data-start=\"209\" data-end=\"404\">\n<li data-start=\"209\" data-end=\"236\"><strong data-start=\"211\" data-end=\"230\">Anello di centratura:<\/strong> S\u00ec<\/li>\n<li data-start=\"237\" data-end=\"260\"><strong data-start=\"239\" data-end=\"253\">Spessore:<\/strong> 30 mm<\/li>\n<li data-start=\"261\" data-end=\"290\"><strong data-start=\"263\" data-end=\"280\">Schema dei bulloni:<\/strong> 5&#215;114.3<\/li>\n<li data-start=\"291\" data-end=\"321\"><strong data-start=\"293\" data-end=\"309\">Dimensione della filettatura:<\/strong> M12 x 1,5<\/li>\n<li data-start=\"322\" data-end=\"348\"><strong data-start=\"324\" data-end=\"337\">Materiale:<\/strong> Alluminio<\/li>\n<li data-start=\"349\" data-end=\"381\"><strong data-start=\"351\" data-end=\"372\">Alesaggio centrale (CB):<\/strong> 66,1 mm<\/li>\n<li data-start=\"382\" data-end=\"404\"><strong data-start=\"384\" data-end=\"394\">Modello:<\/strong> OFM 119<\/li>\n<\/ul>\n<p data-start=\"406\" data-end=\"426\" data-is-last-node=\"\" data-is-only-node=\"\"><strong data-start=\"406\" data-end=\"426\" data-is-last-node=\"\">Prezzo per pezzo.<\/strong><\/p>\n","protected":false},"excerpt":{"rendered":"<p>Distanziali ruota 30mm 5&#215;114.3 M12x1.5mm CB 66.1 con anello di centraggio<\/p>\n","protected":false},"featured_media":35894,"comment_status":"open","ping_status":"closed","template":"","meta":[],"product_brand":[1279],"product_cat":[4611],"product_tag":[4008,4195,4075,3770,4976,4975,4011,4974],"class_list":{"0":"post-43095","1":"product","2":"type-product","3":"status-publish","4":"has-post-thumbnail","6":"product_brand-ofm4x4","7":"product_cat-distanziali-per-ruote","8":"product_tag-30mm-it","9":"product_tag-5x114-3-it","10":"product_tag-cb-66-1-it","11":"product_tag-centering-ring-it","12":"product_tag-dacia-duster","13":"product_tag-flange-distanziali-per-ruote","14":"product_tag-m12x1-5mm-it","15":"product_tag-ofm119","16":"product_shipping_class-produse-usoare-set-it","18":"first","19":"instock","20":"taxable","21":"shipping-taxable","22":"purchasable","23":"product-type-simple"},"_links":{"self":[{"href":"https:\/\/ofm4x4.com\/it\/wp-json\/wp\/v2\/product\/43095","targetHints":{"allow":["GET"]}}],"collection":[{"href":"https:\/\/ofm4x4.com\/it\/wp-json\/wp\/v2\/product"}],"about":[{"href":"https:\/\/ofm4x4.com\/it\/wp-json\/wp\/v2\/types\/product"}],"replies":[{"embeddable":true,"href":"https:\/\/ofm4x4.com\/it\/wp-json\/wp\/v2\/comments?post=43095"}],"version-history":[{"count":1,"href":"https:\/\/ofm4x4.com\/it\/wp-json\/wp\/v2\/product\/43095\/revisions"}],"predecessor-version":[{"id":43102,"href":"https:\/\/ofm4x4.com\/it\/wp-json\/wp\/v2\/product\/43095\/revisions\/43102"}],"wp:featuredmedia":[{"embeddable":true,"href":"https:\/\/ofm4x4.com\/it\/wp-json\/wp\/v2\/media\/35894"}],"wp:attachment":[{"href":"https:\/\/ofm4x4.com\/it\/wp-json\/wp\/v2\/media?parent=43095"}],"wp:term":[{"taxonomy":"product_brand","embeddable":true,"href":"https:\/\/ofm4x4.com\/it\/wp-json\/wp\/v2\/product_brand?post=43095"},{"taxonomy":"product_cat","embeddable":true,"href":"https:\/\/ofm4x4.com\/it\/wp-json\/wp\/v2\/product_cat?post=43095"},{"taxonomy":"product_tag","embeddable":true,"href":"https:\/\/ofm4x4.com\/it\/wp-json\/wp\/v2\/product_tag?post=43095"}],"curies":[{"name":"wp","href":"https:\/\/api.w.org\/{rel}","templated":true}]}}